{"id":4712,"date":"2020-10-21T21:07:29","date_gmt":"2020-10-21T19:07:29","guid":{"rendered":"https:\/\/togeth-her.com\/?page_id=4712"},"modified":"2020-10-24T06:03:25","modified_gmt":"2020-10-24T04:03:25","slug":"a-propos","status":"publish","type":"page","link":"https:\/\/togeth-her.com\/en\/a-propos\/","title":{"rendered":"\u00c0 propos"},"content":{"rendered":"<div data-elementor-type=\"wp-page\" data-elementor-id=\"4712\" class=\"elementor elementor-4712\">\n\t\t\t\t\t\t<div class=\"elementor-inner\">\n\t\t\t\t<div class=\"elementor-section-wrap\">\n\t\t\t\t\t\t\t        <section class=\"elementor-section elementor-top-section elementor-element elementor-element-653e148 elementor-section-boxed elementor-section-height-default elementor-section-height-default\" data-id=\"653e148\" data-element_type=\"section\">\n            \n                        <div class=\"elementor-container elementor-column-gap-default\">\n                            <div class=\"elementor-row\">\n                    <div class=\"elementor-column elementor-col-100 elementor-top-column elementor-element elementor-element-23aba0c\" data-id=\"23aba0c\" data-element_type=\"column\">\n            <div class=\"elementor-column-wrap elementor-element-populated\">\n                            <div class=\"elementor-widget-wrap\">\n                \t\t<div class=\"elementor-element elementor-element-7fae28f elementor-widget elementor-widget-text-editor\" data-id=\"7fae28f\" data-element_type=\"widget\" data-widget_type=\"text-editor.default\">\n\t\t\t\t<div class=\"elementor-widget-container\">\n\t\t\t\t\t\t\t\t<div class=\"elementor-text-editor elementor-clearfix\">\n\t\t\t\t<p>Concept original cr\u00e9\u00e9 par David-Herv\u00e9 Boutin, fondateur de l\u2019agence BB+, Artistes \u00e0 la Une a pour ambition de r\u00e9unir des artistes contemporains de premier rang qui s\u2019approprient la Une d\u2019un magazine ou d\u2019un journal afin de d\u00e9fendre une cause.<\/p><p>En 2016, David-Herv\u00e9 Boutin s\u2019engageait avec Lib\u00e9ration, pour la libert\u00e9 de la presse et d\u2019expression, aux c\u00f4t\u00e9s de Reporters Sans Fronti\u00e8res.<\/p><p>En 2019, il s\u2019engageait avec Vogue Paris, pour la libert\u00e9 des femmes, aux c\u00f4t\u00e9s d\u2019ONU Femmes.<\/p><p>En 2020, il s\u2019engage avec Madame Figaro, pour soutenir le combat de femmes qui font bouger le monde.<\/p><p>L\u2019op\u00e9ration a mobilis\u00e9 de nombreux artistes de Joana Vasconcelos \u00e0 Ernest Pignon-Ernest en passant par Subodh Gupta, Sylvie Fleury, Grayson Perry, Invader, Lee Bae, G\u00e9rard Fromanger, Ida Tursic, Jean-Michel Othoniel, Hom Nguyen, Eva Jospin, Fabrice Hybert, Claude Viallat, Claire Tabouret, Bernar Venet\u2026<\/p>\t\t\t\t\t<\/div>\n\t\t\t\t\t\t<\/div>\n\t\t\t\t<\/div>\n\t\t                <\/div>\n                    <\/div>\n        <\/div>\n                                <\/div>\n                    <\/div>\n        <\/section>\n        \t\t\t\t\t\t\t<\/div>\n\t\t\t<\/div>\n\t\t\t\t\t<\/div>","protected":false},"excerpt":{"rendered":"<p>Concept original cr\u00e9\u00e9 par David-Herv\u00e9 Boutin, fondateur de l\u2019agence BB+, Artistes \u00e0 la Une a pour ambition de r\u00e9unir des artistes contemporains de premier rang qui s\u2019approprient la Une d\u2019un magazine ou d\u2019un journal afin de d\u00e9fendre une cause. En 2016, David-Herv\u00e9 Boutin s\u2019engageait avec Lib\u00e9ration, pour la libert\u00e9 de la presse et d\u2019expression, aux [&hellip;]<\/p>","protected":false},"author":2,"featured_media":0,"parent":0,"menu_order":0,"comment_status":"closed","ping_status":"closed","template":"","meta":[],"yoast_head":"<!-- This site is optimized with the Yoast SEO plugin v19.4 - https:\/\/yoast.com\/wordpress\/plugins\/seo\/ -->\n<title>\u00c0 propos - Artistes \u00e0 la Une, Togeth&#039;Her<\/title>\n<meta name=\"robots\" content=\"index, follow, max-snippet:-1, max-image-preview:large, max-video-preview:-1\" \/>\n<link rel=\"canonical\" href=\"https:\/\/togeth-her.com\/en\/a-propos\/\" \/>\n<meta property=\"og:locale\" content=\"en_US\" \/>\n<meta property=\"og:type\" content=\"article\" \/>\n<meta property=\"og:title\" content=\"\u00c0 propos - Artistes \u00e0 la Une, Togeth&#039;Her\" \/>\n<meta property=\"og:description\" content=\"Concept original cr\u00e9\u00e9 par David-Herv\u00e9 Boutin, fondateur de l\u2019agence BB+, Artistes \u00e0 la Une a pour ambition de r\u00e9unir des artistes contemporains de premier rang qui s\u2019approprient la Une d\u2019un magazine ou d\u2019un journal afin de d\u00e9fendre une cause. En 2016, David-Herv\u00e9 Boutin s\u2019engageait avec Lib\u00e9ration, pour la libert\u00e9 de la presse et d\u2019expression, aux [&hellip;]\" \/>\n<meta property=\"og:url\" content=\"https:\/\/togeth-her.com\/en\/a-propos\/\" \/>\n<meta property=\"og:site_name\" content=\"Artistes \u00e0 la Une, Togeth&#039;Her\" \/>\n<meta property=\"article:modified_time\" content=\"2020-10-24T04:03:25+00:00\" \/>\n<meta name=\"twitter:card\" content=\"summary_large_image\" \/>\n<meta name=\"twitter:label1\" content=\"Est. reading time\" \/>\n\t<meta name=\"twitter:data1\" content=\"1 minute\" \/>\n<script type=\"application\/ld+json\" class=\"yoast-schema-graph\">{\"@context\":\"https:\/\/schema.org\",\"@graph\":[{\"@type\":\"WebSite\",\"@id\":\"https:\/\/togeth-her.com\/#website\",\"url\":\"https:\/\/togeth-her.com\/\",\"name\":\"Artistes \u00e0 la Une, Togeth&#039;Her\",\"description\":\"Ensemble pour la libert\u00e9 et l&#039;\u00e9mancipation des femmes\",\"potentialAction\":[{\"@type\":\"SearchAction\",\"target\":{\"@type\":\"EntryPoint\",\"urlTemplate\":\"https:\/\/togeth-her.com\/?s={search_term_string}\"},\"query-input\":\"required name=search_term_string\"}],\"inLanguage\":\"en-US\"},{\"@type\":\"WebPage\",\"@id\":\"https:\/\/togeth-her.com\/a-propos\/\",\"url\":\"https:\/\/togeth-her.com\/a-propos\/\",\"name\":\"\u00c0 propos - Artistes \u00e0 la Une, Togeth&#039;Her\",\"isPartOf\":{\"@id\":\"https:\/\/togeth-her.com\/#website\"},\"datePublished\":\"2020-10-21T19:07:29+00:00\",\"dateModified\":\"2020-10-24T04:03:25+00:00\",\"breadcrumb\":{\"@id\":\"https:\/\/togeth-her.com\/a-propos\/#breadcrumb\"},\"inLanguage\":\"en-US\",\"potentialAction\":[{\"@type\":\"ReadAction\",\"target\":[\"https:\/\/togeth-her.com\/a-propos\/\"]}]},{\"@type\":\"BreadcrumbList\",\"@id\":\"https:\/\/togeth-her.com\/a-propos\/#breadcrumb\",\"itemListElement\":[{\"@type\":\"ListItem\",\"position\":1,\"name\":\"Accueil\",\"item\":\"https:\/\/togeth-her.com\/\"},{\"@type\":\"ListItem\",\"position\":2,\"name\":\"\u00c0 propos\"}]}]}<\/script>\n<!-- \/ Yoast SEO plugin. -->","yoast_head_json":{"title":"\u00c0 propos - Artistes \u00e0 la Une, Togeth&#039;Her","robots":{"index":"index","follow":"follow","max-snippet":"max-snippet:-1","max-image-preview":"max-image-preview:large","max-video-preview":"max-video-preview:-1"},"canonical":"https:\/\/togeth-her.com\/en\/a-propos\/","og_locale":"en_US","og_type":"article","og_title":"\u00c0 propos - Artistes \u00e0 la Une, Togeth&#039;Her","og_description":"Concept original cr\u00e9\u00e9 par David-Herv\u00e9 Boutin, fondateur de l\u2019agence BB+, Artistes \u00e0 la Une a pour ambition de r\u00e9unir des artistes contemporains de premier rang qui s\u2019approprient la Une d\u2019un magazine ou d\u2019un journal afin de d\u00e9fendre une cause. En 2016, David-Herv\u00e9 Boutin s\u2019engageait avec Lib\u00e9ration, pour la libert\u00e9 de la presse et d\u2019expression, aux [&hellip;]","og_url":"https:\/\/togeth-her.com\/en\/a-propos\/","og_site_name":"Artistes \u00e0 la Une, Togeth&#039;Her","article_modified_time":"2020-10-24T04:03:25+00:00","twitter_card":"summary_large_image","twitter_misc":{"Est. reading time":"1 minute"},"schema":{"@context":"https:\/\/schema.org","@graph":[{"@type":"WebSite","@id":"https:\/\/togeth-her.com\/#website","url":"https:\/\/togeth-her.com\/","name":"Artistes \u00e0 la Une, Togeth&#039;Her","description":"Ensemble pour la libert\u00e9 et l&#039;\u00e9mancipation des femmes","potentialAction":[{"@type":"SearchAction","target":{"@type":"EntryPoint","urlTemplate":"https:\/\/togeth-her.com\/?s={search_term_string}"},"query-input":"required name=search_term_string"}],"inLanguage":"en-US"},{"@type":"WebPage","@id":"https:\/\/togeth-her.com\/a-propos\/","url":"https:\/\/togeth-her.com\/a-propos\/","name":"\u00c0 propos - Artistes \u00e0 la Une, Togeth&#039;Her","isPartOf":{"@id":"https:\/\/togeth-her.com\/#website"},"datePublished":"2020-10-21T19:07:29+00:00","dateModified":"2020-10-24T04:03:25+00:00","breadcrumb":{"@id":"https:\/\/togeth-her.com\/a-propos\/#breadcrumb"},"inLanguage":"en-US","potentialAction":[{"@type":"ReadAction","target":["https:\/\/togeth-her.com\/a-propos\/"]}]},{"@type":"BreadcrumbList","@id":"https:\/\/togeth-her.com\/a-propos\/#breadcrumb","itemListElement":[{"@type":"ListItem","position":1,"name":"Accueil","item":"https:\/\/togeth-her.com\/"},{"@type":"ListItem","position":2,"name":"\u00c0 propos"}]}]}},"_links":{"self":[{"href":"https:\/\/togeth-her.com\/en\/wp-json\/wp\/v2\/pages\/4712"}],"collection":[{"href":"https:\/\/togeth-her.com\/en\/wp-json\/wp\/v2\/pages"}],"about":[{"href":"https:\/\/togeth-her.com\/en\/wp-json\/wp\/v2\/types\/page"}],"author":[{"embeddable":true,"href":"https:\/\/togeth-her.com\/en\/wp-json\/wp\/v2\/users\/2"}],"replies":[{"embeddable":true,"href":"https:\/\/togeth-her.com\/en\/wp-json\/wp\/v2\/comments?post=4712"}],"version-history":[{"count":12,"href":"https:\/\/togeth-her.com\/en\/wp-json\/wp\/v2\/pages\/4712\/revisions"}],"predecessor-version":[{"id":5553,"href":"https:\/\/togeth-her.com\/en\/wp-json\/wp\/v2\/pages\/4712\/revisions\/5553"}],"wp:attachment":[{"href":"https:\/\/togeth-her.com\/en\/wp-json\/wp\/v2\/media?parent=4712"}],"curies":[{"name":"wp","href":"https:\/\/api.w.org\/{rel}","templated":true}]}}