{"id":4716,"date":"2020-10-21T14:51:49","date_gmt":"2020-10-21T12:51:49","guid":{"rendered":"https:\/\/togeth-her.com\/?page_id=4716"},"modified":"2021-06-01T12:24:38","modified_gmt":"2021-06-01T10:24:38","slug":"exposition","status":"publish","type":"page","link":"https:\/\/togeth-her.com\/en\/exposition\/","title":{"rendered":"The Exhibition"},"content":{"rendered":"<div data-elementor-type=\"wp-page\" data-elementor-id=\"4716\" class=\"elementor elementor-4716\">\n\t\t\t\t\t\t<div class=\"elementor-inner\">\n\t\t\t\t<div class=\"elementor-section-wrap\">\n\t\t\t\t\t\t\t        <section class=\"elementor-section elementor-top-section elementor-element elementor-element-d61a312 elementor-section-boxed elementor-section-height-default elementor-section-height-default\" data-id=\"d61a312\" data-element_type=\"section\">\n            \n                        <div class=\"elementor-container elementor-column-gap-default\">\n                            <div class=\"elementor-row\">\n                    <div class=\"elementor-column elementor-col-100 elementor-top-column elementor-element elementor-element-8db8a5e\" data-id=\"8db8a5e\" data-element_type=\"column\">\n            <div class=\"elementor-column-wrap elementor-element-populated\">\n                            <div class=\"elementor-widget-wrap\">\n                \t\t<div class=\"elementor-element elementor-element-3faa1df elementor-widget elementor-widget-heading\" data-id=\"3faa1df\" data-element_type=\"widget\" data-widget_type=\"heading.default\">\n\t\t\t\t<div class=\"elementor-widget-container\">\n\t\t\t<h1 class=\"elementor-heading-title elementor-size-medium\"><i>Artistes \u00e0 la Une, Togeth'Her <br><\/i>Exposition du 4 juin au 4 juillet 2021<\/h1>\t\t<\/div>\n\t\t\t\t<\/div>\n\t\t                <\/div>\n                    <\/div>\n        <\/div>\n                                <\/div>\n                    <\/div>\n        <\/section>\n                <section class=\"elementor-section elementor-top-section elementor-element elementor-element-988fa86 elementor-section-boxed elementor-section-height-default elementor-section-height-default\" data-id=\"988fa86\" data-element_type=\"section\">\n            \n                        <div class=\"elementor-container elementor-column-gap-default\">\n                            <div class=\"elementor-row\">\n                    <div class=\"elementor-column elementor-col-100 elementor-top-column elementor-element elementor-element-5de2725\" data-id=\"5de2725\" data-element_type=\"column\">\n            <div class=\"elementor-column-wrap elementor-element-populated\">\n                            <div class=\"elementor-widget-wrap\">\n                \t\t<div class=\"elementor-element elementor-element-faa94be elementor-widget elementor-widget-text-editor\" data-id=\"faa94be\" data-element_type=\"widget\" data-widget_type=\"text-editor.default\">\n\t\t\t\t<div class=\"elementor-widget-container\">\n\t\t\t\t\t\t\t\t<div class=\"elementor-text-editor elementor-clearfix\">\n\t\t\t\t<p>This artistic project, part of the celebration of Madame Figaro's 40th birthday, aims to showcase women who are resolutely committed to causes or who, in their daily lives, move the world in all sectors (artistic, associative, political, scientific, sports, etc.).<\/p><p>In 2020, 26 artists will create portraits of 26 exceptional women. Once completed, these works (format 67.5\u00d752.5 cm, vellum paper) will be framed and placed under a glass (engraved with the logo of Madame Figaro) thus recalling in a homothetic format the iconic front page of the famous magazine created in 1980.<\/p><p>L\u2019exposition de ces 26 \u0153uvres originales se tiendra dans le cadre extraordinaire de la Monnaie de Paris du 4 juin au 4 juillet 2021. Situ\u00e9e sur les quais entre le mus\u00e9e du Louvre et l\u2019\u00c9cole des Beaux Arts de Paris, l\u2019institution a accueilli depuis sa r\u00e9ouverture des centaines de milliers de visiteurs et les plus grandes r\u00e9trospectives de Maurizio Cattelan \u00e0 Kiki Smith, de Paul McCarthy \u00e0 Subodh Gupta, de Grayson Perry \u00e0 Louise Bourgeois.<\/p><p>A catalog of the exhibition with photos of the works, interviews with the artists and the women portrayed, as well as a presentation of the cause defended, will be published by Madame Figaro as an elegant special edition. More than 100,000 copies will be printed and sent to each Paris Region subscriber and distributed to all the newsstands in the same area.<\/p><p>This exhibition will be powerfully relayed in the streets of Paris, in the metro and in Parisian train stations via the media facilities made available by the partners, as in 2019, and will have national and international media coverage (press, social networks, sites, etc.).<\/p><p>At the end of the exhibition, an auction sale of the works will be organized by the famous auction house Artcurial, on the occasion of a <a href=\"https:\/\/www.artcurial.com\/fr\/actualite\/artcurial-soutient-artistes-la-une-togethher-2020\">online auction<\/a> qui aura lieu du 30 juin au 6 juillet 2021. Les b\u00e9n\u00e9fices de cette vente seront revers\u00e9s aux causes caritatives soutenues par les femmes d\u2019exception.<\/p>\t\t\t\t\t<\/div>\n\t\t\t\t\t\t<\/div>\n\t\t\t\t<\/div>\n\t\t                <\/div>\n                    <\/div>\n        <\/div>\n                                <\/div>\n                    <\/div>\n        <\/section>\n                <section class=\"elementor-section elementor-top-section elementor-element elementor-element-7f0e7f4 elementor-section-boxed elementor-section-height-default elementor-section-height-default\" data-id=\"7f0e7f4\" data-element_type=\"section\">\n            \n                        <div class=\"elementor-container elementor-column-gap-default\">\n                            <div class=\"elementor-row\">\n                    <div class=\"elementor-column elementor-col-33 elementor-top-column elementor-element elementor-element-82bdb69\" data-id=\"82bdb69\" data-element_type=\"column\">\n            <div class=\"elementor-column-wrap elementor-element-populated\">\n                            <div class=\"elementor-widget-wrap\">\n                \t\t<div class=\"elementor-element elementor-element-de1d89f elementor-widget elementor-widget-heading\" data-id=\"de1d89f\" data-element_type=\"widget\" data-widget_type=\"heading.default\">\n\t\t\t\t<div class=\"elementor-widget-container\">\n\t\t\t<h3 class=\"elementor-heading-title elementor-size-medium\">PRACTICAL INFORMATION<\/h3>\t\t<\/div>\n\t\t\t\t<\/div>\n\t\t\t\t<div class=\"elementor-element elementor-element-c3504ae elementor-widget elementor-widget-text-editor\" data-id=\"c3504ae\" data-element_type=\"widget\" data-widget_type=\"text-editor.default\">\n\t\t\t\t<div class=\"elementor-widget-container\">\n\t\t\t\t\t\t\t\t<div class=\"elementor-text-editor elementor-clearfix\">\n\t\t\t\t<p>Monnaie de Paris<\/p><p>11, quai de Conti, 75006 PARIS<\/p><p><a href=\"https:\/\/www.monnaiedeparis.fr\/fr\/11-conti\/informations-pratiques\" target=\"_blank\" rel=\"noopener\">How to get there?<\/a><\/p>\t\t\t\t\t<\/div>\n\t\t\t\t\t\t<\/div>\n\t\t\t\t<\/div>\n\t\t                <\/div>\n                    <\/div>\n        <\/div>\n                <div class=\"elementor-column elementor-col-33 elementor-top-column elementor-element elementor-element-55c4e55\" data-id=\"55c4e55\" data-element_type=\"column\">\n            <div class=\"elementor-column-wrap elementor-element-populated\">\n                            <div class=\"elementor-widget-wrap\">\n                \t\t<div class=\"elementor-element elementor-element-9ead134 elementor-widget elementor-widget-heading\" data-id=\"9ead134\" data-element_type=\"widget\" data-widget_type=\"heading.default\">\n\t\t\t\t<div class=\"elementor-widget-container\">\n\t\t\t<h3 class=\"elementor-heading-title elementor-size-default\">DATES &amp; TIMES<\/h3>\t\t<\/div>\n\t\t\t\t<\/div>\n\t\t\t\t<div class=\"elementor-element elementor-element-833c432 elementor-widget elementor-widget-text-editor\" data-id=\"833c432\" data-element_type=\"widget\" data-widget_type=\"text-editor.default\">\n\t\t\t\t<div class=\"elementor-widget-container\">\n\t\t\t\t\t\t\t\t<div class=\"elementor-text-editor elementor-clearfix\">\n\t\t\t\t<p>Du 4 juin au 4 juillet 2021<\/p><p><span style=\"color: inherit; letter-spacing: 0px;\">Du mardi au dimanche de 11h \u00e0 18h<\/span><\/p><p><span style=\"color: inherit; letter-spacing: 0px;\">Nocture les mercredis jusqu&#8217;\u00e0 21h\u00a0<\/span><\/p>\t\t\t\t\t<\/div>\n\t\t\t\t\t\t<\/div>\n\t\t\t\t<\/div>\n\t\t                <\/div>\n                    <\/div>\n        <\/div>\n                <div class=\"elementor-column elementor-col-33 elementor-top-column elementor-element elementor-element-9ab512c\" data-id=\"9ab512c\" data-element_type=\"column\">\n            <div class=\"elementor-column-wrap elementor-element-populated\">\n                            <div class=\"elementor-widget-wrap\">\n                \t\t<div class=\"elementor-element elementor-element-5336835 elementor-widget elementor-widget-heading\" data-id=\"5336835\" data-element_type=\"widget\" data-widget_type=\"heading.default\">\n\t\t\t\t<div class=\"elementor-widget-container\">\n\t\t\t<h3 class=\"elementor-heading-title elementor-size-default\">ENTRY RATE<\/h3>\t\t<\/div>\n\t\t\t\t<\/div>\n\t\t\t\t<div class=\"elementor-element elementor-element-9043c44 elementor-widget elementor-widget-text-editor\" data-id=\"9043c44\" data-element_type=\"widget\" data-widget_type=\"text-editor.default\">\n\t\t\t\t<div class=\"elementor-widget-container\">\n\t\t\t\t\t\t\t\t<div class=\"elementor-text-editor elementor-clearfix\">\n\t\t\t\t<p>FREE<\/p>\t\t\t\t\t<\/div>\n\t\t\t\t\t\t<\/div>\n\t\t\t\t<\/div>\n\t\t                <\/div>\n                    <\/div>\n        <\/div>\n                                <\/div>\n                    <\/div>\n        <\/section>\n                <section class=\"elementor-section elementor-top-section elementor-element elementor-element-fbbdaa1 elementor-section-boxed elementor-section-height-default elementor-section-height-default\" data-id=\"fbbdaa1\" data-element_type=\"section\">\n            \n                        <div class=\"elementor-container elementor-column-gap-default\">\n                            <div class=\"elementor-row\">\n                    <div class=\"elementor-column elementor-col-100 elementor-top-column elementor-element elementor-element-9869ca7\" data-id=\"9869ca7\" data-element_type=\"column\">\n            <div class=\"elementor-column-wrap\">\n                            <div class=\"elementor-widget-wrap\">\n                                <\/div>\n                    <\/div>\n        <\/div>\n                                <\/div>\n                    <\/div>\n        <\/section>\n        \t\t\t\t\t\t\t<\/div>\n\t\t\t<\/div>\n\t\t\t\t\t<\/div>","protected":false},"excerpt":{"rendered":"<p>Artistes \u00e0 la Une, Togeth&#8217;Her Exposition du 4 juin au 4 juillet 2021 Ce projet artistique, inscrit dans le cadre de la c\u00e9l\u00e9bration des 40 ans du Madame Figaro, vise \u00e0 mettre en avant des femmes r\u00e9solument engag\u00e9es en faveur de causes ou qui, dans leur vie quotidienne, font bouger le monde dans tous les [&hellip;]<\/p>","protected":false},"author":2,"featured_media":0,"parent":0,"menu_order":0,"comment_status":"closed","ping_status":"closed","template":"","meta":[],"yoast_head":"<!-- This site is optimized with the Yoast SEO plugin v19.4 - https:\/\/yoast.com\/wordpress\/plugins\/seo\/ -->\n<title>L&#039;Exposition - Artistes \u00e0 la Une, Togeth&#039;Her<\/title>\n<meta name=\"robots\" content=\"index, follow, max-snippet:-1, max-image-preview:large, max-video-preview:-1\" \/>\n<link rel=\"canonical\" href=\"https:\/\/togeth-her.com\/en\/exposition\/\" \/>\n<meta property=\"og:locale\" content=\"en_US\" \/>\n<meta property=\"og:type\" content=\"article\" \/>\n<meta property=\"og:title\" content=\"L&#039;Exposition - Artistes \u00e0 la Une, Togeth&#039;Her\" \/>\n<meta property=\"og:description\" content=\"Artistes \u00e0 la Une, Togeth&#8217;Her Exposition du 4 juin au 4 juillet 2021 Ce projet artistique, inscrit dans le cadre de la c\u00e9l\u00e9bration des 40 ans du Madame Figaro, vise \u00e0 mettre en avant des femmes r\u00e9solument engag\u00e9es en faveur de causes ou qui, dans leur vie quotidienne, font bouger le monde dans tous les [&hellip;]\" \/>\n<meta property=\"og:url\" content=\"https:\/\/togeth-her.com\/en\/exposition\/\" \/>\n<meta property=\"og:site_name\" content=\"Artistes \u00e0 la Une, Togeth&#039;Her\" \/>\n<meta property=\"article:modified_time\" content=\"2021-06-01T10:24:38+00:00\" \/>\n<meta name=\"twitter:card\" content=\"summary_large_image\" \/>\n<meta name=\"twitter:label1\" content=\"Est. reading time\" \/>\n\t<meta name=\"twitter:data1\" content=\"2 minutes\" \/>\n<script type=\"application\/ld+json\" class=\"yoast-schema-graph\">{\"@context\":\"https:\/\/schema.org\",\"@graph\":[{\"@type\":\"WebSite\",\"@id\":\"https:\/\/togeth-her.com\/#website\",\"url\":\"https:\/\/togeth-her.com\/\",\"name\":\"Artistes \u00e0 la Une, Togeth&#039;Her\",\"description\":\"Ensemble pour la libert\u00e9 et l&#039;\u00e9mancipation des femmes\",\"potentialAction\":[{\"@type\":\"SearchAction\",\"target\":{\"@type\":\"EntryPoint\",\"urlTemplate\":\"https:\/\/togeth-her.com\/?s={search_term_string}\"},\"query-input\":\"required name=search_term_string\"}],\"inLanguage\":\"en-US\"},{\"@type\":\"WebPage\",\"@id\":\"https:\/\/togeth-her.com\/exposition\/\",\"url\":\"https:\/\/togeth-her.com\/exposition\/\",\"name\":\"L'Exposition - Artistes \u00e0 la Une, Togeth&#039;Her\",\"isPartOf\":{\"@id\":\"https:\/\/togeth-her.com\/#website\"},\"datePublished\":\"2020-10-21T12:51:49+00:00\",\"dateModified\":\"2021-06-01T10:24:38+00:00\",\"breadcrumb\":{\"@id\":\"https:\/\/togeth-her.com\/exposition\/#breadcrumb\"},\"inLanguage\":\"en-US\",\"potentialAction\":[{\"@type\":\"ReadAction\",\"target\":[\"https:\/\/togeth-her.com\/exposition\/\"]}]},{\"@type\":\"BreadcrumbList\",\"@id\":\"https:\/\/togeth-her.com\/exposition\/#breadcrumb\",\"itemListElement\":[{\"@type\":\"ListItem\",\"position\":1,\"name\":\"Accueil\",\"item\":\"https:\/\/togeth-her.com\/\"},{\"@type\":\"ListItem\",\"position\":2,\"name\":\"L&#8217;Exposition\"}]}]}<\/script>\n<!-- \/ Yoast SEO plugin. -->","yoast_head_json":{"title":"L'Exposition - Artistes \u00e0 la Une, Togeth&#039;Her","robots":{"index":"index","follow":"follow","max-snippet":"max-snippet:-1","max-image-preview":"max-image-preview:large","max-video-preview":"max-video-preview:-1"},"canonical":"https:\/\/togeth-her.com\/en\/exposition\/","og_locale":"en_US","og_type":"article","og_title":"L'Exposition - Artistes \u00e0 la Une, Togeth&#039;Her","og_description":"Artistes \u00e0 la Une, Togeth&#8217;Her Exposition du 4 juin au 4 juillet 2021 Ce projet artistique, inscrit dans le cadre de la c\u00e9l\u00e9bration des 40 ans du Madame Figaro, vise \u00e0 mettre en avant des femmes r\u00e9solument engag\u00e9es en faveur de causes ou qui, dans leur vie quotidienne, font bouger le monde dans tous les [&hellip;]","og_url":"https:\/\/togeth-her.com\/en\/exposition\/","og_site_name":"Artistes \u00e0 la Une, Togeth&#039;Her","article_modified_time":"2021-06-01T10:24:38+00:00","twitter_card":"summary_large_image","twitter_misc":{"Est. reading time":"2 minutes"},"schema":{"@context":"https:\/\/schema.org","@graph":[{"@type":"WebSite","@id":"https:\/\/togeth-her.com\/#website","url":"https:\/\/togeth-her.com\/","name":"Artistes \u00e0 la Une, Togeth&#039;Her","description":"Ensemble pour la libert\u00e9 et l&#039;\u00e9mancipation des femmes","potentialAction":[{"@type":"SearchAction","target":{"@type":"EntryPoint","urlTemplate":"https:\/\/togeth-her.com\/?s={search_term_string}"},"query-input":"required name=search_term_string"}],"inLanguage":"en-US"},{"@type":"WebPage","@id":"https:\/\/togeth-her.com\/exposition\/","url":"https:\/\/togeth-her.com\/exposition\/","name":"L'Exposition - Artistes \u00e0 la Une, Togeth&#039;Her","isPartOf":{"@id":"https:\/\/togeth-her.com\/#website"},"datePublished":"2020-10-21T12:51:49+00:00","dateModified":"2021-06-01T10:24:38+00:00","breadcrumb":{"@id":"https:\/\/togeth-her.com\/exposition\/#breadcrumb"},"inLanguage":"en-US","potentialAction":[{"@type":"ReadAction","target":["https:\/\/togeth-her.com\/exposition\/"]}]},{"@type":"BreadcrumbList","@id":"https:\/\/togeth-her.com\/exposition\/#breadcrumb","itemListElement":[{"@type":"ListItem","position":1,"name":"Accueil","item":"https:\/\/togeth-her.com\/"},{"@type":"ListItem","position":2,"name":"L&#8217;Exposition"}]}]}},"_links":{"self":[{"href":"https:\/\/togeth-her.com\/en\/wp-json\/wp\/v2\/pages\/4716"}],"collection":[{"href":"https:\/\/togeth-her.com\/en\/wp-json\/wp\/v2\/pages"}],"about":[{"href":"https:\/\/togeth-her.com\/en\/wp-json\/wp\/v2\/types\/page"}],"author":[{"embeddable":true,"href":"https:\/\/togeth-her.com\/en\/wp-json\/wp\/v2\/users\/2"}],"replies":[{"embeddable":true,"href":"https:\/\/togeth-her.com\/en\/wp-json\/wp\/v2\/comments?post=4716"}],"version-history":[{"count":75,"href":"https:\/\/togeth-her.com\/en\/wp-json\/wp\/v2\/pages\/4716\/revisions"}],"predecessor-version":[{"id":6862,"href":"https:\/\/togeth-her.com\/en\/wp-json\/wp\/v2\/pages\/4716\/revisions\/6862"}],"wp:attachment":[{"href":"https:\/\/togeth-her.com\/en\/wp-json\/wp\/v2\/media?parent=4716"}],"curies":[{"name":"wp","href":"https:\/\/api.w.org\/{rel}","templated":true}]}}