{"id":4728,"date":"2020-10-21T21:08:08","date_gmt":"2020-10-21T19:08:08","guid":{"rendered":"https:\/\/togeth-her.com\/?page_id=4728"},"modified":"2021-06-10T14:33:27","modified_gmt":"2021-06-10T12:33:27","slug":"presse","status":"publish","type":"page","link":"https:\/\/togeth-her.com\/en\/presse\/","title":{"rendered":"Press"},"content":{"rendered":"<div data-elementor-type=\"wp-page\" data-elementor-id=\"4728\" class=\"elementor elementor-4728\">\n\t\t\t\t\t\t<div class=\"elementor-inner\">\n\t\t\t\t<div class=\"elementor-section-wrap\">\n\t\t\t\t\t\t\t        <section class=\"elementor-section elementor-top-section elementor-element elementor-element-eae1079 elementor-section-boxed elementor-section-height-default elementor-section-height-default\" data-id=\"eae1079\" data-element_type=\"section\">\n            \n                        <div class=\"elementor-container elementor-column-gap-default\">\n                            <div class=\"elementor-row\">\n                    <div class=\"elementor-column elementor-col-50 elementor-top-column elementor-element elementor-element-504c6fe\" data-id=\"504c6fe\" data-element_type=\"column\">\n            <div class=\"elementor-column-wrap elementor-element-populated\">\n                            <div class=\"elementor-widget-wrap\">\n                \t\t<div class=\"elementor-element elementor-element-427fbea elementor-widget elementor-widget-text-editor\" data-id=\"427fbea\" data-element_type=\"widget\" data-widget_type=\"text-editor.default\">\n\t\t\t\t<div class=\"elementor-widget-container\">\n\t\t\t\t\t\t\t\t<div class=\"elementor-text-editor elementor-clearfix\">\n\t\t\t\t<p style=\"text-align: left;\"><strong>Press relations Monnaie de Paris :<\/strong><\/p><p>Jessica Thiaudi\u00e8re<\/p><p>01 40 46 58 50<\/p><p><a href=\"mailto:jessica.thiaudiere@monnaiedeparis.fr\" target=\"_blank\" rel=\"noopener\">jessica.thiaudiere@monnaiedeparis.fr<\/a><\/p><p>\u00a0<\/p><p><strong>Press contact :<\/strong><\/p><p><a href=\"mailto:contact@togeth-her.com\">contact@togeth-her.com<\/a><\/p>\t\t\t\t\t<\/div>\n\t\t\t\t\t\t<\/div>\n\t\t\t\t<\/div>\n\t\t                <\/div>\n                    <\/div>\n        <\/div>\n                <div class=\"elementor-column elementor-col-50 elementor-top-column elementor-element elementor-element-1c053fc\" data-id=\"1c053fc\" data-element_type=\"column\">\n            <div class=\"elementor-column-wrap elementor-element-populated\">\n                            <div class=\"elementor-widget-wrap\">\n                \t\t<div class=\"elementor-element elementor-element-e4095c2 elementor-invisible elementor-widget elementor-widget-image\" data-id=\"e4095c2\" data-element_type=\"widget\" data-settings=\"{&quot;_animation&quot;:&quot;fadeInRight&quot;}\" data-widget_type=\"image.default\">\n\t\t\t\t<div class=\"elementor-widget-container\">\n\t\t\t\t\t\t\t\t<div class=\"elementor-image\">\n\t\t\t\t\t\t\t\t\t\t\t\t\t<a href=\"https:\/\/togeth-her.com\/wp-content\/uploads\/2021\/06\/CP_ARTISTES-A-LA-UNE-x-MONNAIE-DE-PARIS.pdf\" target=\"_blank\">\n\t\t\t\t\t\t\t<img width=\"211\" height=\"300\" src=\"https:\/\/togeth-her.com\/wp-content\/uploads\/2021\/06\/Screen-Shot-2021-06-01-at-13.21.37-211x300.png\" class=\"elementor-animation-shrink attachment-medium size-medium wp-image-6883\" alt=\"\" srcset=\"https:\/\/togeth-her.com\/wp-content\/uploads\/2021\/06\/Screen-Shot-2021-06-01-at-13.21.37-211x300.png 211w, https:\/\/togeth-her.com\/wp-content\/uploads\/2021\/06\/Screen-Shot-2021-06-01-at-13.21.37-8x12.png 8w, https:\/\/togeth-her.com\/wp-content\/uploads\/2021\/06\/Screen-Shot-2021-06-01-at-13.21.37.png 393w\" sizes=\"(max-width: 211px) 100vw, 211px\" \/>\t\t\t\t\t\t\t\t<\/a>\n\t\t\t\t\t\t\t\t\t\t\t\t\t\t<\/div>\n\t\t\t\t\t\t<\/div>\n\t\t\t\t<\/div>\n\t\t\t\t<div class=\"elementor-element elementor-element-8f3bcb3 elementor-invisible elementor-widget elementor-widget-text-editor\" data-id=\"8f3bcb3\" data-element_type=\"widget\" data-settings=\"{&quot;_animation&quot;:&quot;fadeIn&quot;}\" data-widget_type=\"text-editor.default\">\n\t\t\t\t<div class=\"elementor-widget-container\">\n\t\t\t\t\t\t\t\t<div class=\"elementor-text-editor elementor-clearfix\">\n\t\t\t\t<p><a href=\"https:\/\/togeth-her.com\/wp-content\/uploads\/2021\/06\/CP_ARTISTES-A-LA-UNE-x-MONNAIE-DE-PARIS.pdf\" target=\"_blank\" rel=\"noopener\" data-wplink-edit=\"true\">T\u00e9l\u00e9chargez le communiqu\u00e9 de presse<\/a><\/p>\t\t\t\t\t<\/div>\n\t\t\t\t\t\t<\/div>\n\t\t\t\t<\/div>\n\t\t                <\/div>\n                    <\/div>\n        <\/div>\n                                <\/div>\n                    <\/div>\n        <\/section>\n                <section class=\"elementor-section elementor-top-section elementor-element elementor-element-6d95d21 elementor-section-boxed elementor-section-height-default elementor-section-height-default\" data-id=\"6d95d21\" data-element_type=\"section\">\n            \n                        <div class=\"elementor-container elementor-column-gap-default\">\n                            <div class=\"elementor-row\">\n                    <div class=\"elementor-column elementor-col-100 elementor-top-column elementor-element elementor-element-03ffb62\" data-id=\"03ffb62\" data-element_type=\"column\">\n            <div class=\"elementor-column-wrap elementor-element-populated\">\n                            <div class=\"elementor-widget-wrap\">\n                \t\t<div class=\"elementor-element elementor-element-8211d4f elementor-widget elementor-widget-heading\" data-id=\"8211d4f\" data-element_type=\"widget\" data-widget_type=\"heading.default\">\n\t\t\t\t<div class=\"elementor-widget-container\">\n\t\t\t<h2 class=\"elementor-heading-title elementor-size-default\">They talk about us :<\/h2>\t\t<\/div>\n\t\t\t\t<\/div>\n\t\t\t\t<div class=\"elementor-element elementor-element-e778479 elementor-widget elementor-widget-image\" data-id=\"e778479\" data-element_type=\"widget\" data-settings=\"{&quot;_animation&quot;:&quot;none&quot;}\" data-widget_type=\"image.default\">\n\t\t\t\t<div class=\"elementor-widget-container\">\n\t\t\t\t\t\t\t\t<div class=\"elementor-image\">\n\t\t\t\t\t\t\t\t\t\t\t\t\t<a href=\"https:\/\/madame.lefigaro.fr\/celebrites\/exposition-artistes-a-la-une-togethhermadame-figaro-tetes-daffich-221020-183133\" target=\"_blank\">\n\t\t\t\t\t\t\t<img width=\"300\" height=\"156\" src=\"https:\/\/togeth-her.com\/wp-content\/uploads\/2020\/10\/madame-figaro-logo-e1603474257660.jpg\" class=\"elementor-animation-shrink attachment-full size-full wp-image-5312\" alt=\"\" \/>\t\t\t\t\t\t\t\t<\/a>\n\t\t\t\t\t\t\t\t\t\t\t\t\t\t<\/div>\n\t\t\t\t\t\t<\/div>\n\t\t\t\t<\/div>\n\t\t\t\t<div class=\"elementor-element elementor-element-9827e0b elementor-widget elementor-widget-heading\" data-id=\"9827e0b\" data-element_type=\"widget\" data-widget_type=\"heading.default\">\n\t\t\t\t<div class=\"elementor-widget-container\">\n\t\t\t<h3 class=\"elementor-heading-title elementor-size-default\"><a href=\"https:\/\/madame.lefigaro.fr\/celebrites\/exposition-artistes-a-la-une-togethhermadame-figaro-tetes-daffich-221020-183133\">La Monnaie de Paris rend hommage aux plus grandes figures f\u00e9minines embl\u00e9matiques<\/a><\/h3>\t\t<\/div>\n\t\t\t\t<\/div>\n\t\t\t\t<div class=\"elementor-element elementor-element-e7c992c elementor-widget elementor-widget-image\" data-id=\"e7c992c\" data-element_type=\"widget\" data-settings=\"{&quot;_animation&quot;:&quot;none&quot;}\" data-widget_type=\"image.default\">\n\t\t\t\t<div class=\"elementor-widget-container\">\n\t\t\t\t\t\t\t\t<div class=\"elementor-image\">\n\t\t\t\t\t\t\t\t\t\t\t\t\t<a href=\"https:\/\/www.lebonbon.fr\/paris\/expo\/monnaie-de-paris-hommage-grandes-figures-feminines-emblematiques\/\" target=\"_blank\">\n\t\t\t\t\t\t\t<img width=\"300\" height=\"169\" src=\"https:\/\/togeth-her.com\/wp-content\/uploads\/2021\/06\/Logo_lebonbon-300x169.jpg\" class=\"elementor-animation-shrink attachment-medium size-medium wp-image-6855\" alt=\"\" srcset=\"https:\/\/togeth-her.com\/wp-content\/uploads\/2021\/06\/Logo_lebonbon-300x169.jpg 300w, https:\/\/togeth-her.com\/wp-content\/uploads\/2021\/06\/Logo_lebonbon-768x432.jpg 768w, https:\/\/togeth-her.com\/wp-content\/uploads\/2021\/06\/Logo_lebonbon-16x9.jpg 16w, https:\/\/togeth-her.com\/wp-content\/uploads\/2021\/06\/Logo_lebonbon.jpg 1000w\" sizes=\"(max-width: 300px) 100vw, 300px\" \/>\t\t\t\t\t\t\t\t<\/a>\n\t\t\t\t\t\t\t\t\t\t\t\t\t\t<\/div>\n\t\t\t\t\t\t<\/div>\n\t\t\t\t<\/div>\n\t\t\t\t<div class=\"elementor-element elementor-element-e95c129 elementor-widget elementor-widget-heading\" data-id=\"e95c129\" data-element_type=\"widget\" data-widget_type=\"heading.default\">\n\t\t\t\t<div class=\"elementor-widget-container\">\n\t\t\t<h3 class=\"elementor-heading-title elementor-size-default\"><a href=\"https:\/\/madame.lefigaro.fr\/celebrites\/exposition-artistes-a-la-une-togethhermadame-figaro-tetes-daffich-221020-183133\">If the front page was a painting: 25 artists take over \"Madame Figaro\".<\/a><\/h3>\t\t<\/div>\n\t\t\t\t<\/div>\n\t\t\t\t<div class=\"elementor-element elementor-element-011e689 elementor-widget elementor-widget-image\" data-id=\"011e689\" data-element_type=\"widget\" data-settings=\"{&quot;_animation&quot;:&quot;none&quot;}\" data-widget_type=\"image.default\">\n\t\t\t\t<div class=\"elementor-widget-container\">\n\t\t\t\t\t\t\t\t<div class=\"elementor-image\">\n\t\t\t\t\t\t\t\t\t\t\t\t\t<a href=\"https:\/\/unik-artmag.com\/togethher-2020-26-artistes-a-la-une-et-26-femmes-inspirantes-avec-madame-figaro\/\" target=\"_blank\">\n\t\t\t\t\t\t\t<img width=\"150\" height=\"150\" src=\"https:\/\/togeth-her.com\/wp-content\/uploads\/2020\/10\/logo_unik-150x150.jpg\" class=\"elementor-animation-shrink attachment-thumbnail size-thumbnail wp-image-5309\" alt=\"\" srcset=\"https:\/\/togeth-her.com\/wp-content\/uploads\/2020\/10\/logo_unik-150x150.jpg 150w, https:\/\/togeth-her.com\/wp-content\/uploads\/2020\/10\/logo_unik.jpg 290w\" sizes=\"(max-width: 150px) 100vw, 150px\" \/>\t\t\t\t\t\t\t\t<\/a>\n\t\t\t\t\t\t\t\t\t\t\t\t\t\t<\/div>\n\t\t\t\t\t\t<\/div>\n\t\t\t\t<\/div>\n\t\t\t\t<div class=\"elementor-element elementor-element-7759084 elementor-widget elementor-widget-heading\" data-id=\"7759084\" data-element_type=\"widget\" data-widget_type=\"heading.default\">\n\t\t\t\t<div class=\"elementor-widget-container\">\n\t\t\t<h3 class=\"elementor-heading-title elementor-size-default\"><a href=\"https:\/\/unik-artmag.com\/togethher-2020-26-artistes-a-la-une-et-26-femmes-inspirantes-avec-madame-figaro\/\">Togeth'her 2020 : 26 featured artists and 26 inspiring women with Madame Figaro<\/a><\/h3>\t\t<\/div>\n\t\t\t\t<\/div>\n\t\t\t\t<div class=\"elementor-element elementor-element-67010ef elementor-widget elementor-widget-image\" data-id=\"67010ef\" data-element_type=\"widget\" data-settings=\"{&quot;_animation&quot;:&quot;none&quot;}\" data-widget_type=\"image.default\">\n\t\t\t\t<div class=\"elementor-widget-container\">\n\t\t\t\t\t\t\t\t<div class=\"elementor-image\">\n\t\t\t\t\t\t\t\t\t\t\t\t\t<a href=\"https:\/\/www.cbnews.fr\/medias\/image-madame-figaro-partenaire-exposition-togeth-her-2020-55360\" target=\"_blank\">\n\t\t\t\t\t\t\t<img width=\"225\" height=\"225\" src=\"https:\/\/togeth-her.com\/wp-content\/uploads\/2020\/10\/cbnews-logo.png\" class=\"elementor-animation-shrink attachment-full size-full wp-image-5329\" alt=\"\" srcset=\"https:\/\/togeth-her.com\/wp-content\/uploads\/2020\/10\/cbnews-logo.png 225w, https:\/\/togeth-her.com\/wp-content\/uploads\/2020\/10\/cbnews-logo-150x150.png 150w\" sizes=\"(max-width: 225px) 100vw, 225px\" \/>\t\t\t\t\t\t\t\t<\/a>\n\t\t\t\t\t\t\t\t\t\t\t\t\t\t<\/div>\n\t\t\t\t\t\t<\/div>\n\t\t\t\t<\/div>\n\t\t\t\t<div class=\"elementor-element elementor-element-0d7ddb3 elementor-widget elementor-widget-heading\" data-id=\"0d7ddb3\" data-element_type=\"widget\" data-widget_type=\"heading.default\">\n\t\t\t\t<div class=\"elementor-widget-container\">\n\t\t\t<h3 class=\"elementor-heading-title elementor-size-default\"><a href=\"https:\/\/www.cbnews.fr\/medias\/image-madame-figaro-partenaire-exposition-togeth-her-2020-55360\">MADAME FIGARO PARTNER OF THE EXHIBITION \u00ab\u00a0TOGETH\u2019HER\u00a0\u00bb  2020<\/a><\/h3>\t\t<\/div>\n\t\t\t\t<\/div>\n\t\t\t\t<div class=\"elementor-element elementor-element-41fa076 elementor-widget elementor-widget-image\" data-id=\"41fa076\" data-element_type=\"widget\" data-settings=\"{&quot;_animation&quot;:&quot;none&quot;}\" data-widget_type=\"image.default\">\n\t\t\t\t<div class=\"elementor-widget-container\">\n\t\t\t\t\t\t\t\t<div class=\"elementor-image\">\n\t\t\t\t\t\t\t\t\t\t\t\t\t<a href=\"https:\/\/togeth-her.com\/wp-content\/uploads\/2020\/10\/Les-Echos.pdf\" target=\"_blank\">\n\t\t\t\t\t\t\t<img width=\"300\" height=\"166\" src=\"https:\/\/togeth-her.com\/wp-content\/uploads\/2020\/10\/logo-les-echos.png\" class=\"elementor-animation-shrink attachment-medium size-medium wp-image-5310\" alt=\"\" \/>\t\t\t\t\t\t\t\t<\/a>\n\t\t\t\t\t\t\t\t\t\t\t\t\t\t<\/div>\n\t\t\t\t\t\t<\/div>\n\t\t\t\t<\/div>\n\t\t\t\t<div class=\"elementor-element elementor-element-668aa7b elementor-widget elementor-widget-heading\" data-id=\"668aa7b\" data-element_type=\"widget\" data-widget_type=\"heading.default\">\n\t\t\t\t<div class=\"elementor-widget-container\">\n\t\t\t<h3 class=\"elementor-heading-title elementor-size-default\"><a href=\"https:\/\/togeth-her.com\/wp-content\/uploads\/2020\/10\/Les-Echos.pdf\">Art Market : Women in the spotlight<\/a><\/h3>\t\t<\/div>\n\t\t\t\t<\/div>\n\t\t                <\/div>\n                    <\/div>\n        <\/div>\n                                <\/div>\n                    <\/div>\n        <\/section>\n                <section class=\"elementor-section elementor-top-section elementor-element elementor-element-dc4cd10 elementor-section-boxed elementor-section-height-default elementor-section-height-default\" data-id=\"dc4cd10\" data-element_type=\"section\">\n            \n                        <div class=\"elementor-container elementor-column-gap-default\">\n                            <div class=\"elementor-row\">\n                    <div class=\"elementor-column elementor-col-100 elementor-top-column elementor-element elementor-element-7a4da21\" data-id=\"7a4da21\" data-element_type=\"column\">\n            <div class=\"elementor-column-wrap elementor-element-populated\">\n                            <div class=\"elementor-widget-wrap\">\n                \t\t<div class=\"elementor-element elementor-element-0842ddd elementor-widget elementor-widget-spacer\" data-id=\"0842ddd\" data-element_type=\"widget\" data-widget_type=\"spacer.default\">\n\t\t\t\t<div class=\"elementor-widget-container\">\n\t\t\t\t\t<div class=\"elementor-spacer\">\n\t\t\t<div class=\"elementor-spacer-inner\"><\/div>\n\t\t<\/div>\n\t\t\t\t<\/div>\n\t\t\t\t<\/div>\n\t\t                <\/div>\n                    <\/div>\n        <\/div>\n                                <\/div>\n                    <\/div>\n        <\/section>\n                <section class=\"elementor-section elementor-top-section elementor-element elementor-element-6333669 elementor-section-boxed elementor-section-height-default elementor-section-height-default\" data-id=\"6333669\" data-element_type=\"section\">\n            \n                        <div class=\"elementor-container elementor-column-gap-default\">\n                            <div class=\"elementor-row\">\n                    <div class=\"elementor-column elementor-col-50 elementor-top-column elementor-element elementor-element-a838cb1\" data-id=\"a838cb1\" data-element_type=\"column\">\n            <div class=\"elementor-column-wrap\">\n                            <div class=\"elementor-widget-wrap\">\n                                <\/div>\n                    <\/div>\n        <\/div>\n                <div class=\"elementor-column elementor-col-50 elementor-top-column elementor-element elementor-element-06c1e15\" data-id=\"06c1e15\" data-element_type=\"column\">\n            <div class=\"elementor-column-wrap\">\n                            <div class=\"elementor-widget-wrap\">\n                                <\/div>\n                    <\/div>\n        <\/div>\n                                <\/div>\n                    <\/div>\n        <\/section>\n                <section class=\"elementor-section elementor-top-section elementor-element elementor-element-44838eb elementor-section-boxed elementor-section-height-default elementor-section-height-default\" data-id=\"44838eb\" data-element_type=\"section\">\n            \n                        <div class=\"elementor-container elementor-column-gap-default\">\n                            <div class=\"elementor-row\">\n                    <div class=\"elementor-column elementor-col-100 elementor-top-column elementor-element elementor-element-ebbfa4d\" data-id=\"ebbfa4d\" data-element_type=\"column\">\n            <div class=\"elementor-column-wrap elementor-element-populated\">\n                            <div class=\"elementor-widget-wrap\">\n                \t\t<div class=\"elementor-element elementor-element-1ad3a9d elementor-widget elementor-widget-spacer\" data-id=\"1ad3a9d\" data-element_type=\"widget\" data-widget_type=\"spacer.default\">\n\t\t\t\t<div class=\"elementor-widget-container\">\n\t\t\t\t\t<div class=\"elementor-spacer\">\n\t\t\t<div class=\"elementor-spacer-inner\"><\/div>\n\t\t<\/div>\n\t\t\t\t<\/div>\n\t\t\t\t<\/div>\n\t\t                <\/div>\n                    <\/div>\n        <\/div>\n                                <\/div>\n                    <\/div>\n        <\/section>\n        \t\t\t\t\t\t\t<\/div>\n\t\t\t<\/div>\n\t\t\t\t\t<\/div>","protected":false},"excerpt":{"rendered":"<p>Relations presse Monnaie de Paris : Jessica Thiaudi\u00e8re 01 40 46 58 50 jessica.thiaudiere@monnaiedeparis.fr \u00a0 Contact presse : contact@togeth-her.com T\u00e9l\u00e9chargez le communiqu\u00e9 de presse Ils parlent de nous : La Monnaie de Paris rend hommage aux plus grandes figures f\u00e9minines embl\u00e9matiques Si la Une \u00e9tait un tableau : 25 artistes s&#8217;emparent de &#8220;Madame Figaro&#8221; Togeth\u2019her [&hellip;]<\/p>","protected":false},"author":2,"featured_media":0,"parent":0,"menu_order":0,"comment_status":"closed","ping_status":"closed","template":"","meta":[],"yoast_head":"<!-- This site is optimized with the Yoast SEO plugin v19.4 - https:\/\/yoast.com\/wordpress\/plugins\/seo\/ -->\n<title>Presse - Artistes \u00e0 la Une, Togeth&#039;Her<\/title>\n<meta name=\"robots\" content=\"index, follow, max-snippet:-1, max-image-preview:large, max-video-preview:-1\" \/>\n<link rel=\"canonical\" href=\"https:\/\/togeth-her.com\/en\/presse\/\" \/>\n<meta property=\"og:locale\" content=\"en_US\" \/>\n<meta property=\"og:type\" content=\"article\" \/>\n<meta property=\"og:title\" content=\"Presse - Artistes \u00e0 la Une, Togeth&#039;Her\" \/>\n<meta property=\"og:description\" content=\"Relations presse Monnaie de Paris : Jessica Thiaudi\u00e8re 01 40 46 58 50 jessica.thiaudiere@monnaiedeparis.fr \u00a0 Contact presse : contact@togeth-her.com T\u00e9l\u00e9chargez le communiqu\u00e9 de presse Ils parlent de nous : La Monnaie de Paris rend hommage aux plus grandes figures f\u00e9minines embl\u00e9matiques Si la Une \u00e9tait un tableau : 25 artistes s&#8217;emparent de &#8220;Madame Figaro&#8221; Togeth\u2019her [&hellip;]\" \/>\n<meta property=\"og:url\" content=\"https:\/\/togeth-her.com\/en\/presse\/\" \/>\n<meta property=\"og:site_name\" content=\"Artistes \u00e0 la Une, Togeth&#039;Her\" \/>\n<meta property=\"article:modified_time\" content=\"2021-06-10T12:33:27+00:00\" \/>\n<meta property=\"og:image\" content=\"https:\/\/togeth-her.com\/wp-content\/uploads\/2021\/06\/Screen-Shot-2021-06-01-at-13.21.37-211x300.png\" \/>\n<meta name=\"twitter:card\" content=\"summary_large_image\" \/>\n<meta name=\"twitter:label1\" content=\"Est. reading time\" \/>\n\t<meta name=\"twitter:data1\" content=\"2 minutes\" \/>\n<script type=\"application\/ld+json\" class=\"yoast-schema-graph\">{\"@context\":\"https:\/\/schema.org\",\"@graph\":[{\"@type\":\"WebSite\",\"@id\":\"https:\/\/togeth-her.com\/#website\",\"url\":\"https:\/\/togeth-her.com\/\",\"name\":\"Artistes \u00e0 la Une, Togeth&#039;Her\",\"description\":\"Ensemble pour la libert\u00e9 et l&#039;\u00e9mancipation des femmes\",\"potentialAction\":[{\"@type\":\"SearchAction\",\"target\":{\"@type\":\"EntryPoint\",\"urlTemplate\":\"https:\/\/togeth-her.com\/?s={search_term_string}\"},\"query-input\":\"required name=search_term_string\"}],\"inLanguage\":\"en-US\"},{\"@type\":\"WebPage\",\"@id\":\"https:\/\/togeth-her.com\/presse\/\",\"url\":\"https:\/\/togeth-her.com\/presse\/\",\"name\":\"Presse - Artistes \u00e0 la Une, Togeth&#039;Her\",\"isPartOf\":{\"@id\":\"https:\/\/togeth-her.com\/#website\"},\"datePublished\":\"2020-10-21T19:08:08+00:00\",\"dateModified\":\"2021-06-10T12:33:27+00:00\",\"breadcrumb\":{\"@id\":\"https:\/\/togeth-her.com\/presse\/#breadcrumb\"},\"inLanguage\":\"en-US\",\"potentialAction\":[{\"@type\":\"ReadAction\",\"target\":[\"https:\/\/togeth-her.com\/presse\/\"]}]},{\"@type\":\"BreadcrumbList\",\"@id\":\"https:\/\/togeth-her.com\/presse\/#breadcrumb\",\"itemListElement\":[{\"@type\":\"ListItem\",\"position\":1,\"name\":\"Accueil\",\"item\":\"https:\/\/togeth-her.com\/\"},{\"@type\":\"ListItem\",\"position\":2,\"name\":\"Presse\"}]}]}<\/script>\n<!-- \/ Yoast SEO plugin. -->","yoast_head_json":{"title":"Presse - Artistes \u00e0 la Une, Togeth&#039;Her","robots":{"index":"index","follow":"follow","max-snippet":"max-snippet:-1","max-image-preview":"max-image-preview:large","max-video-preview":"max-video-preview:-1"},"canonical":"https:\/\/togeth-her.com\/en\/presse\/","og_locale":"en_US","og_type":"article","og_title":"Presse - Artistes \u00e0 la Une, Togeth&#039;Her","og_description":"Relations presse Monnaie de Paris : Jessica Thiaudi\u00e8re 01 40 46 58 50 jessica.thiaudiere@monnaiedeparis.fr \u00a0 Contact presse : contact@togeth-her.com T\u00e9l\u00e9chargez le communiqu\u00e9 de presse Ils parlent de nous : La Monnaie de Paris rend hommage aux plus grandes figures f\u00e9minines embl\u00e9matiques Si la Une \u00e9tait un tableau : 25 artistes s&#8217;emparent de &#8220;Madame Figaro&#8221; Togeth\u2019her [&hellip;]","og_url":"https:\/\/togeth-her.com\/en\/presse\/","og_site_name":"Artistes \u00e0 la Une, Togeth&#039;Her","article_modified_time":"2021-06-10T12:33:27+00:00","og_image":[{"url":"https:\/\/togeth-her.com\/wp-content\/uploads\/2021\/06\/Screen-Shot-2021-06-01-at-13.21.37-211x300.png"}],"twitter_card":"summary_large_image","twitter_misc":{"Est. reading time":"2 minutes"},"schema":{"@context":"https:\/\/schema.org","@graph":[{"@type":"WebSite","@id":"https:\/\/togeth-her.com\/#website","url":"https:\/\/togeth-her.com\/","name":"Artistes \u00e0 la Une, Togeth&#039;Her","description":"Ensemble pour la libert\u00e9 et l&#039;\u00e9mancipation des femmes","potentialAction":[{"@type":"SearchAction","target":{"@type":"EntryPoint","urlTemplate":"https:\/\/togeth-her.com\/?s={search_term_string}"},"query-input":"required name=search_term_string"}],"inLanguage":"en-US"},{"@type":"WebPage","@id":"https:\/\/togeth-her.com\/presse\/","url":"https:\/\/togeth-her.com\/presse\/","name":"Presse - Artistes \u00e0 la Une, Togeth&#039;Her","isPartOf":{"@id":"https:\/\/togeth-her.com\/#website"},"datePublished":"2020-10-21T19:08:08+00:00","dateModified":"2021-06-10T12:33:27+00:00","breadcrumb":{"@id":"https:\/\/togeth-her.com\/presse\/#breadcrumb"},"inLanguage":"en-US","potentialAction":[{"@type":"ReadAction","target":["https:\/\/togeth-her.com\/presse\/"]}]},{"@type":"BreadcrumbList","@id":"https:\/\/togeth-her.com\/presse\/#breadcrumb","itemListElement":[{"@type":"ListItem","position":1,"name":"Accueil","item":"https:\/\/togeth-her.com\/"},{"@type":"ListItem","position":2,"name":"Presse"}]}]}},"_links":{"self":[{"href":"https:\/\/togeth-her.com\/en\/wp-json\/wp\/v2\/pages\/4728"}],"collection":[{"href":"https:\/\/togeth-her.com\/en\/wp-json\/wp\/v2\/pages"}],"about":[{"href":"https:\/\/togeth-her.com\/en\/wp-json\/wp\/v2\/types\/page"}],"author":[{"embeddable":true,"href":"https:\/\/togeth-her.com\/en\/wp-json\/wp\/v2\/users\/2"}],"replies":[{"embeddable":true,"href":"https:\/\/togeth-her.com\/en\/wp-json\/wp\/v2\/comments?post=4728"}],"version-history":[{"count":71,"href":"https:\/\/togeth-her.com\/en\/wp-json\/wp\/v2\/pages\/4728\/revisions"}],"predecessor-version":[{"id":7086,"href":"https:\/\/togeth-her.com\/en\/wp-json\/wp\/v2\/pages\/4728\/revisions\/7086"}],"wp:attachment":[{"href":"https:\/\/togeth-her.com\/en\/wp-json\/wp\/v2\/media?parent=4728"}],"curies":[{"name":"wp","href":"https:\/\/api.w.org\/{rel}","templated":true}]}}