{"id":4737,"date":"2020-10-21T21:08:46","date_gmt":"2020-10-21T19:08:46","guid":{"rendered":"https:\/\/togeth-her.com\/?page_id=4737"},"modified":"2021-01-29T00:29:36","modified_gmt":"2021-01-28T23:29:36","slug":"mentions-legales","status":"publish","type":"page","link":"https:\/\/togeth-her.com\/en\/mentions-legales\/","title":{"rendered":"Terms of use"},"content":{"rendered":"<div data-elementor-type=\"wp-page\" data-elementor-id=\"4737\" class=\"elementor elementor-4737\">\n\t\t\t\t\t\t<div class=\"elementor-inner\">\n\t\t\t\t<div class=\"elementor-section-wrap\">\n\t\t\t\t\t\t\t        <section class=\"elementor-section elementor-top-section elementor-element elementor-element-54d00a9 elementor-section-boxed elementor-section-height-default elementor-section-height-default\" data-id=\"54d00a9\" data-element_type=\"section\">\n            \n                        <div class=\"elementor-container elementor-column-gap-default\">\n                            <div class=\"elementor-row\">\n                    <div class=\"elementor-column elementor-col-100 elementor-top-column elementor-element elementor-element-719ee97\" data-id=\"719ee97\" data-element_type=\"column\">\n            <div class=\"elementor-column-wrap elementor-element-populated\">\n                            <div class=\"elementor-widget-wrap\">\n                \t\t<div class=\"elementor-element elementor-element-b267aaa elementor-widget elementor-widget-text-editor\" data-id=\"b267aaa\" data-element_type=\"widget\" data-widget_type=\"text-editor.default\">\n\t\t\t\t<div class=\"elementor-widget-container\">\n\t\t\t\t\t\t\t\t<div class=\"elementor-text-editor elementor-clearfix\">\n\t\t\t\t<p>Le site www.togeth-her.com est \u00e9dit\u00e9 par <strong>BB+<\/strong>, soci\u00e9t\u00e9 \u00e0 responsabilit\u00e9 limit\u00e9e \u00e0 associ\u00e9 unique au capital de 8 000 Euros, immatricul\u00e9e au Registre du Commerce et des Soci\u00e9t\u00e9s de Paris sous le num\u00e9ro 514 983 535, dont le si\u00e8ge social se situe 8 rue Dupuytren 75006 Paris.<\/p>\n<p>Le directeur de la publication est Monsieur <strong>David-Herv\u00e9 Boutin<\/strong><\/p>\n<p>Les utilisateurs peuvent contacter BB+ \u00e0 l&#8217;adresse suivante :<\/p>\n<p><strong>BB+<\/strong><br>8, rue Dupuytren<br>75006 Paris<br>France<\/p>\n<p>T\u00e9l\u00e9phone : + 33 (0) 6&nbsp;14&nbsp;55&nbsp;15&nbsp;82<br>email : dhboutin@bbplus-groupe.com<\/p>\n<p>L&#8217;h\u00e9bergement est assur\u00e9 par <strong>OVH<\/strong>, soci\u00e9t\u00e9 par actions simplifi\u00e9e au capital de 10 059 500 Euros, immatricul\u00e9e au Registre du Commerce et des Soci\u00e9t\u00e9s de Roubaix-Tourcoing sous le num\u00e9ro 424 761 419 00045, dont le si\u00e8ge social se situe 2, rue Kellermann 59100 ROUBAIX.<br>T\u00e9l\u00e9phone +33 (0) 8 203 203 63<\/p>\n<h3 style=\"box-sizing: inherit; -webkit-tap-highlight-color: rgba(0, 0, 0, 0); font-size: 30.659px; line-height: 1.2em; margin-bottom: 0.5rem; padding: 0px; font-family: &quot;Noto Sans JP&quot;, -apple-system, BlinkMacSystemFont, Arial, Helvetica, &quot;Helvetica Neue&quot;, Verdana, sans-serif; font-weight: 900; color: rgb(0, 0, 0); text-rendering: optimizelegibility;\"><span style=\"box-sizing: inherit; -webkit-tap-highlight-color: rgba(0, 0, 0, 0); margin-bottom: 0px; font-weight: 400;\">Conception et r\u00e9alisation<\/span><\/h3>\n<p style=\"box-sizing: inherit; -webkit-tap-highlight-color: rgba(0, 0, 0, 0); margin-right: 0px; margin-bottom: 1.25rem; margin-left: 0px; padding: 0px; line-height: 1.5; text-rendering: optimizelegibility; font-family: Merriweather, -apple-system, system-ui, Arial, Helvetica, &quot;Helvetica Neue&quot;, Verdana, sans-serif; color: rgb(84, 84, 84);\"><span style=\"box-sizing: inherit; -webkit-tap-highlight-color: rgba(0, 0, 0, 0);\">Maxime Merran<br style=\"box-sizing: inherit; -webkit-tap-highlight-color: rgba(0, 0, 0, 0);\"><\/span><a href=\"https:\/\/maximemerran.fr\/?utm_campaign=clients&amp;utm_medium=mentions-legales&amp;utm_source=togeth-her\" target=\"_blank\">www.maximemerran.fr&nbsp;<\/a><br><a href=\"mailto:hello@maximemerran.fr\" target=\"_blank\">hello@maximemerran.fr<\/a><br><span style=\"font-weight: inherit; letter-spacing: 0px;\">Modifications \u2013 \u00e9volution : en interne depuis 2020<\/span><\/p>\n<p><\/p>\n<h3>Limitation de responsabilit\u00e9<\/h3>\n<p>Le site togeth-her.com contient des liens hypertextes vers des sites qui n&#8217;ont pas \u00e9t\u00e9 d\u00e9velopp\u00e9s par BB+. Ces liens sont fournis \u00e0 titre informatif et ne constituent pas une validation desdits sites ou de leurs contenus. BB + ne saurait \u00eatre tenu responsable d\u2019un pr\u00e9judice mat\u00e9riel, immat\u00e9riel ou moral pour quelque cause que ce soit qui r\u00e9sulterait de l\u2019activation d&#8217;un des liens hypertextes disponibles sur le site togeth-her.com.<\/p>\n<p><\/p>\n<h3>Propri\u00e9t\u00e9 intellectuelle et droits conc\u00e9d\u00e9s aux utilisateurs<\/h3>\n<p>BB+ est le titulaire exclusif de tous les droits de propri\u00e9t\u00e9 intellectuelle portant tant sur la structure que sur le contenu du site et ce dans le monde entier.<\/p>\n<p>BB+ conf\u00e8re \u00e0 l&#8217;utilisateur un droit d&#8217;usage priv\u00e9, non collectif et non exclusif, sur les contenus du site. Elle comprend le droit de reproduire pour stockage aux fins de repr\u00e9sentation sur \u00e9cran monoposte et de reproduction, en un exemplaire, pour copie de sauvegarde ou tirage sur papier. Ce droit est personnel, priv\u00e9 et non collectif. Il n&#8217;est transmissible en aucune mani\u00e8re. Toute mise en r\u00e9seau, toute rediffusion, sous quelque forme que ce soit, partielle ou totale, sont donc explicitement interdites sans l&#8217;accord expr\u00e8s et pr\u00e9alable de BB+.<\/p>\n<p>BB+ consent \u00e0 l&#8217;utilisateur le droit de reproduire tout ou partie du contenu du site pour stockage aux fins de repr\u00e9sentation sur \u00e9cran monoposte et de reproduction, en un exemplaire, pour copie de sauvegarde ou tirage sur papier. Ce droit est consenti dans le cadre d&#8217;un usage strictement personnel, priv\u00e9 et non collectif, toute mise en r\u00e9seau, toute rediffusion ou commercialisation totale ou partielle de ce contenu, aupr\u00e8s des tiers, sous quelque forme que ce soit, \u00e9tant strictement interdite.<\/p>\n<p>Nonobstant les droits de reproduction et de stockage tels que strictement d\u00e9finis ci-dessus, et sauf autorisation pr\u00e9alable et expresse, l&#8217;utilisateur s&#8217;interdit de reproduire et\/ou d&#8217;utiliser les marques et logos pr\u00e9sents sur le site togeth-her.com, de modifier, copier, traduire, reproduire, vendre, publier, exploiter et diffuser dans aucun format, num\u00e9rique ou autre, tout ou partie des informations, textes, photos, images, vid\u00e9os et donn\u00e9es pr\u00e9sentes sur ce site.<\/p>\n<p>La violation de ces dispositions imp\u00e9ratives soumet le contrevenant, et toutes personnes responsables, aux peines p\u00e9nales et civiles pr\u00e9vues par la loi fran\u00e7aise.<\/p>\t\t\t\t\t<\/div>\n\t\t\t\t\t\t<\/div>\n\t\t\t\t<\/div>\n\t\t                <\/div>\n                    <\/div>\n        <\/div>\n                                <\/div>\n                    <\/div>\n        <\/section>\n        \t\t\t\t\t\t\t<\/div>\n\t\t\t<\/div>\n\t\t\t\t\t<\/div>","protected":false},"excerpt":{"rendered":"<p>Le site www.togeth-her.com est \u00e9dit\u00e9 par BB+, soci\u00e9t\u00e9 \u00e0 responsabilit\u00e9 limit\u00e9e \u00e0 associ\u00e9 unique au capital de 8 000 Euros, immatricul\u00e9e au Registre du Commerce et des Soci\u00e9t\u00e9s de Paris sous le num\u00e9ro 514 983 535, dont le si\u00e8ge social se situe 8 rue Dupuytren 75006 Paris. Le directeur de la publication est Monsieur David-Herv\u00e9 [&hellip;]<\/p>","protected":false},"author":2,"featured_media":0,"parent":0,"menu_order":0,"comment_status":"closed","ping_status":"closed","template":"","meta":[],"yoast_head":"<!-- This site is optimized with the Yoast SEO plugin v19.4 - https:\/\/yoast.com\/wordpress\/plugins\/seo\/ -->\n<title>Mentions l\u00e9gales - Artistes \u00e0 la Une, Togeth&#039;Her<\/title>\n<meta name=\"robots\" content=\"index, follow, max-snippet:-1, max-image-preview:large, max-video-preview:-1\" \/>\n<link rel=\"canonical\" href=\"https:\/\/togeth-her.com\/en\/mentions-legales\/\" \/>\n<meta property=\"og:locale\" content=\"en_US\" \/>\n<meta property=\"og:type\" content=\"article\" \/>\n<meta property=\"og:title\" content=\"Mentions l\u00e9gales - Artistes \u00e0 la Une, Togeth&#039;Her\" \/>\n<meta property=\"og:description\" content=\"Le site www.togeth-her.com est \u00e9dit\u00e9 par BB+, soci\u00e9t\u00e9 \u00e0 responsabilit\u00e9 limit\u00e9e \u00e0 associ\u00e9 unique au capital de 8 000 Euros, immatricul\u00e9e au Registre du Commerce et des Soci\u00e9t\u00e9s de Paris sous le num\u00e9ro 514 983 535, dont le si\u00e8ge social se situe 8 rue Dupuytren 75006 Paris. Le directeur de la publication est Monsieur David-Herv\u00e9 [&hellip;]\" \/>\n<meta property=\"og:url\" content=\"https:\/\/togeth-her.com\/en\/mentions-legales\/\" \/>\n<meta property=\"og:site_name\" content=\"Artistes \u00e0 la Une, Togeth&#039;Her\" \/>\n<meta property=\"article:modified_time\" content=\"2021-01-28T23:29:36+00:00\" \/>\n<meta name=\"twitter:card\" content=\"summary_large_image\" \/>\n<meta name=\"twitter:label1\" content=\"Est. reading time\" \/>\n\t<meta name=\"twitter:data1\" content=\"3 minutes\" \/>\n<script type=\"application\/ld+json\" class=\"yoast-schema-graph\">{\"@context\":\"https:\/\/schema.org\",\"@graph\":[{\"@type\":\"WebSite\",\"@id\":\"https:\/\/togeth-her.com\/#website\",\"url\":\"https:\/\/togeth-her.com\/\",\"name\":\"Artistes \u00e0 la Une, Togeth&#039;Her\",\"description\":\"Ensemble pour la libert\u00e9 et l&#039;\u00e9mancipation des femmes\",\"potentialAction\":[{\"@type\":\"SearchAction\",\"target\":{\"@type\":\"EntryPoint\",\"urlTemplate\":\"https:\/\/togeth-her.com\/?s={search_term_string}\"},\"query-input\":\"required name=search_term_string\"}],\"inLanguage\":\"en-US\"},{\"@type\":\"WebPage\",\"@id\":\"https:\/\/togeth-her.com\/mentions-legales\/\",\"url\":\"https:\/\/togeth-her.com\/mentions-legales\/\",\"name\":\"Mentions l\u00e9gales - Artistes \u00e0 la Une, Togeth&#039;Her\",\"isPartOf\":{\"@id\":\"https:\/\/togeth-her.com\/#website\"},\"datePublished\":\"2020-10-21T19:08:46+00:00\",\"dateModified\":\"2021-01-28T23:29:36+00:00\",\"breadcrumb\":{\"@id\":\"https:\/\/togeth-her.com\/mentions-legales\/#breadcrumb\"},\"inLanguage\":\"en-US\",\"potentialAction\":[{\"@type\":\"ReadAction\",\"target\":[\"https:\/\/togeth-her.com\/mentions-legales\/\"]}]},{\"@type\":\"BreadcrumbList\",\"@id\":\"https:\/\/togeth-her.com\/mentions-legales\/#breadcrumb\",\"itemListElement\":[{\"@type\":\"ListItem\",\"position\":1,\"name\":\"Accueil\",\"item\":\"https:\/\/togeth-her.com\/\"},{\"@type\":\"ListItem\",\"position\":2,\"name\":\"Mentions l\u00e9gales\"}]}]}<\/script>\n<!-- \/ Yoast SEO plugin. -->","yoast_head_json":{"title":"Mentions l\u00e9gales - Artistes \u00e0 la Une, Togeth&#039;Her","robots":{"index":"index","follow":"follow","max-snippet":"max-snippet:-1","max-image-preview":"max-image-preview:large","max-video-preview":"max-video-preview:-1"},"canonical":"https:\/\/togeth-her.com\/en\/mentions-legales\/","og_locale":"en_US","og_type":"article","og_title":"Mentions l\u00e9gales - Artistes \u00e0 la Une, Togeth&#039;Her","og_description":"Le site www.togeth-her.com est \u00e9dit\u00e9 par BB+, soci\u00e9t\u00e9 \u00e0 responsabilit\u00e9 limit\u00e9e \u00e0 associ\u00e9 unique au capital de 8 000 Euros, immatricul\u00e9e au Registre du Commerce et des Soci\u00e9t\u00e9s de Paris sous le num\u00e9ro 514 983 535, dont le si\u00e8ge social se situe 8 rue Dupuytren 75006 Paris. Le directeur de la publication est Monsieur David-Herv\u00e9 [&hellip;]","og_url":"https:\/\/togeth-her.com\/en\/mentions-legales\/","og_site_name":"Artistes \u00e0 la Une, Togeth&#039;Her","article_modified_time":"2021-01-28T23:29:36+00:00","twitter_card":"summary_large_image","twitter_misc":{"Est. reading time":"3 minutes"},"schema":{"@context":"https:\/\/schema.org","@graph":[{"@type":"WebSite","@id":"https:\/\/togeth-her.com\/#website","url":"https:\/\/togeth-her.com\/","name":"Artistes \u00e0 la Une, Togeth&#039;Her","description":"Ensemble pour la libert\u00e9 et l&#039;\u00e9mancipation des femmes","potentialAction":[{"@type":"SearchAction","target":{"@type":"EntryPoint","urlTemplate":"https:\/\/togeth-her.com\/?s={search_term_string}"},"query-input":"required name=search_term_string"}],"inLanguage":"en-US"},{"@type":"WebPage","@id":"https:\/\/togeth-her.com\/mentions-legales\/","url":"https:\/\/togeth-her.com\/mentions-legales\/","name":"Mentions l\u00e9gales - Artistes \u00e0 la Une, Togeth&#039;Her","isPartOf":{"@id":"https:\/\/togeth-her.com\/#website"},"datePublished":"2020-10-21T19:08:46+00:00","dateModified":"2021-01-28T23:29:36+00:00","breadcrumb":{"@id":"https:\/\/togeth-her.com\/mentions-legales\/#breadcrumb"},"inLanguage":"en-US","potentialAction":[{"@type":"ReadAction","target":["https:\/\/togeth-her.com\/mentions-legales\/"]}]},{"@type":"BreadcrumbList","@id":"https:\/\/togeth-her.com\/mentions-legales\/#breadcrumb","itemListElement":[{"@type":"ListItem","position":1,"name":"Accueil","item":"https:\/\/togeth-her.com\/"},{"@type":"ListItem","position":2,"name":"Mentions l\u00e9gales"}]}]}},"_links":{"self":[{"href":"https:\/\/togeth-her.com\/en\/wp-json\/wp\/v2\/pages\/4737"}],"collection":[{"href":"https:\/\/togeth-her.com\/en\/wp-json\/wp\/v2\/pages"}],"about":[{"href":"https:\/\/togeth-her.com\/en\/wp-json\/wp\/v2\/types\/page"}],"author":[{"embeddable":true,"href":"https:\/\/togeth-her.com\/en\/wp-json\/wp\/v2\/users\/2"}],"replies":[{"embeddable":true,"href":"https:\/\/togeth-her.com\/en\/wp-json\/wp\/v2\/comments?post=4737"}],"version-history":[{"count":13,"href":"https:\/\/togeth-her.com\/en\/wp-json\/wp\/v2\/pages\/4737\/revisions"}],"predecessor-version":[{"id":6796,"href":"https:\/\/togeth-her.com\/en\/wp-json\/wp\/v2\/pages\/4737\/revisions\/6796"}],"wp:attachment":[{"href":"https:\/\/togeth-her.com\/en\/wp-json\/wp\/v2\/media?parent=4737"}],"curies":[{"name":"wp","href":"https:\/\/api.w.org\/{rel}","templated":true}]}}