{"id":4742,"date":"2020-10-21T21:08:30","date_gmt":"2020-10-21T19:08:30","guid":{"rendered":"https:\/\/togeth-her.com\/?page_id=4742"},"modified":"2020-10-21T21:10:43","modified_gmt":"2020-10-21T19:10:43","slug":"donnees-personnelles","status":"publish","type":"page","link":"https:\/\/togeth-her.com\/en\/donnees-personnelles\/","title":{"rendered":"Personal data"},"content":{"rendered":"<div data-elementor-type=\"wp-page\" data-elementor-id=\"4742\" class=\"elementor elementor-4742\">\n\t\t\t\t\t\t<div class=\"elementor-inner\">\n\t\t\t\t<div class=\"elementor-section-wrap\">\n\t\t\t\t\t\t\t        <section class=\"elementor-section elementor-top-section elementor-element elementor-element-b444efa elementor-section-boxed elementor-section-height-default elementor-section-height-default\" data-id=\"b444efa\" data-element_type=\"section\">\n            \n                        <div class=\"elementor-container elementor-column-gap-default\">\n                            <div class=\"elementor-row\">\n                    <div class=\"elementor-column elementor-col-100 elementor-top-column elementor-element elementor-element-d969638\" data-id=\"d969638\" data-element_type=\"column\">\n            <div class=\"elementor-column-wrap elementor-element-populated\">\n                            <div class=\"elementor-widget-wrap\">\n                \t\t<div class=\"elementor-element elementor-element-bc5b6c3 elementor-widget elementor-widget-text-editor\" data-id=\"bc5b6c3\" data-element_type=\"widget\" data-widget_type=\"text-editor.default\">\n\t\t\t\t<div class=\"elementor-widget-container\">\n\t\t\t\t\t\t\t\t<div class=\"elementor-text-editor elementor-clearfix\">\n\t\t\t\t<p><!-- wp:paragraph --><\/p><p>Le site <a href=\"https:\/\/togeth-her.com\/en\/\">togeth-her.com<\/a> ne recueille aucune information \u00e0 caract\u00e8re personnel des utilisateurs qui se connectent sur ce site sans leur accord pr\u00e9alable, \u00e0 l&#8217;exception des donn\u00e9es de connexion dont l&#8217;objectif est d&#8217;identifier le visiteur pendant la dur\u00e9e de connexion.<\/p><p><!-- \/wp:paragraph --><!-- wp:paragraph --><\/p><p>Les donn\u00e9es \u00e0 caract\u00e8re personnel que l\u2019utilisateur communique \u00e0 BB +, par l&#8217;interm\u00e9diaire notamment des demandes d&#8217;information sont exclusivement destin\u00e9es BB+ et sont limit\u00e9es \u00e0 celles n\u00e9cessaires pour le traitement de ces demandes. Les donn\u00e9es sont conserv\u00e9es pendant la dur\u00e9e strictement n\u00e9cessaire \u00e0 leur traitement, augment\u00e9e des d\u00e9lais de prescription pr\u00e9vus par la loi.<\/p><p><!-- \/wp:paragraph --><!-- wp:paragraph --><\/p><p>Les personnes qui auront communiqu\u00e9 des donn\u00e9es personnelles \u00e0 BB + sont inform\u00e9es qu&#8217;elles disposent d&#8217;un droit d&#8217;acc\u00e8s, de rectification et de suppression des donn\u00e9es les concernant ainsi que d&#8217;un droit de limitation et d&#8217;opposition au traitement, et du droit \u00e0 la portabilit\u00e9 des donn\u00e9es. Pour toute question ou demande relative \u00e0 leurs droits sur leurs donn\u00e9es personnelles, les personnes concern\u00e9es peuvent nous contacter \u00e0 l\u2019adresse : dhboutin@bbplus-groupe.com.<\/p><p>\u00a0<\/p><p><!-- \/wp:paragraph --><!-- wp:heading {\"level\":3} --><\/p><h3>Cookies<\/h3><p><!-- \/wp:heading --><!-- wp:paragraph --><\/p><p>Des donn\u00e9es de connexion peuvent \u00eatre temporairement conserv\u00e9es en m\u00e9moire ou sur le disque dur (&#8220;cookies&#8221;). Un cookie est un fichier de petite taille, qui ne permet pas l\u2019identification de l\u2019utilisateur, mais qui enregistre des informations relatives \u00e0 la navigation d\u2019un ordinateur sur un site. L&#8217;utilisateur autorise le site togeth-her.com \u00e0 recourir \u00e0 cette pratique exclusivement destin\u00e9e \u00e0 favoriser sa navigation et \u00e0 obtenir des analyses statistiques du site.<\/p><p>\u00a0<\/p><p><!-- \/wp:paragraph --><!-- wp:heading {\"level\":4} --><\/p><h4>Param\u00e9trage du navigateur<\/h4><p><!-- \/wp:heading --><!-- wp:paragraph --><\/p><p>L&#8217;utilisateur peut s&#8217;opposer \u00e0 l&#8217;enregistrement de cookies, ou \u00eatre pr\u00e9venu avant d&#8217;accepter les cookies. Le refus d\u2019installation d\u2019un cookie peut entra\u00eener l\u2019impossibilit\u00e9 d\u2019acc\u00e9der \u00e0 certains services. L\u2019utilisateur peut toutefois configurer son ordinateur de la mani\u00e8re suivante, pour refuser l\u2019installation des cookies :<\/p><p><!-- \/wp:paragraph --><!-- wp:list --><\/p><ul><li>Si vous utilisez le navigateur Microsoft Internet : Choisissez le menu \u00ab outil \u00bb puis \u00ab options Internet \u00bb. Cliquez sur l\u2019ic\u00f4ne \u00ab Confidentialit\u00e9 \u00bb S\u00e9lectionnez le niveau souhait\u00e9 \u00e0 l\u2019aide du curseur. Plus d\u2019information sur le support de l\u2019\u00e9diteur Microsoft.<\/li><li>Si vous utilisez le navigateur Mozilla Firefox : Choisissez le menu \u00ab outil \u00bb puis \u00ab options \u00bb. Cliquez sur l\u2019ic\u00f4ne \u00ab vie priv\u00e9e \u00bb. Rep\u00e9rez le menu \u00ab cookie \u00bb et s\u00e9lectionnez les options qui vous conviennent. Plus d\u2019information sur le support de l\u2019\u00e9diteur Mozilla.<\/li><li>Si vous utilisez le navigateur Safari : Allez dans le menu Safari \/ Pr\u00e9f\u00e9rences. Cliquez sur \u00ab confidentialit\u00e9 \u00bb. Dans \u00ab Bloquer les cookies \u00bb, cochez \u00ab Toujours \u00bb. Plus d\u2019information sur le support de l\u2019\u00e9diteur Apple.<\/li><li>Si vous utilisez le navigateur Google Chrome : Allez dans le menu Chrome \/ Pr\u00e9f\u00e9rences. Cliquez sur \u00ab Afficher les param\u00e8tres avanc\u00e9s \u00bb. Cliquez sur \u00ab Param\u00e8tres de contenu\u2026 \u00bb dans la partie confidentialit\u00e9. Cliquez sur \u00ab Cookies et donn\u00e9es de site\u2026 \u00bb dans la nouvelle fen\u00eatre. Cliquez sur \u00ab Tout supprimer \u00bb et validez en cliquant sur \u00ab OK \u00bb. Plus d\u2019information sur le support de l\u2019\u00e9diteur Google.<\/li><\/ul><p>\u00a0<\/p><p><!-- \/wp:list --><!-- wp:heading {\"level\":4} --><\/p><h4>Les cookies d\u00e9pos\u00e9s par les r\u00e9seaux sociaux<\/h4><p><!-- \/wp:heading --><!-- wp:paragraph --><\/p><p>La pr\u00e9sence de boutons sociaux sur le site togeth-her.com permet des interactions avec certains r\u00e9seaux sociaux qui peuvent d\u00e9poser des cookies sur les terminaux des utilisateurs via le site togeth-her.com. BB + ne participe ni au d\u00e9p\u00f4t, ni \u00e0 la lecture de ces cookies, et invite les utilisateurs \u00e0 prendre connaissance des politiques appliqu\u00e9es en mati\u00e8re de cookies par les diff\u00e9rents r\u00e9seaux sociaux :<\/p><p><!-- \/wp:paragraph --><!-- wp:paragraph --><\/p><p>Facebook\u00ae : <a href=\"https:\/\/www.facebook.com\/help\/cookies\">https:\/\/www.facebook.com\/help\/cookies<\/a><br \/>Instagram\u00ae : <a href=\"https:\/\/help.instagram.com\/help\/cookies\">https:\/\/help.instagram.com\/help\/cookies<\/a><br \/>Twitter\u00ae : <a href=\"https:\/\/help.twitter.com\/fr\/rules-and-policies\/twitter-cookies\">https:\/\/help.twitter.com\/fr\/rules-and-policies\/twitter-cookies<\/a><!-- \/wp:paragraph --><\/p>\t\t\t\t\t<\/div>\n\t\t\t\t\t\t<\/div>\n\t\t\t\t<\/div>\n\t\t                <\/div>\n                    <\/div>\n        <\/div>\n                                <\/div>\n                    <\/div>\n        <\/section>\n        \t\t\t\t\t\t\t<\/div>\n\t\t\t<\/div>\n\t\t\t\t\t<\/div>","protected":false},"excerpt":{"rendered":"<p>Le site togeth-her.com ne recueille aucune information \u00e0 caract\u00e8re personnel des utilisateurs qui se connectent sur ce site sans leur accord pr\u00e9alable, \u00e0 l&#8217;exception des donn\u00e9es de connexion dont l&#8217;objectif est d&#8217;identifier le visiteur pendant la dur\u00e9e de connexion. Les donn\u00e9es \u00e0 caract\u00e8re personnel que l\u2019utilisateur communique \u00e0 BB +, par l&#8217;interm\u00e9diaire notamment des demandes [&hellip;]<\/p>","protected":false},"author":2,"featured_media":0,"parent":0,"menu_order":0,"comment_status":"closed","ping_status":"closed","template":"","meta":[],"yoast_head":"<!-- This site is optimized with the Yoast SEO plugin v19.4 - https:\/\/yoast.com\/wordpress\/plugins\/seo\/ -->\n<title>Donn\u00e9es personnelles - Artistes \u00e0 la Une, Togeth&#039;Her<\/title>\n<meta name=\"robots\" content=\"index, follow, max-snippet:-1, max-image-preview:large, max-video-preview:-1\" \/>\n<link rel=\"canonical\" href=\"https:\/\/togeth-her.com\/en\/donnees-personnelles\/\" \/>\n<meta property=\"og:locale\" content=\"en_US\" \/>\n<meta property=\"og:type\" content=\"article\" \/>\n<meta property=\"og:title\" content=\"Donn\u00e9es personnelles - Artistes \u00e0 la Une, Togeth&#039;Her\" \/>\n<meta property=\"og:description\" content=\"Le site togeth-her.com ne recueille aucune information \u00e0 caract\u00e8re personnel des utilisateurs qui se connectent sur ce site sans leur accord pr\u00e9alable, \u00e0 l&#8217;exception des donn\u00e9es de connexion dont l&#8217;objectif est d&#8217;identifier le visiteur pendant la dur\u00e9e de connexion. Les donn\u00e9es \u00e0 caract\u00e8re personnel que l\u2019utilisateur communique \u00e0 BB +, par l&#8217;interm\u00e9diaire notamment des demandes [&hellip;]\" \/>\n<meta property=\"og:url\" content=\"https:\/\/togeth-her.com\/en\/donnees-personnelles\/\" \/>\n<meta property=\"og:site_name\" content=\"Artistes \u00e0 la Une, Togeth&#039;Her\" \/>\n<meta property=\"article:modified_time\" content=\"2020-10-21T19:10:43+00:00\" \/>\n<meta name=\"twitter:card\" content=\"summary_large_image\" \/>\n<meta name=\"twitter:label1\" content=\"Est. reading time\" \/>\n\t<meta name=\"twitter:data1\" content=\"3 minutes\" \/>\n<script type=\"application\/ld+json\" class=\"yoast-schema-graph\">{\"@context\":\"https:\/\/schema.org\",\"@graph\":[{\"@type\":\"WebSite\",\"@id\":\"https:\/\/togeth-her.com\/#website\",\"url\":\"https:\/\/togeth-her.com\/\",\"name\":\"Artistes \u00e0 la Une, Togeth&#039;Her\",\"description\":\"Ensemble pour la libert\u00e9 et l&#039;\u00e9mancipation des femmes\",\"potentialAction\":[{\"@type\":\"SearchAction\",\"target\":{\"@type\":\"EntryPoint\",\"urlTemplate\":\"https:\/\/togeth-her.com\/?s={search_term_string}\"},\"query-input\":\"required name=search_term_string\"}],\"inLanguage\":\"en-US\"},{\"@type\":\"WebPage\",\"@id\":\"https:\/\/togeth-her.com\/donnees-personnelles\/\",\"url\":\"https:\/\/togeth-her.com\/donnees-personnelles\/\",\"name\":\"Donn\u00e9es personnelles - Artistes \u00e0 la Une, Togeth&#039;Her\",\"isPartOf\":{\"@id\":\"https:\/\/togeth-her.com\/#website\"},\"datePublished\":\"2020-10-21T19:08:30+00:00\",\"dateModified\":\"2020-10-21T19:10:43+00:00\",\"breadcrumb\":{\"@id\":\"https:\/\/togeth-her.com\/donnees-personnelles\/#breadcrumb\"},\"inLanguage\":\"en-US\",\"potentialAction\":[{\"@type\":\"ReadAction\",\"target\":[\"https:\/\/togeth-her.com\/donnees-personnelles\/\"]}]},{\"@type\":\"BreadcrumbList\",\"@id\":\"https:\/\/togeth-her.com\/donnees-personnelles\/#breadcrumb\",\"itemListElement\":[{\"@type\":\"ListItem\",\"position\":1,\"name\":\"Accueil\",\"item\":\"https:\/\/togeth-her.com\/\"},{\"@type\":\"ListItem\",\"position\":2,\"name\":\"Donn\u00e9es personnelles\"}]}]}<\/script>\n<!-- \/ Yoast SEO plugin. -->","yoast_head_json":{"title":"Donn\u00e9es personnelles - Artistes \u00e0 la Une, Togeth&#039;Her","robots":{"index":"index","follow":"follow","max-snippet":"max-snippet:-1","max-image-preview":"max-image-preview:large","max-video-preview":"max-video-preview:-1"},"canonical":"https:\/\/togeth-her.com\/en\/donnees-personnelles\/","og_locale":"en_US","og_type":"article","og_title":"Donn\u00e9es personnelles - Artistes \u00e0 la Une, Togeth&#039;Her","og_description":"Le site togeth-her.com ne recueille aucune information \u00e0 caract\u00e8re personnel des utilisateurs qui se connectent sur ce site sans leur accord pr\u00e9alable, \u00e0 l&#8217;exception des donn\u00e9es de connexion dont l&#8217;objectif est d&#8217;identifier le visiteur pendant la dur\u00e9e de connexion. Les donn\u00e9es \u00e0 caract\u00e8re personnel que l\u2019utilisateur communique \u00e0 BB +, par l&#8217;interm\u00e9diaire notamment des demandes [&hellip;]","og_url":"https:\/\/togeth-her.com\/en\/donnees-personnelles\/","og_site_name":"Artistes \u00e0 la Une, Togeth&#039;Her","article_modified_time":"2020-10-21T19:10:43+00:00","twitter_card":"summary_large_image","twitter_misc":{"Est. reading time":"3 minutes"},"schema":{"@context":"https:\/\/schema.org","@graph":[{"@type":"WebSite","@id":"https:\/\/togeth-her.com\/#website","url":"https:\/\/togeth-her.com\/","name":"Artistes \u00e0 la Une, Togeth&#039;Her","description":"Ensemble pour la libert\u00e9 et l&#039;\u00e9mancipation des femmes","potentialAction":[{"@type":"SearchAction","target":{"@type":"EntryPoint","urlTemplate":"https:\/\/togeth-her.com\/?s={search_term_string}"},"query-input":"required name=search_term_string"}],"inLanguage":"en-US"},{"@type":"WebPage","@id":"https:\/\/togeth-her.com\/donnees-personnelles\/","url":"https:\/\/togeth-her.com\/donnees-personnelles\/","name":"Donn\u00e9es personnelles - Artistes \u00e0 la Une, Togeth&#039;Her","isPartOf":{"@id":"https:\/\/togeth-her.com\/#website"},"datePublished":"2020-10-21T19:08:30+00:00","dateModified":"2020-10-21T19:10:43+00:00","breadcrumb":{"@id":"https:\/\/togeth-her.com\/donnees-personnelles\/#breadcrumb"},"inLanguage":"en-US","potentialAction":[{"@type":"ReadAction","target":["https:\/\/togeth-her.com\/donnees-personnelles\/"]}]},{"@type":"BreadcrumbList","@id":"https:\/\/togeth-her.com\/donnees-personnelles\/#breadcrumb","itemListElement":[{"@type":"ListItem","position":1,"name":"Accueil","item":"https:\/\/togeth-her.com\/"},{"@type":"ListItem","position":2,"name":"Donn\u00e9es personnelles"}]}]}},"_links":{"self":[{"href":"https:\/\/togeth-her.com\/en\/wp-json\/wp\/v2\/pages\/4742"}],"collection":[{"href":"https:\/\/togeth-her.com\/en\/wp-json\/wp\/v2\/pages"}],"about":[{"href":"https:\/\/togeth-her.com\/en\/wp-json\/wp\/v2\/types\/page"}],"author":[{"embeddable":true,"href":"https:\/\/togeth-her.com\/en\/wp-json\/wp\/v2\/users\/2"}],"replies":[{"embeddable":true,"href":"https:\/\/togeth-her.com\/en\/wp-json\/wp\/v2\/comments?post=4742"}],"version-history":[{"count":5,"href":"https:\/\/togeth-her.com\/en\/wp-json\/wp\/v2\/pages\/4742\/revisions"}],"predecessor-version":[{"id":4782,"href":"https:\/\/togeth-her.com\/en\/wp-json\/wp\/v2\/pages\/4742\/revisions\/4782"}],"wp:attachment":[{"href":"https:\/\/togeth-her.com\/en\/wp-json\/wp\/v2\/media?parent=4742"}],"curies":[{"name":"wp","href":"https:\/\/api.w.org\/{rel}","templated":true}]}}