{"id":4790,"date":"2020-10-21T21:12:48","date_gmt":"2020-10-21T19:12:48","guid":{"rendered":"https:\/\/togeth-her.com\/?page_id=4790"},"modified":"2020-10-24T05:45:56","modified_gmt":"2020-10-24T03:45:56","slug":"contact","status":"publish","type":"page","link":"https:\/\/togeth-her.com\/en\/contact\/","title":{"rendered":"Contact"},"content":{"rendered":"<div data-elementor-type=\"wp-page\" data-elementor-id=\"4790\" class=\"elementor elementor-4790\">\n\t\t\t\t\t\t<div class=\"elementor-inner\">\n\t\t\t\t<div class=\"elementor-section-wrap\">\n\t\t\t\t\t\t\t        <section class=\"elementor-section elementor-top-section elementor-element elementor-element-e60c3db elementor-section-boxed elementor-section-height-default elementor-section-height-default\" data-id=\"e60c3db\" data-element_type=\"section\">\n            \n                        <div class=\"elementor-container elementor-column-gap-default\">\n                            <div class=\"elementor-row\">\n                    <div class=\"elementor-column elementor-col-100 elementor-top-column elementor-element elementor-element-f27ef94\" data-id=\"f27ef94\" data-element_type=\"column\">\n            <div class=\"elementor-column-wrap elementor-element-populated\">\n                            <div class=\"elementor-widget-wrap\">\n                \t\t<div class=\"elementor-element elementor-element-fa3bc50 elementor-widget elementor-widget-text-editor\" data-id=\"fa3bc50\" data-element_type=\"widget\" data-widget_type=\"text-editor.default\">\n\t\t\t\t<div class=\"elementor-widget-container\">\n\t\t\t\t\t\t\t\t<div class=\"elementor-text-editor elementor-clearfix\">\n\t\t\t\t<p>For any information, please contact us via our form below.<\/p><p>We will answer you as soon as possible by email.<\/p>\t\t\t\t\t<\/div>\n\t\t\t\t\t\t<\/div>\n\t\t\t\t<\/div>\n\t\t\t\t<div class=\"elementor-element elementor-element-2716b29 elementor-widget__width-inherit elementor-widget elementor-widget-ct_ctf7\" data-id=\"2716b29\" data-element_type=\"widget\" data-widget_type=\"ct_ctf7.default\">\n\t\t\t\t<div class=\"elementor-widget-container\">\n\t\t\t    <div class=\"ct-contact-form-layout1 style3\">\r\n                <div class=\"ct-contact-form-inner\">\r\n        \t            <div class=\"ct-contact-form\">\r\n                <div role=\"form\" class=\"wpcf7\" id=\"wpcf7-f5044-o1\" lang=\"fr-FR\" dir=\"ltr\">\n<div class=\"screen-reader-response\"><p role=\"status\" aria-live=\"polite\" aria-atomic=\"true\"><\/p> <ul><\/ul><\/div>\n<form action=\"\/en\/wp-json\/wp\/v2\/pages\/4790#wpcf7-f5044-o1\" method=\"post\" class=\"wpcf7-form init\" novalidate=\"novalidate\" data-status=\"init\" data-trp-original-action=\"\/en\/wp-json\/wp\/v2\/pages\/4790#wpcf7-f5044-o1\">\n<div style=\"display: none;\">\n<input type=\"hidden\" name=\"_wpcf7\" value=\"5044\" \/>\n<input type=\"hidden\" name=\"_wpcf7_version\" value=\"5.5.6.1\" \/>\n<input type=\"hidden\" name=\"_wpcf7_locale\" value=\"fr_FR\" \/>\n<input type=\"hidden\" name=\"_wpcf7_unit_tag\" value=\"wpcf7-f5044-o1\" \/>\n<input type=\"hidden\" name=\"_wpcf7_container_post\" value=\"0\" \/>\n<input type=\"hidden\" name=\"_wpcf7_posted_data_hash\" value=\"\" \/>\n<\/div>\n<div class=\"row\">\n<div class=\"input-filled col-12\">First name* <span class=\"wpcf7-form-control-wrap votre-nom\"><input type=\"text\" name=\"votre-nom\" value=\"\" size=\"40\" class=\"wpcf7-form-control wpcf7-text wpcf7-validates-as-required\" aria-required=\"true\" aria-invalid=\"false\" \/><\/span> <\/div>\n<div class=\"input-filled col-12\">E-mail* <span class=\"wpcf7-form-control-wrap votre-email\"><input type=\"email\" name=\"votre-email\" value=\"\" size=\"40\" class=\"wpcf7-form-control wpcf7-text wpcf7-email wpcf7-validates-as-required wpcf7-validates-as-email\" aria-required=\"true\" aria-invalid=\"false\" \/><\/span> <\/div>\n<div class=\"input-filled col-12\">Subject <span class=\"wpcf7-form-control-wrap your-subject\"><input type=\"text\" name=\"your-subject\" value=\"\" size=\"40\" class=\"wpcf7-form-control wpcf7-text\" aria-invalid=\"false\" \/><\/span> <\/div>\n<div class=\"input-filled col-12\">Your Message <span class=\"wpcf7-form-control-wrap your-message\"><textarea name=\"your-message\" cols=\"40\" rows=\"10\" class=\"wpcf7-form-control wpcf7-textarea\" aria-invalid=\"false\"><\/textarea><\/span> <\/div>\n<div class=\"input-filled col-12\"><input type=\"submit\" value=\"Send it !\" class=\"wpcf7-form-control has-spinner wpcf7-submit\" \/><\/div>\n<\/div>\n<div class=\"wpcf7-response-output\" aria-hidden=\"true\"><\/div><input type=\"hidden\" name=\"trp-form-language\" value=\"en\"\/><\/form><\/div>            <\/div>\r\n        <\/div>\r\n            <\/div>\r\n\t\t<\/div>\n\t\t\t\t<\/div>\n\t\t                <\/div>\n                    <\/div>\n        <\/div>\n                                <\/div>\n                    <\/div>\n        <\/section>\n        \t\t\t\t\t\t\t<\/div>\n\t\t\t<\/div>\n\t\t\t\t\t<\/div>","protected":false},"excerpt":{"rendered":"<p>Pour tout renseignement, merci de nous contacter via notre formulaire ci-dessous. Nous vous r\u00e9pondrons dans les plus brefs d\u00e9lais par email. Pr\u00e9nom* E-mail* Objet Votre Message<\/p>","protected":false},"author":2,"featured_media":0,"parent":0,"menu_order":0,"comment_status":"closed","ping_status":"closed","template":"","meta":[],"yoast_head":"<!-- This site is optimized with the Yoast SEO plugin v19.4 - https:\/\/yoast.com\/wordpress\/plugins\/seo\/ -->\n<title>Contact - Artistes \u00e0 la Une, Togeth&#039;Her<\/title>\n<meta name=\"robots\" content=\"index, follow, max-snippet:-1, max-image-preview:large, max-video-preview:-1\" \/>\n<link rel=\"canonical\" href=\"https:\/\/togeth-her.com\/en\/contact\/\" \/>\n<meta property=\"og:locale\" content=\"en_US\" \/>\n<meta property=\"og:type\" content=\"article\" \/>\n<meta property=\"og:title\" content=\"Contact - Artistes \u00e0 la Une, Togeth&#039;Her\" \/>\n<meta property=\"og:description\" content=\"Pour tout renseignement, merci de nous contacter via notre formulaire ci-dessous. Nous vous r\u00e9pondrons dans les plus brefs d\u00e9lais par email. Pr\u00e9nom* E-mail* Objet Votre Message\" \/>\n<meta property=\"og:url\" content=\"https:\/\/togeth-her.com\/en\/contact\/\" \/>\n<meta property=\"og:site_name\" content=\"Artistes \u00e0 la Une, Togeth&#039;Her\" \/>\n<meta property=\"article:modified_time\" content=\"2020-10-24T03:45:56+00:00\" \/>\n<meta name=\"twitter:card\" content=\"summary_large_image\" \/>\n<script type=\"application\/ld+json\" class=\"yoast-schema-graph\">{\"@context\":\"https:\/\/schema.org\",\"@graph\":[{\"@type\":\"WebSite\",\"@id\":\"https:\/\/togeth-her.com\/#website\",\"url\":\"https:\/\/togeth-her.com\/\",\"name\":\"Artistes \u00e0 la Une, Togeth&#039;Her\",\"description\":\"Ensemble pour la libert\u00e9 et l&#039;\u00e9mancipation des femmes\",\"potentialAction\":[{\"@type\":\"SearchAction\",\"target\":{\"@type\":\"EntryPoint\",\"urlTemplate\":\"https:\/\/togeth-her.com\/?s={search_term_string}\"},\"query-input\":\"required name=search_term_string\"}],\"inLanguage\":\"en-US\"},{\"@type\":\"WebPage\",\"@id\":\"https:\/\/togeth-her.com\/contact\/\",\"url\":\"https:\/\/togeth-her.com\/contact\/\",\"name\":\"Contact - Artistes \u00e0 la Une, Togeth&#039;Her\",\"isPartOf\":{\"@id\":\"https:\/\/togeth-her.com\/#website\"},\"datePublished\":\"2020-10-21T19:12:48+00:00\",\"dateModified\":\"2020-10-24T03:45:56+00:00\",\"breadcrumb\":{\"@id\":\"https:\/\/togeth-her.com\/contact\/#breadcrumb\"},\"inLanguage\":\"en-US\",\"potentialAction\":[{\"@type\":\"ReadAction\",\"target\":[\"https:\/\/togeth-her.com\/contact\/\"]}]},{\"@type\":\"BreadcrumbList\",\"@id\":\"https:\/\/togeth-her.com\/contact\/#breadcrumb\",\"itemListElement\":[{\"@type\":\"ListItem\",\"position\":1,\"name\":\"Accueil\",\"item\":\"https:\/\/togeth-her.com\/\"},{\"@type\":\"ListItem\",\"position\":2,\"name\":\"Contact\"}]}]}<\/script>\n<!-- \/ Yoast SEO plugin. -->","yoast_head_json":{"title":"Contact - Artistes \u00e0 la Une, Togeth&#039;Her","robots":{"index":"index","follow":"follow","max-snippet":"max-snippet:-1","max-image-preview":"max-image-preview:large","max-video-preview":"max-video-preview:-1"},"canonical":"https:\/\/togeth-her.com\/en\/contact\/","og_locale":"en_US","og_type":"article","og_title":"Contact - Artistes \u00e0 la Une, Togeth&#039;Her","og_description":"Pour tout renseignement, merci de nous contacter via notre formulaire ci-dessous. Nous vous r\u00e9pondrons dans les plus brefs d\u00e9lais par email. Pr\u00e9nom* E-mail* Objet Votre Message","og_url":"https:\/\/togeth-her.com\/en\/contact\/","og_site_name":"Artistes \u00e0 la Une, Togeth&#039;Her","article_modified_time":"2020-10-24T03:45:56+00:00","twitter_card":"summary_large_image","schema":{"@context":"https:\/\/schema.org","@graph":[{"@type":"WebSite","@id":"https:\/\/togeth-her.com\/#website","url":"https:\/\/togeth-her.com\/","name":"Artistes \u00e0 la Une, Togeth&#039;Her","description":"Ensemble pour la libert\u00e9 et l&#039;\u00e9mancipation des femmes","potentialAction":[{"@type":"SearchAction","target":{"@type":"EntryPoint","urlTemplate":"https:\/\/togeth-her.com\/?s={search_term_string}"},"query-input":"required name=search_term_string"}],"inLanguage":"en-US"},{"@type":"WebPage","@id":"https:\/\/togeth-her.com\/contact\/","url":"https:\/\/togeth-her.com\/contact\/","name":"Contact - Artistes \u00e0 la Une, Togeth&#039;Her","isPartOf":{"@id":"https:\/\/togeth-her.com\/#website"},"datePublished":"2020-10-21T19:12:48+00:00","dateModified":"2020-10-24T03:45:56+00:00","breadcrumb":{"@id":"https:\/\/togeth-her.com\/contact\/#breadcrumb"},"inLanguage":"en-US","potentialAction":[{"@type":"ReadAction","target":["https:\/\/togeth-her.com\/contact\/"]}]},{"@type":"BreadcrumbList","@id":"https:\/\/togeth-her.com\/contact\/#breadcrumb","itemListElement":[{"@type":"ListItem","position":1,"name":"Accueil","item":"https:\/\/togeth-her.com\/"},{"@type":"ListItem","position":2,"name":"Contact"}]}]}},"_links":{"self":[{"href":"https:\/\/togeth-her.com\/en\/wp-json\/wp\/v2\/pages\/4790"}],"collection":[{"href":"https:\/\/togeth-her.com\/en\/wp-json\/wp\/v2\/pages"}],"about":[{"href":"https:\/\/togeth-her.com\/en\/wp-json\/wp\/v2\/types\/page"}],"author":[{"embeddable":true,"href":"https:\/\/togeth-her.com\/en\/wp-json\/wp\/v2\/users\/2"}],"replies":[{"embeddable":true,"href":"https:\/\/togeth-her.com\/en\/wp-json\/wp\/v2\/comments?post=4790"}],"version-history":[{"count":11,"href":"https:\/\/togeth-her.com\/en\/wp-json\/wp\/v2\/pages\/4790\/revisions"}],"predecessor-version":[{"id":5546,"href":"https:\/\/togeth-her.com\/en\/wp-json\/wp\/v2\/pages\/4790\/revisions\/5546"}],"wp:attachment":[{"href":"https:\/\/togeth-her.com\/en\/wp-json\/wp\/v2\/media?parent=4790"}],"curies":[{"name":"wp","href":"https:\/\/api.w.org\/{rel}","templated":true}]}}