{"id":5346,"date":"2020-10-23T20:16:41","date_gmt":"2020-10-23T18:16:41","guid":{"rendered":"https:\/\/togeth-her.com\/?page_id=5346"},"modified":"2020-10-27T00:59:32","modified_gmt":"2020-10-26T23:59:32","slug":"sisley","status":"publish","type":"page","link":"https:\/\/togeth-her.com\/en\/sisley\/","title":{"rendered":"Sisley"},"content":{"rendered":"<div data-elementor-type=\"wp-page\" data-elementor-id=\"5346\" class=\"elementor elementor-5346\">\n\t\t\t\t\t\t<div class=\"elementor-inner\">\n\t\t\t\t<div class=\"elementor-section-wrap\">\n\t\t\t\t\t\t\t        <section class=\"elementor-section elementor-top-section elementor-element elementor-element-5461acb elementor-section-boxed elementor-section-height-default elementor-section-height-default\" data-id=\"5461acb\" data-element_type=\"section\">\n            \n                        <div class=\"elementor-container elementor-column-gap-default\">\n                            <div class=\"elementor-row\">\n                    <div class=\"elementor-column elementor-col-33 elementor-top-column elementor-element elementor-element-eb9dfe8\" data-id=\"eb9dfe8\" data-element_type=\"column\">\n            <div class=\"elementor-column-wrap elementor-element-populated\">\n                            <div class=\"elementor-widget-wrap\">\n                \t\t<div class=\"elementor-element elementor-element-99a38af elementor-widget elementor-widget-image\" data-id=\"99a38af\" data-element_type=\"widget\" data-widget_type=\"image.default\">\n\t\t\t\t<div class=\"elementor-widget-container\">\n\t\t\t\t\t\t\t\t<div class=\"elementor-image\">\n\t\t\t\t\t\t\t\t\t\t\t\t<img width=\"190\" height=\"247\" src=\"https:\/\/togeth-her.com\/wp-content\/uploads\/2020\/10\/Christine-d-Ornano-ddirectrice-ge\u0301ne\u0301rale-adjointe-Sisley-Artistes-a\u0300-la-Une-Togeth-HER-2020.jpg\" class=\"attachment-large size-large wp-image-5537\" alt=\"\" \/>\t\t\t\t\t\t\t\t\t\t\t\t\t\t<\/div>\n\t\t\t\t\t\t<\/div>\n\t\t\t\t<\/div>\n\t\t\t\t<div class=\"elementor-element elementor-element-e3a9d50 elementor-widget elementor-widget-text-editor\" data-id=\"e3a9d50\" data-element_type=\"widget\" data-widget_type=\"text-editor.default\">\n\t\t\t\t<div class=\"elementor-widget-container\">\n\t\t\t\t\t\t\t\t<div class=\"elementor-text-editor elementor-clearfix\">\n\t\t\t\t<div class=\"page\" title=\"Page 4\"><div class=\"layoutArea\"><div class=\"column\"><p>Christine d\u2019Ornano, <br \/>Deputy managing director of Sisley.<\/p><\/div><\/div><\/div>\t\t\t\t\t<\/div>\n\t\t\t\t\t\t<\/div>\n\t\t\t\t<\/div>\n\t\t                <\/div>\n                    <\/div>\n        <\/div>\n                <div class=\"elementor-column elementor-col-66 elementor-top-column elementor-element elementor-element-8f21837\" data-id=\"8f21837\" data-element_type=\"column\">\n            <div class=\"elementor-column-wrap elementor-element-populated\">\n                            <div class=\"elementor-widget-wrap\">\n                \t\t<div class=\"elementor-element elementor-element-b41ee8c elementor-widget elementor-widget-heading\" data-id=\"b41ee8c\" data-element_type=\"widget\" data-widget_type=\"heading.default\">\n\t\t\t\t<div class=\"elementor-widget-container\">\n\t\t\t<h2 class=\"elementor-heading-title elementor-size-default\">COMMITMENT to women<\/h2>\t\t<\/div>\n\t\t\t\t<\/div>\n\t\t\t\t<div class=\"elementor-element elementor-element-6489d1c elementor-widget elementor-widget-text-editor\" data-id=\"6489d1c\" data-element_type=\"widget\" data-widget_type=\"text-editor.default\">\n\t\t\t\t<div class=\"elementor-widget-container\">\n\t\t\t\t\t\t\t\t<div class=\"elementor-text-editor elementor-clearfix\">\n\t\t\t\t<p><em>For the second consecutive year, the family cosmetics company Sisley is supporting the Artistes \u00e0 la Une Togeth'her initiative. Loyalty built on shared values, such as defending the cause of women and artistic creation.<\/em><\/p>\t\t\t\t\t<\/div>\n\t\t\t\t\t\t<\/div>\n\t\t\t\t<\/div>\n\t\t\t\t<div class=\"elementor-element elementor-element-2c65a1f elementor-widget elementor-widget-image\" data-id=\"2c65a1f\" data-element_type=\"widget\" data-widget_type=\"image.default\">\n\t\t\t\t<div class=\"elementor-widget-container\">\n\t\t\t\t\t\t\t\t<div class=\"elementor-image\">\n\t\t\t\t\t\t\t\t\t\t\t\t<img src=\"https:\/\/togeth-her.com\/wp-content\/uploads\/elementor\/thumbs\/Sisley-Paris-Logo-Partenaires-Artistes-a-la-Une-Togeth-HER-2020-oxhyx6sdzs3wj9zta1rdu3xqzpzqeq0z1od9o0baug.jpg\" title=\"Sisley-Paris-Logo-Partenaires-Artistes-a-la-Une-Togeth-HER-2020\" alt=\"Sisley-Paris-Logo-Partenaires-Artistes-a-la-Une-Togeth-HER-2020\" loading=\"lazy\" \/>\t\t\t\t\t\t\t\t\t\t\t\t\t\t<\/div>\n\t\t\t\t\t\t<\/div>\n\t\t\t\t<\/div>\n\t\t                <\/div>\n                    <\/div>\n        <\/div>\n                                <\/div>\n                    <\/div>\n        <\/section>\n                <section class=\"elementor-section elementor-top-section elementor-element elementor-element-dd2bc15 elementor-section-boxed elementor-section-height-default elementor-section-height-default\" data-id=\"dd2bc15\" data-element_type=\"section\">\n            \n                        <div class=\"elementor-container elementor-column-gap-default\">\n                            <div class=\"elementor-row\">\n                    <div class=\"elementor-column elementor-col-100 elementor-top-column elementor-element elementor-element-cee1563\" data-id=\"cee1563\" data-element_type=\"column\">\n            <div class=\"elementor-column-wrap elementor-element-populated\">\n                            <div class=\"elementor-widget-wrap\">\n                \t\t<div class=\"elementor-element elementor-element-46cd42c elementor-widget elementor-widget-text-editor\" data-id=\"46cd42c\" data-element_type=\"widget\" data-widget_type=\"text-editor.default\">\n\t\t\t\t<div class=\"elementor-widget-container\">\n\t\t\t\t\t\t\t\t<div class=\"elementor-text-editor elementor-clearfix\">\n\t\t\t\t<p>For forty years, Sisley has been creating exchanges around art, imagining multi-disciplinary bridges, highlighting extraordinary women ?<br>It is therefore not by chance that this family business of cosmetics supports for the second year Artistes \u00e0 la Une Togeth\u2019HER. \u00ab It's a very nice initiative, insists Christine d'Ornano, deputy general manager of Sisley. It brings together artists that we love and, very often, follow, while making it possible to support causes that are close to our hearts, particularly those involving women. These causes are often linked to the actions of our Sisley-d'Ornano Foundation, which has supported more than 200 projects in ten years - 10% of which were proposed by Sisley employees. The previous edition of Artistes \u00e0 la Une raised 150,000 euros, donated to UN Women to help Mexican women victims of the 2017 earthquake rebuild their lives. This year, we are close to many of the causes proposed by the artists and their muses. I am thinking, in particular, of the Maison des Femmes de Saint-Denis. This structure, which welcomes vulnerable women, victims of violence, is truly essential. \u00bb<\/p>\n<p>Commitment is an integral part of Sisley's human values.&nbsp;<br><span style=\"color: var( --e-global-color-text ); letter-spacing: 0px;\">\u00ab Proximity is important : it rhymes with a very personal involvement, adds Christine d'Ornano. It is, for example, a source of pride for us to have contributed to the new emergency shelter for street women opened by the Samu Social in Ivry-sur-Seine. Mobilizing our employees around the Foundation, seeing our support materialize... We try in all humility to build a community concerned about the problems that surround us. \u00bb<\/span><\/p>\n<p>This desire to support, to make grow, is also reflected in the Sisley Beaux-Arts de Paris Prize for Young Creation.\u00a0\u00ab Collaborating with artists is very natural for Sisley, explains Christine d'Ornano. We regularly ask them to revisit our bottles, our visuals... These encounters are major, they nourish our reflections. We are also convinced that art needs to be supported. This is why we have created the Sisley Beaux-Arts de Paris Prize. The jury that I chair, made up exclusively of inspired and inspiring women, is dedicated to showcasing the work of an artist who has recently graduated from the prestigious school. For its first edition, the jury rewarded Karolina Orzelek, who graduated from the Beaux-Arts in 2016. The winner receives a scholarship, and her work is presented as part of the Trois-Cinq Friedland, a cultural program we have developed at our Paris headquarters. The end of the studies is a key moment. We want to be there to confirm the artists in their choice, to prove to them that they can go further, to find them a gallery... The Trois-Cinq Friedland has also just welcomed the spectacular work of Alexandre Lenoir, also a Fine Arts graduate. Represented by the Almine Rech gallery, he is, at 28 years old, one of the rising stars of painting.\u00a0\u00bb And he also signed one of the portraits sold at auction as part of the current edition of Artistes \u00e0 la Une Togeth'HER.<\/p>\t\t\t\t\t<\/div>\n\t\t\t\t\t\t<\/div>\n\t\t\t\t<\/div>\n\t\t                <\/div>\n                    <\/div>\n        <\/div>\n                                <\/div>\n                    <\/div>\n        <\/section>\n        \t\t\t\t\t\t\t<\/div>\n\t\t\t<\/div>\n\t\t\t\t\t<\/div>","protected":false},"excerpt":{"rendered":"<p>Christine d\u2019Ornano, directrice ge\u0301ne\u0301rale adjointe de Sisley. L\u2019ENGAGEMENT au f\u00e9minin Pour la deuxi\u00e8me ann\u00e9e cons\u00e9cutive, l&#8217;entreprise familiale de cosm\u00e9tiques Sisley soutient l&#8217;initiative Artistes \u00e0 la Une Togeth&#8217;her. Une fid\u00e9lit\u00e9 tis\u00e9e par des valeurs communes, telles que la d\u00e9fense de la cause des femmes et de la cr\u00e9ation artistique. Depuis quarante ans, Sisley cr\u00e9e des \u00e9changes [&hellip;]<\/p>","protected":false},"author":2,"featured_media":0,"parent":0,"menu_order":0,"comment_status":"closed","ping_status":"closed","template":"","meta":[],"yoast_head":"<!-- This site is optimized with the Yoast SEO plugin v19.4 - https:\/\/yoast.com\/wordpress\/plugins\/seo\/ -->\n<title>Sisley - Artistes \u00e0 la Une, Togeth&#039;Her<\/title>\n<meta name=\"robots\" content=\"index, follow, max-snippet:-1, max-image-preview:large, max-video-preview:-1\" \/>\n<link rel=\"canonical\" href=\"https:\/\/togeth-her.com\/en\/sisley\/\" \/>\n<meta property=\"og:locale\" content=\"en_US\" \/>\n<meta property=\"og:type\" content=\"article\" \/>\n<meta property=\"og:title\" content=\"Sisley - Artistes \u00e0 la Une, Togeth&#039;Her\" \/>\n<meta property=\"og:description\" content=\"Christine d\u2019Ornano, directrice ge\u0301ne\u0301rale adjointe de Sisley. L\u2019ENGAGEMENT au f\u00e9minin Pour la deuxi\u00e8me ann\u00e9e cons\u00e9cutive, l&#8217;entreprise familiale de cosm\u00e9tiques Sisley soutient l&#8217;initiative Artistes \u00e0 la Une Togeth&#8217;her. Une fid\u00e9lit\u00e9 tis\u00e9e par des valeurs communes, telles que la d\u00e9fense de la cause des femmes et de la cr\u00e9ation artistique. Depuis quarante ans, Sisley cr\u00e9e des \u00e9changes [&hellip;]\" \/>\n<meta property=\"og:url\" content=\"https:\/\/togeth-her.com\/en\/sisley\/\" \/>\n<meta property=\"og:site_name\" content=\"Artistes \u00e0 la Une, Togeth&#039;Her\" \/>\n<meta property=\"article:modified_time\" content=\"2020-10-26T23:59:32+00:00\" \/>\n<meta property=\"og:image\" content=\"https:\/\/togeth-her.com\/wp-content\/uploads\/2020\/10\/Christine-d-Ornano-ddirectrice-ge\u0301ne\u0301rale-adjointe-Sisley-Artistes-a\u0300-la-Une-Togeth-HER-2020.jpg\" \/>\n<meta name=\"twitter:card\" content=\"summary_large_image\" \/>\n<meta name=\"twitter:label1\" content=\"Est. reading time\" \/>\n\t<meta name=\"twitter:data1\" content=\"3 minutes\" \/>\n<script type=\"application\/ld+json\" class=\"yoast-schema-graph\">{\"@context\":\"https:\/\/schema.org\",\"@graph\":[{\"@type\":\"WebSite\",\"@id\":\"https:\/\/togeth-her.com\/#website\",\"url\":\"https:\/\/togeth-her.com\/\",\"name\":\"Artistes \u00e0 la Une, Togeth&#039;Her\",\"description\":\"Ensemble pour la libert\u00e9 et l&#039;\u00e9mancipation des femmes\",\"potentialAction\":[{\"@type\":\"SearchAction\",\"target\":{\"@type\":\"EntryPoint\",\"urlTemplate\":\"https:\/\/togeth-her.com\/?s={search_term_string}\"},\"query-input\":\"required name=search_term_string\"}],\"inLanguage\":\"en-US\"},{\"@type\":\"WebPage\",\"@id\":\"https:\/\/togeth-her.com\/sisley\/\",\"url\":\"https:\/\/togeth-her.com\/sisley\/\",\"name\":\"Sisley - Artistes \u00e0 la Une, Togeth&#039;Her\",\"isPartOf\":{\"@id\":\"https:\/\/togeth-her.com\/#website\"},\"datePublished\":\"2020-10-23T18:16:41+00:00\",\"dateModified\":\"2020-10-26T23:59:32+00:00\",\"breadcrumb\":{\"@id\":\"https:\/\/togeth-her.com\/sisley\/#breadcrumb\"},\"inLanguage\":\"en-US\",\"potentialAction\":[{\"@type\":\"ReadAction\",\"target\":[\"https:\/\/togeth-her.com\/sisley\/\"]}]},{\"@type\":\"BreadcrumbList\",\"@id\":\"https:\/\/togeth-her.com\/sisley\/#breadcrumb\",\"itemListElement\":[{\"@type\":\"ListItem\",\"position\":1,\"name\":\"Accueil\",\"item\":\"https:\/\/togeth-her.com\/\"},{\"@type\":\"ListItem\",\"position\":2,\"name\":\"Sisley\"}]}]}<\/script>\n<!-- \/ Yoast SEO plugin. -->","yoast_head_json":{"title":"Sisley - Artistes \u00e0 la Une, Togeth&#039;Her","robots":{"index":"index","follow":"follow","max-snippet":"max-snippet:-1","max-image-preview":"max-image-preview:large","max-video-preview":"max-video-preview:-1"},"canonical":"https:\/\/togeth-her.com\/en\/sisley\/","og_locale":"en_US","og_type":"article","og_title":"Sisley - Artistes \u00e0 la Une, Togeth&#039;Her","og_description":"Christine d\u2019Ornano, directrice ge\u0301ne\u0301rale adjointe de Sisley. L\u2019ENGAGEMENT au f\u00e9minin Pour la deuxi\u00e8me ann\u00e9e cons\u00e9cutive, l&#8217;entreprise familiale de cosm\u00e9tiques Sisley soutient l&#8217;initiative Artistes \u00e0 la Une Togeth&#8217;her. Une fid\u00e9lit\u00e9 tis\u00e9e par des valeurs communes, telles que la d\u00e9fense de la cause des femmes et de la cr\u00e9ation artistique. Depuis quarante ans, Sisley cr\u00e9e des \u00e9changes [&hellip;]","og_url":"https:\/\/togeth-her.com\/en\/sisley\/","og_site_name":"Artistes \u00e0 la Une, Togeth&#039;Her","article_modified_time":"2020-10-26T23:59:32+00:00","og_image":[{"url":"https:\/\/togeth-her.com\/wp-content\/uploads\/2020\/10\/Christine-d-Ornano-ddirectrice-ge\u0301ne\u0301rale-adjointe-Sisley-Artistes-a\u0300-la-Une-Togeth-HER-2020.jpg"}],"twitter_card":"summary_large_image","twitter_misc":{"Est. reading time":"3 minutes"},"schema":{"@context":"https:\/\/schema.org","@graph":[{"@type":"WebSite","@id":"https:\/\/togeth-her.com\/#website","url":"https:\/\/togeth-her.com\/","name":"Artistes \u00e0 la Une, Togeth&#039;Her","description":"Ensemble pour la libert\u00e9 et l&#039;\u00e9mancipation des femmes","potentialAction":[{"@type":"SearchAction","target":{"@type":"EntryPoint","urlTemplate":"https:\/\/togeth-her.com\/?s={search_term_string}"},"query-input":"required name=search_term_string"}],"inLanguage":"en-US"},{"@type":"WebPage","@id":"https:\/\/togeth-her.com\/sisley\/","url":"https:\/\/togeth-her.com\/sisley\/","name":"Sisley - Artistes \u00e0 la Une, Togeth&#039;Her","isPartOf":{"@id":"https:\/\/togeth-her.com\/#website"},"datePublished":"2020-10-23T18:16:41+00:00","dateModified":"2020-10-26T23:59:32+00:00","breadcrumb":{"@id":"https:\/\/togeth-her.com\/sisley\/#breadcrumb"},"inLanguage":"en-US","potentialAction":[{"@type":"ReadAction","target":["https:\/\/togeth-her.com\/sisley\/"]}]},{"@type":"BreadcrumbList","@id":"https:\/\/togeth-her.com\/sisley\/#breadcrumb","itemListElement":[{"@type":"ListItem","position":1,"name":"Accueil","item":"https:\/\/togeth-her.com\/"},{"@type":"ListItem","position":2,"name":"Sisley"}]}]}},"_links":{"self":[{"href":"https:\/\/togeth-her.com\/en\/wp-json\/wp\/v2\/pages\/5346"}],"collection":[{"href":"https:\/\/togeth-her.com\/en\/wp-json\/wp\/v2\/pages"}],"about":[{"href":"https:\/\/togeth-her.com\/en\/wp-json\/wp\/v2\/types\/page"}],"author":[{"embeddable":true,"href":"https:\/\/togeth-her.com\/en\/wp-json\/wp\/v2\/users\/2"}],"replies":[{"embeddable":true,"href":"https:\/\/togeth-her.com\/en\/wp-json\/wp\/v2\/comments?post=5346"}],"version-history":[{"count":25,"href":"https:\/\/togeth-her.com\/en\/wp-json\/wp\/v2\/pages\/5346\/revisions"}],"predecessor-version":[{"id":5713,"href":"https:\/\/togeth-her.com\/en\/wp-json\/wp\/v2\/pages\/5346\/revisions\/5713"}],"wp:attachment":[{"href":"https:\/\/togeth-her.com\/en\/wp-json\/wp\/v2\/media?parent=5346"}],"curies":[{"name":"wp","href":"https:\/\/api.w.org\/{rel}","templated":true}]}}