{"id":5579,"date":"2020-10-24T07:31:15","date_gmt":"2020-10-24T05:31:15","guid":{"rendered":"https:\/\/togeth-her.com\/?page_id=5579"},"modified":"2020-11-05T21:25:34","modified_gmt":"2020-11-05T20:25:34","slug":"ubs","status":"publish","type":"page","link":"https:\/\/togeth-her.com\/en\/ubs\/","title":{"rendered":"UBS"},"content":{"rendered":"<div data-elementor-type=\"wp-page\" data-elementor-id=\"5579\" class=\"elementor elementor-5579\">\n\t\t\t\t\t\t<div class=\"elementor-inner\">\n\t\t\t\t<div class=\"elementor-section-wrap\">\n\t\t\t\t\t\t\t        <section class=\"elementor-section elementor-top-section elementor-element elementor-element-8aa5220 elementor-section-boxed elementor-section-height-default elementor-section-height-default\" data-id=\"8aa5220\" data-element_type=\"section\">\n            \n                        <div class=\"elementor-container elementor-column-gap-default\">\n                            <div class=\"elementor-row\">\n                    <div class=\"elementor-column elementor-col-16 elementor-top-column elementor-element elementor-element-f5d236c\" data-id=\"f5d236c\" data-element_type=\"column\">\n            <div class=\"elementor-column-wrap elementor-element-populated\">\n                            <div class=\"elementor-widget-wrap\">\n                \t\t<div class=\"elementor-element elementor-element-99a38af elementor-widget elementor-widget-image\" data-id=\"99a38af\" data-element_type=\"widget\" data-widget_type=\"image.default\">\n\t\t\t\t<div class=\"elementor-widget-container\">\n\t\t\t\t\t\t\t\t<div class=\"elementor-image\">\n\t\t\t\t\t\t\t\t\t\t\t\t<img width=\"144\" height=\"200\" src=\"https:\/\/togeth-her.com\/wp-content\/uploads\/2020\/10\/Vale\u0301rie-Steimle\u0301-directrice-marketing-communication-UBS-France-Artistes-a\u0300-la-Une-Togeth-HER-2020.jpg\" class=\"attachment-large size-large wp-image-5541\" alt=\"\" \/>\t\t\t\t\t\t\t\t\t\t\t\t\t\t<\/div>\n\t\t\t\t\t\t<\/div>\n\t\t\t\t<\/div>\n\t\t\t\t<div class=\"elementor-element elementor-element-e3a9d50 elementor-widget elementor-widget-text-editor\" data-id=\"e3a9d50\" data-element_type=\"widget\" data-widget_type=\"text-editor.default\">\n\t\t\t\t<div class=\"elementor-widget-container\">\n\t\t\t\t\t\t\t\t<div class=\"elementor-text-editor elementor-clearfix\">\n\t\t\t\t<div class=\"page\" title=\"Page 4\"><div class=\"layoutArea\"><div class=\"column\"><div class=\"page\" title=\"Page 4\"><div class=\"layoutArea\"><div class=\"column\"><p>Vale\u0301rie Steimle\u0301, directrice marketing et communication d\u2019UBS France.<\/p><\/div><\/div><\/div><\/div><\/div><\/div>\t\t\t\t\t<\/div>\n\t\t\t\t\t\t<\/div>\n\t\t\t\t<\/div>\n\t\t                <\/div>\n                    <\/div>\n        <\/div>\n                <div class=\"elementor-column elementor-col-16 elementor-top-column elementor-element elementor-element-5cf281f\" data-id=\"5cf281f\" data-element_type=\"column\">\n            <div class=\"elementor-column-wrap elementor-element-populated\">\n                            <div class=\"elementor-widget-wrap\">\n                \t\t<div class=\"elementor-element elementor-element-6bcadc8 elementor-widget elementor-widget-image\" data-id=\"6bcadc8\" data-element_type=\"widget\" data-widget_type=\"image.default\">\n\t\t\t\t<div class=\"elementor-widget-container\">\n\t\t\t\t\t\t\t\t<div class=\"elementor-image\">\n\t\t\t\t\t\t\t\t\t\t\t\t<img width=\"140\" height=\"200\" src=\"https:\/\/togeth-her.com\/wp-content\/uploads\/2020\/10\/Be\u0301atrice-Lorin-Gue\u0301rin-directrice-ressources-humaines-membre-directoire-UBS-France-Artistes-a\u0300-la-Une-Togeth-HER-2020.jpg\" class=\"attachment-large size-large wp-image-5536\" alt=\"\" \/>\t\t\t\t\t\t\t\t\t\t\t\t\t\t<\/div>\n\t\t\t\t\t\t<\/div>\n\t\t\t\t<\/div>\n\t\t\t\t<div class=\"elementor-element elementor-element-8f0c62d elementor-widget elementor-widget-text-editor\" data-id=\"8f0c62d\" data-element_type=\"widget\" data-widget_type=\"text-editor.default\">\n\t\t\t\t<div class=\"elementor-widget-container\">\n\t\t\t\t\t\t\t\t<div class=\"elementor-text-editor elementor-clearfix\">\n\t\t\t\t<div class=\"page\" title=\"Page 4\"><div class=\"layoutArea\"><div class=\"column\"><div class=\"page\" title=\"Page 4\"><div class=\"layoutArea\"><div class=\"column\"><p>Be\u0301atrice Lorin-Gue\u0301rin, directrice des ressources humaines et membre du directoire d\u2019UBS France.<\/p><\/div><\/div><\/div><\/div><\/div><\/div>\t\t\t\t\t<\/div>\n\t\t\t\t\t\t<\/div>\n\t\t\t\t<\/div>\n\t\t                <\/div>\n                    <\/div>\n        <\/div>\n                <div class=\"elementor-column elementor-col-66 elementor-top-column elementor-element elementor-element-c93bd83\" data-id=\"c93bd83\" data-element_type=\"column\">\n            <div class=\"elementor-column-wrap elementor-element-populated\">\n                            <div class=\"elementor-widget-wrap\">\n                \t\t<div class=\"elementor-element elementor-element-b41ee8c elementor-widget elementor-widget-heading\" data-id=\"b41ee8c\" data-element_type=\"widget\" data-widget_type=\"heading.default\">\n\t\t\t\t<div class=\"elementor-widget-container\">\n\t\t\t<h2 class=\"elementor-heading-title elementor-size-default\">SOLIDARITY over time<\/h2>\t\t<\/div>\n\t\t\t\t<\/div>\n\t\t\t\t<div class=\"elementor-element elementor-element-6489d1c elementor-widget elementor-widget-text-editor\" data-id=\"6489d1c\" data-element_type=\"widget\" data-widget_type=\"text-editor.default\">\n\t\t\t\t<div class=\"elementor-widget-container\">\n\t\t\t\t\t\t\t\t<div class=\"elementor-text-editor elementor-clearfix\">\n\t\t\t\t<p><em>The bank <a href=\"https:\/\/www.ubs.com\/fr\/fr.html\" target=\"_blank\" rel=\"noopener\">UBS<\/a> a world leader in wealth management, is once again supporting this year's Artistes \u00e0 la Une Togeth'Her event. A partnership that is in keeping with the institution's commitment to contemporary art and gender equality.<\/em><\/p>\t\t\t\t\t<\/div>\n\t\t\t\t\t\t<\/div>\n\t\t\t\t<\/div>\n\t\t\t\t<div class=\"elementor-element elementor-element-2c65a1f elementor-widget elementor-widget-image\" data-id=\"2c65a1f\" data-element_type=\"widget\" data-widget_type=\"image.default\">\n\t\t\t\t<div class=\"elementor-widget-container\">\n\t\t\t\t\t\t\t\t<div class=\"elementor-image\">\n\t\t\t\t\t\t\t\t\t\t\t\t\t<a href=\"https:\/\/www.ubs.com\/fr\/fr.html\" target=\"_blank\">\n\t\t\t\t\t\t\t<img src=\"https:\/\/togeth-her.com\/wp-content\/uploads\/elementor\/thumbs\/UBS-Logo-Partenaires-Artistes-a-la-Une-Togeth-HER-2020-oxhyy8dxl5jdfoh76i0glug6r4ueym68iugov2rjxk.jpg\" title=\"UBS-Logo-Partenaires-Artistes-a-la-Une-Togeth-HER-2020\" alt=\"UBS-Logo-Partenaires-Artistes-a-la-Une-Togeth-HER-2020\" loading=\"lazy\" \/>\t\t\t\t\t\t\t\t<\/a>\n\t\t\t\t\t\t\t\t\t\t\t\t\t\t<\/div>\n\t\t\t\t\t\t<\/div>\n\t\t\t\t<\/div>\n\t\t                <\/div>\n                    <\/div>\n        <\/div>\n                                <\/div>\n                    <\/div>\n        <\/section>\n                <section class=\"elementor-section elementor-top-section elementor-element elementor-element-dd2bc15 elementor-section-boxed elementor-section-height-default elementor-section-height-default\" data-id=\"dd2bc15\" data-element_type=\"section\">\n            \n                        <div class=\"elementor-container elementor-column-gap-default\">\n                            <div class=\"elementor-row\">\n                    <div class=\"elementor-column elementor-col-100 elementor-top-column elementor-element elementor-element-cee1563\" data-id=\"cee1563\" data-element_type=\"column\">\n            <div class=\"elementor-column-wrap elementor-element-populated\">\n                            <div class=\"elementor-widget-wrap\">\n                \t\t<div class=\"elementor-element elementor-element-46cd42c elementor-widget elementor-widget-text-editor\" data-id=\"46cd42c\" data-element_type=\"widget\" data-widget_type=\"text-editor.default\">\n\t\t\t\t<div class=\"elementor-widget-container\">\n\t\t\t\t\t\t\t\t<div class=\"elementor-text-editor elementor-clearfix\">\n\t\t\t\t<div class=\"page\" title=\"Page 4\"><div class=\"layoutArea\"><div class=\"column\"><p>Sixty years ago, the UBS Art Collection was born. Today, it is one of the largest corporate collections dedicated to contemporary art, with 30,000 works from 1960 to the present day.\u00a0<\/p><p><span style=\"color: var( --e-global-color-text ); letter-spacing: 0px;\">\u00ab\u00a0UBS has been supporting artists for several decades, insists Val\u00e9rie Steiml\u00e9, marketing and communication director of UBS France. It is therefore natural for us to support Artistes \u00e0 la Une Togeth'Her. This partnership is all the more coherent as UBS also has at heart to highlight exceptional women. This involves many actions. Thus, in 2016, UBS asked Annie Leibovitz to create portraits of women politicians, artists, philanthropists and writers. This work was the subject of an exhibition WOMEN : New Portraits presented in ten cities around the world and then became part of the UBS Art Collection. Our desire to showcase sharp minds is also taking shape with Nobel Perspectives, a platform that is the largest repository of digital content on the economic theories of Nobel Prize winners. We have expanded this program to highlight women in economics, such as Esther Duflo, the youngest Nobel Prize winner in economics. Finally, UBS created Women in Economics, in partnership with the Centre for Economic Policy Research, an independent network of more than 1,300 economists: a great way to promote role models and inspire our clients and women in general. \u00bb<\/span><\/p><p>These actions go hand in hand with a company policy aimed at increasing the number of women in the teams. \u00ab\u00a0 In the financial\u00a0<span style=\"color: var( --e-global-color-text ); letter-spacing: 0px;\">sector, Women are under-represented, especially at senior levels, said B\u00e9atrice Lorin-Gu\u00e9rin, Head of Human Resources and member of the Executive Board of UBS France. The group has set itself the goal of getting the lines moving. The only woman Chief Executive Officer of a major European bank is Christine Novakovic, Chairman of the Executive Board of UBS Europe SE, which covers European countries in private and investment banking. UBS's Gender Equality Index is above the norm. And we want to go even further. We support French women entrepreneurs by organizing meetings, exchanges of experience and debates for them alone. We encourage the training of young female bankers in the development of their leadership skills. \u00bb<\/span><\/p><div class=\"page\" title=\"Page 4\"><div class=\"layoutArea\"><div class=\"column\"><p>This consistency is one of UBS's special features. The bank was one of the first 44 companies to sign the United Nations Global Compact in 2000. For twenty years, it has defended its principles in terms of human rights, labor standards and the environment. In this context, it has just launched #Togetherband, with the Bottletop brand. The profits from the sales of the friendship bracelets in 17 colors - like the 17 objectives of the pact - and offered through this campaign are donated to companies invested in sustainable development. These accessories are made by Nepalese craftswomen from plastic fished from the oceans and steel from confiscated illegal firearms. For the purchase of a bracelet, a second one is offered.<\/p><p>Passion for contemporary art, defense of gender equality, commitment to sustainable development ... The meeting between UBS France and Artistes \u00e0 la Une Togeth'Her was inevitable.<\/p><\/div><\/div><\/div><\/div><\/div><\/div>\t\t\t\t\t<\/div>\n\t\t\t\t\t\t<\/div>\n\t\t\t\t<\/div>\n\t\t                <\/div>\n                    <\/div>\n        <\/div>\n                                <\/div>\n                    <\/div>\n        <\/section>\n        \t\t\t\t\t\t\t<\/div>\n\t\t\t<\/div>\n\t\t\t\t\t<\/div>","protected":false},"excerpt":{"rendered":"<p>Vale\u0301rie Steimle\u0301, directrice marketing et communication d\u2019UBS France. Be\u0301atrice Lorin-Gue\u0301rin, directrice des ressources humaines et membre du directoire d\u2019UBS France. LA SOLIDARITE\u0301 dans la dure\u0301e La banque UBS leader mondial de gestion de fortune, soutient de nouveau cette anne\u0301e l\u2019e\u0301ve\u0301nement Artistes a\u0300 la Une Togeth\u2019Her. Un partenariat qui s\u2019inscrit dans le temps et fait e\u0301cho [&hellip;]<\/p>","protected":false},"author":1,"featured_media":0,"parent":0,"menu_order":0,"comment_status":"closed","ping_status":"closed","template":"","meta":[],"yoast_head":"<!-- This site is optimized with the Yoast SEO plugin v19.4 - https:\/\/yoast.com\/wordpress\/plugins\/seo\/ -->\n<title>UBS - Artistes \u00e0 la Une, Togeth&#039;Her<\/title>\n<meta name=\"robots\" content=\"index, follow, max-snippet:-1, max-image-preview:large, max-video-preview:-1\" \/>\n<link rel=\"canonical\" href=\"https:\/\/togeth-her.com\/en\/ubs\/\" \/>\n<meta property=\"og:locale\" content=\"en_US\" \/>\n<meta property=\"og:type\" content=\"article\" \/>\n<meta property=\"og:title\" content=\"UBS - Artistes \u00e0 la Une, Togeth&#039;Her\" \/>\n<meta property=\"og:description\" content=\"Vale\u0301rie Steimle\u0301, directrice marketing et communication d\u2019UBS France. Be\u0301atrice Lorin-Gue\u0301rin, directrice des ressources humaines et membre du directoire d\u2019UBS France. LA SOLIDARITE\u0301 dans la dure\u0301e La banque UBS leader mondial de gestion de fortune, soutient de nouveau cette anne\u0301e l\u2019e\u0301ve\u0301nement Artistes a\u0300 la Une Togeth\u2019Her. Un partenariat qui s\u2019inscrit dans le temps et fait e\u0301cho [&hellip;]\" \/>\n<meta property=\"og:url\" content=\"https:\/\/togeth-her.com\/en\/ubs\/\" \/>\n<meta property=\"og:site_name\" content=\"Artistes \u00e0 la Une, Togeth&#039;Her\" \/>\n<meta property=\"article:modified_time\" content=\"2020-11-05T20:25:34+00:00\" \/>\n<meta property=\"og:image\" content=\"https:\/\/togeth-her.com\/wp-content\/uploads\/2020\/10\/Vale\u0301rie-Steimle\u0301-directrice-marketing-communication-UBS-France-Artistes-a\u0300-la-Une-Togeth-HER-2020.jpg\" \/>\n<meta name=\"twitter:card\" content=\"summary_large_image\" \/>\n<meta name=\"twitter:label1\" content=\"Est. reading time\" \/>\n\t<meta name=\"twitter:data1\" content=\"3 minutes\" \/>\n<script type=\"application\/ld+json\" class=\"yoast-schema-graph\">{\"@context\":\"https:\/\/schema.org\",\"@graph\":[{\"@type\":\"WebSite\",\"@id\":\"https:\/\/togeth-her.com\/#website\",\"url\":\"https:\/\/togeth-her.com\/\",\"name\":\"Artistes \u00e0 la Une, Togeth&#039;Her\",\"description\":\"Ensemble pour la libert\u00e9 et l&#039;\u00e9mancipation des femmes\",\"potentialAction\":[{\"@type\":\"SearchAction\",\"target\":{\"@type\":\"EntryPoint\",\"urlTemplate\":\"https:\/\/togeth-her.com\/?s={search_term_string}\"},\"query-input\":\"required name=search_term_string\"}],\"inLanguage\":\"en-US\"},{\"@type\":\"WebPage\",\"@id\":\"https:\/\/togeth-her.com\/ubs\/\",\"url\":\"https:\/\/togeth-her.com\/ubs\/\",\"name\":\"UBS - Artistes \u00e0 la Une, Togeth&#039;Her\",\"isPartOf\":{\"@id\":\"https:\/\/togeth-her.com\/#website\"},\"datePublished\":\"2020-10-24T05:31:15+00:00\",\"dateModified\":\"2020-11-05T20:25:34+00:00\",\"breadcrumb\":{\"@id\":\"https:\/\/togeth-her.com\/ubs\/#breadcrumb\"},\"inLanguage\":\"en-US\",\"potentialAction\":[{\"@type\":\"ReadAction\",\"target\":[\"https:\/\/togeth-her.com\/ubs\/\"]}]},{\"@type\":\"BreadcrumbList\",\"@id\":\"https:\/\/togeth-her.com\/ubs\/#breadcrumb\",\"itemListElement\":[{\"@type\":\"ListItem\",\"position\":1,\"name\":\"Accueil\",\"item\":\"https:\/\/togeth-her.com\/\"},{\"@type\":\"ListItem\",\"position\":2,\"name\":\"UBS\"}]}]}<\/script>\n<!-- \/ Yoast SEO plugin. -->","yoast_head_json":{"title":"UBS - Artistes \u00e0 la Une, Togeth&#039;Her","robots":{"index":"index","follow":"follow","max-snippet":"max-snippet:-1","max-image-preview":"max-image-preview:large","max-video-preview":"max-video-preview:-1"},"canonical":"https:\/\/togeth-her.com\/en\/ubs\/","og_locale":"en_US","og_type":"article","og_title":"UBS - Artistes \u00e0 la Une, Togeth&#039;Her","og_description":"Vale\u0301rie Steimle\u0301, directrice marketing et communication d\u2019UBS France. Be\u0301atrice Lorin-Gue\u0301rin, directrice des ressources humaines et membre du directoire d\u2019UBS France. LA SOLIDARITE\u0301 dans la dure\u0301e La banque UBS leader mondial de gestion de fortune, soutient de nouveau cette anne\u0301e l\u2019e\u0301ve\u0301nement Artistes a\u0300 la Une Togeth\u2019Her. Un partenariat qui s\u2019inscrit dans le temps et fait e\u0301cho [&hellip;]","og_url":"https:\/\/togeth-her.com\/en\/ubs\/","og_site_name":"Artistes \u00e0 la Une, Togeth&#039;Her","article_modified_time":"2020-11-05T20:25:34+00:00","og_image":[{"url":"https:\/\/togeth-her.com\/wp-content\/uploads\/2020\/10\/Vale\u0301rie-Steimle\u0301-directrice-marketing-communication-UBS-France-Artistes-a\u0300-la-Une-Togeth-HER-2020.jpg"}],"twitter_card":"summary_large_image","twitter_misc":{"Est. reading time":"3 minutes"},"schema":{"@context":"https:\/\/schema.org","@graph":[{"@type":"WebSite","@id":"https:\/\/togeth-her.com\/#website","url":"https:\/\/togeth-her.com\/","name":"Artistes \u00e0 la Une, Togeth&#039;Her","description":"Ensemble pour la libert\u00e9 et l&#039;\u00e9mancipation des femmes","potentialAction":[{"@type":"SearchAction","target":{"@type":"EntryPoint","urlTemplate":"https:\/\/togeth-her.com\/?s={search_term_string}"},"query-input":"required name=search_term_string"}],"inLanguage":"en-US"},{"@type":"WebPage","@id":"https:\/\/togeth-her.com\/ubs\/","url":"https:\/\/togeth-her.com\/ubs\/","name":"UBS - Artistes \u00e0 la Une, Togeth&#039;Her","isPartOf":{"@id":"https:\/\/togeth-her.com\/#website"},"datePublished":"2020-10-24T05:31:15+00:00","dateModified":"2020-11-05T20:25:34+00:00","breadcrumb":{"@id":"https:\/\/togeth-her.com\/ubs\/#breadcrumb"},"inLanguage":"en-US","potentialAction":[{"@type":"ReadAction","target":["https:\/\/togeth-her.com\/ubs\/"]}]},{"@type":"BreadcrumbList","@id":"https:\/\/togeth-her.com\/ubs\/#breadcrumb","itemListElement":[{"@type":"ListItem","position":1,"name":"Accueil","item":"https:\/\/togeth-her.com\/"},{"@type":"ListItem","position":2,"name":"UBS"}]}]}},"_links":{"self":[{"href":"https:\/\/togeth-her.com\/en\/wp-json\/wp\/v2\/pages\/5579"}],"collection":[{"href":"https:\/\/togeth-her.com\/en\/wp-json\/wp\/v2\/pages"}],"about":[{"href":"https:\/\/togeth-her.com\/en\/wp-json\/wp\/v2\/types\/page"}],"author":[{"embeddable":true,"href":"https:\/\/togeth-her.com\/en\/wp-json\/wp\/v2\/users\/1"}],"replies":[{"embeddable":true,"href":"https:\/\/togeth-her.com\/en\/wp-json\/wp\/v2\/comments?post=5579"}],"version-history":[{"count":14,"href":"https:\/\/togeth-her.com\/en\/wp-json\/wp\/v2\/pages\/5579\/revisions"}],"predecessor-version":[{"id":6106,"href":"https:\/\/togeth-her.com\/en\/wp-json\/wp\/v2\/pages\/5579\/revisions\/6106"}],"wp:attachment":[{"href":"https:\/\/togeth-her.com\/en\/wp-json\/wp\/v2\/media?parent=5579"}],"curies":[{"name":"wp","href":"https:\/\/api.w.org\/{rel}","templated":true}]}}