{"id":5589,"date":"2020-10-24T08:00:37","date_gmt":"2020-10-24T06:00:37","guid":{"rendered":"https:\/\/togeth-her.com\/?page_id=5589"},"modified":"2021-06-10T23:27:16","modified_gmt":"2021-06-10T21:27:16","slug":"ivanhoe-cambridge","status":"publish","type":"page","link":"https:\/\/togeth-her.com\/en\/ivanhoe-cambridge\/","title":{"rendered":"Ivanho\u00e9 Cambridge"},"content":{"rendered":"<div data-elementor-type=\"wp-page\" data-elementor-id=\"5589\" class=\"elementor elementor-5589\">\n\t\t\t\t\t\t<div class=\"elementor-inner\">\n\t\t\t\t<div class=\"elementor-section-wrap\">\n\t\t\t\t\t\t\t        <section class=\"elementor-section elementor-top-section elementor-element elementor-element-5461acb elementor-section-boxed elementor-section-height-default elementor-section-height-default\" data-id=\"5461acb\" data-element_type=\"section\">\n            \n                        <div class=\"elementor-container elementor-column-gap-default\">\n                            <div class=\"elementor-row\">\n                    <div class=\"elementor-column elementor-col-33 elementor-top-column elementor-element elementor-element-eb9dfe8\" data-id=\"eb9dfe8\" data-element_type=\"column\">\n            <div class=\"elementor-column-wrap elementor-element-populated\">\n                            <div class=\"elementor-widget-wrap\">\n                \t\t<div class=\"elementor-element elementor-element-99a38af elementor-widget elementor-widget-image\" data-id=\"99a38af\" data-element_type=\"widget\" data-widget_type=\"image.default\">\n\t\t\t\t<div class=\"elementor-widget-container\">\n\t\t\t\t\t\t\t\t<div class=\"elementor-image\">\n\t\t\t\t\t\t\t\t\t\t\t\t<img width=\"188\" height=\"244\" src=\"https:\/\/togeth-her.com\/wp-content\/uploads\/2020\/10\/Nathalie-Palladitcheff-presidente-Ivanhoe\u0301-Cambridge-Artistes-a\u0300-la-Une-Togeth-HER-2020.jpg\" class=\"attachment-large size-large wp-image-5540\" alt=\"\" \/>\t\t\t\t\t\t\t\t\t\t\t\t\t\t<\/div>\n\t\t\t\t\t\t<\/div>\n\t\t\t\t<\/div>\n\t\t\t\t<div class=\"elementor-element elementor-element-e3a9d50 elementor-widget elementor-widget-text-editor\" data-id=\"e3a9d50\" data-element_type=\"widget\" data-widget_type=\"text-editor.default\">\n\t\t\t\t<div class=\"elementor-widget-container\">\n\t\t\t\t\t\t\t\t<div class=\"elementor-text-editor elementor-clearfix\">\n\t\t\t\t<div class=\"page\" title=\"Page 4\"><div class=\"layoutArea\"><div class=\"column\"><div class=\"page\" title=\"Page 5\"><div class=\"section\"><div class=\"layoutArea\"><div class=\"column\"><p>Nathalie Palladitcheff, <br \/>President of Ivanhoe Cambridge.<\/p><\/div><\/div><\/div><\/div><\/div><\/div><\/div>\t\t\t\t\t<\/div>\n\t\t\t\t\t\t<\/div>\n\t\t\t\t<\/div>\n\t\t                <\/div>\n                    <\/div>\n        <\/div>\n                <div class=\"elementor-column elementor-col-66 elementor-top-column elementor-element elementor-element-8f21837\" data-id=\"8f21837\" data-element_type=\"column\">\n            <div class=\"elementor-column-wrap elementor-element-populated\">\n                            <div class=\"elementor-widget-wrap\">\n                \t\t<div class=\"elementor-element elementor-element-b41ee8c elementor-widget elementor-widget-heading\" data-id=\"b41ee8c\" data-element_type=\"widget\" data-widget_type=\"heading.default\">\n\t\t\t\t<div class=\"elementor-widget-container\">\n\t\t\t<h2 class=\"elementor-heading-title elementor-size-default\">The Art of DIVERSITY<\/h2>\t\t<\/div>\n\t\t\t\t<\/div>\n\t\t\t\t<div class=\"elementor-element elementor-element-6489d1c elementor-widget elementor-widget-text-editor\" data-id=\"6489d1c\" data-element_type=\"widget\" data-widget_type=\"text-editor.default\">\n\t\t\t\t<div class=\"elementor-widget-container\">\n\t\t\t\t\t\t\t\t<div class=\"elementor-text-editor elementor-clearfix\">\n\t\t\t\t<p>Nathalie Palladitcheff is President of Ivanhoe Cambridge, a global leader in the real estate industry. The values of diversity, complementarity and sustainability that she upholds resonate perfectly with those of Togeth'HER's signature artist event.<\/p>\t\t\t\t\t<\/div>\n\t\t\t\t\t\t<\/div>\n\t\t\t\t<\/div>\n\t\t\t\t<div class=\"elementor-element elementor-element-2c65a1f elementor-widget elementor-widget-image\" data-id=\"2c65a1f\" data-element_type=\"widget\" data-widget_type=\"image.default\">\n\t\t\t\t<div class=\"elementor-widget-container\">\n\t\t\t\t\t\t\t\t<div class=\"elementor-image\">\n\t\t\t\t\t\t\t\t\t\t\t\t<img src=\"https:\/\/togeth-her.com\/wp-content\/uploads\/elementor\/thumbs\/Ivanhoe\u0301-Cambridge-Logo-Partenaires-Artistes-a-la-Une-Togeth-HER-2020-oxhyxjy4nglx1tgp57g5t0m7b46vehh7rhi2dvrsfc.jpg\" title=\"Ivanhoe\u0301-Cambridge-Logo-Partenaires-Artistes-a-la-Une-Togeth-HER-2020\" alt=\"Ivanhoe\u0301-Cambridge-Logo-Partenaires-Artistes-a-la-Une-Togeth-HER-2020\" loading=\"lazy\" \/>\t\t\t\t\t\t\t\t\t\t\t\t\t\t<\/div>\n\t\t\t\t\t\t<\/div>\n\t\t\t\t<\/div>\n\t\t                <\/div>\n                    <\/div>\n        <\/div>\n                                <\/div>\n                    <\/div>\n        <\/section>\n                <section class=\"elementor-section elementor-top-section elementor-element elementor-element-dd2bc15 elementor-section-boxed elementor-section-height-default elementor-section-height-default\" data-id=\"dd2bc15\" data-element_type=\"section\">\n            \n                        <div class=\"elementor-container elementor-column-gap-default\">\n                            <div class=\"elementor-row\">\n                    <div class=\"elementor-column elementor-col-100 elementor-top-column elementor-element elementor-element-cee1563\" data-id=\"cee1563\" data-element_type=\"column\">\n            <div class=\"elementor-column-wrap elementor-element-populated\">\n                            <div class=\"elementor-widget-wrap\">\n                \t\t<div class=\"elementor-element elementor-element-46cd42c elementor-widget elementor-widget-text-editor\" data-id=\"46cd42c\" data-element_type=\"widget\" data-widget_type=\"text-editor.default\">\n\t\t\t\t<div class=\"elementor-widget-container\">\n\t\t\t\t\t\t\t\t<div class=\"elementor-text-editor elementor-clearfix\">\n\t\t\t\t<div class=\"page\" title=\"Page 5\"><div class=\"section\"><div class=\"layoutArea\"><div class=\"column\"><p>Avec 60,4 milliards de dollars d\u2019actifs et plus de 1000 salarie\u0301s, Ivanhoe\u0301 Cambridge, filiale de la Caisse de de\u0301po\u0302t et placement du Que\u0301bec, est un leader mondial de l\u2019immobilier. Et il est dirige\u0301 par une femme : Nathalie Palladitcheff. Pre\u0301sidente et cheffe de la direction d\u2019Ivanhoe\u0301 Cambridge, Nathalie Palladitcheff a quitte\u0301 avec sa famille sa France natale et la socie\u0301te\u0301 Icade pour prendre ses fonctions de Chief Financial Officer a\u0300 Montre\u0301al en 2015, avant d\u2019e\u0302tre nomme\u0301e PDG. Un parcours exceptionnel et atypique, qui explique son attachement a\u0300 la diversite\u0301. \u00ab Je fais partie des rares femmes dirigeantes dans le secteur immobilier. Nous ge\u0301rons l\u2019e\u0301pargne des Que\u0301be\u0301coises et des Que\u0301be\u0301cois, notre responsabilite\u0301 est donc immense. De plus, nous re\u0301alisons les trois quarts de nos activite\u0301s a\u0300 l\u2019exte\u0301rieur du Canada. Nous avons donc par essence une mission e\u0301minemment sociale et socie\u0301tale. Je suis ainsi persuade\u0301e que, pour ba\u0302tir le monde de demain de fac\u0327on durable, nous devons de\u0301fendre la diversite\u0301 et la comple\u0301mentarite\u0301. Quand on s\u2019appuie sur un seul pilier, on est toujours fragile. Il faut les multiplier pour assurer la solidite\u0301. Cette image, qui sied bien a\u0300 Ivanhoe\u0301 Cambridge, refle\u0300te ma vision du management. La richesse des points de vue et des profils est une force pour l\u2019entreprise. C\u2019est pour cela, notamment, qu\u2019il faut valoriser les femmes inspirantes, si rares dans le milieu de l\u2019immobilier ou\u0300 l\u2019on ne compte que 15 % de professionnelles. D\u2019ou\u0300 notre inte\u0301re\u0302t pour un e\u0301ve\u0301nement comme Artistes a\u0300 la une Togeth\u2019HER \u00bb, explique Nathalie Palladitcheff.<\/p><p>Another strategic focus for the manager is to have a positive impact wherever Ivanhoe Cambridge develops projects. <br \/>\u00ab\u00a0It's important to connect to communities, she insists. This can be done through philanthropy and patronage, which are widespread in North America. This can be done through donations of money or time. Each year, our employees dedicate 4,000 hours of work to this type of mission. This connection is also instilled through art, which helps to forge a bond with the people for whom we build buildings. So we have a program for integrating works of art into public spaces.\u00a0\u00bb As a result, close to 500 works of art, some of which are museum-quality, are distributed around the world at Ivanhoe Cambridge properties.\u00a0 \u00ab\u00a0The work of an artist creates a relationship with the individual : when you admire him or her in the morning as you walk into the office, the day suddenly takes on its full meaning, she enthuses. For example, I am very proud of the choice we made for the DUO Towers in the 13th arrondissement of Paris, which we are building under the aegis of architect Jean Nouvel. They will house a sculpture by Canadian Ed Pien. He was inspired by the emblematic trees in the parks of Paris to illustrate the communion between culture and nature. It is a strong gesture, which places us in a timeless dimension and reflects our approach to sustainability. \u00bb<\/p><div class=\"page\" title=\"Page 5\"><div class=\"section\"><div class=\"layoutArea\"><div class=\"column\"><p>Nathalie Palladitcheff has defended these principles fully at Ivanhoe Cambridge since the beginning of her career thirty years ago: \u00ab\u00a0 Women bring a complementary voice, and that's an asset in the face of adversity. As a leader, I have to encourage women to express themselves, to trust their intuitions and their decisions. They don't have all the answers, but they do have answers that contribute to the company's performance while moving the company forward. This is what an event like Artistes \u00e0 la Une Togeth'HER proves.\u00a0\u00bb\u00a0<\/p><\/div><\/div><\/div><\/div><\/div><\/div><\/div><\/div>\t\t\t\t\t<\/div>\n\t\t\t\t\t\t<\/div>\n\t\t\t\t<\/div>\n\t\t                <\/div>\n                    <\/div>\n        <\/div>\n                                <\/div>\n                    <\/div>\n        <\/section>\n        \t\t\t\t\t\t\t<\/div>\n\t\t\t<\/div>\n\t\t\t\t\t<\/div>","protected":false},"excerpt":{"rendered":"<p>Nathalie Palladitcheff, pre\u0301sidente d\u2019Ivanhoe\u0301 Cambridge. L\u2019art de la DIVERSITE\u0301 Nathalie Palladitcheff est pre\u0301sidente d\u2019Ivanhoe\u0301 Cambridge, leader mondial de l\u2019immobilier. Les valeurs de diversite\u0301, de comple\u0301mentarite\u0301 et de durabilite\u0301 qu\u2019elle de\u0301fend re\u0301sonnent parfaitement avec celles de l\u2019e\u0301ve\u0301nement artistes a\u0300 la une Togeth\u2019HER. Avec 60,4 milliards de dollars d\u2019actifs et plus de 1000 salarie\u0301s, Ivanhoe\u0301 Cambridge, filiale [&hellip;]<\/p>","protected":false},"author":1,"featured_media":0,"parent":0,"menu_order":0,"comment_status":"closed","ping_status":"closed","template":"","meta":[],"yoast_head":"<!-- This site is optimized with the Yoast SEO plugin v19.4 - https:\/\/yoast.com\/wordpress\/plugins\/seo\/ -->\n<title>Ivanho\u00e9 Cambridge - Artistes \u00e0 la Une, Togeth&#039;Her<\/title>\n<meta name=\"robots\" content=\"index, follow, max-snippet:-1, max-image-preview:large, max-video-preview:-1\" \/>\n<link rel=\"canonical\" href=\"https:\/\/togeth-her.com\/en\/ivanhoe-cambridge\/\" \/>\n<meta property=\"og:locale\" content=\"en_US\" \/>\n<meta property=\"og:type\" content=\"article\" \/>\n<meta property=\"og:title\" content=\"Ivanho\u00e9 Cambridge - Artistes \u00e0 la Une, Togeth&#039;Her\" \/>\n<meta property=\"og:description\" content=\"Nathalie Palladitcheff, pre\u0301sidente d\u2019Ivanhoe\u0301 Cambridge. L\u2019art de la DIVERSITE\u0301 Nathalie Palladitcheff est pre\u0301sidente d\u2019Ivanhoe\u0301 Cambridge, leader mondial de l\u2019immobilier. Les valeurs de diversite\u0301, de comple\u0301mentarite\u0301 et de durabilite\u0301 qu\u2019elle de\u0301fend re\u0301sonnent parfaitement avec celles de l\u2019e\u0301ve\u0301nement artistes a\u0300 la une Togeth\u2019HER. Avec 60,4 milliards de dollars d\u2019actifs et plus de 1000 salarie\u0301s, Ivanhoe\u0301 Cambridge, filiale [&hellip;]\" \/>\n<meta property=\"og:url\" content=\"https:\/\/togeth-her.com\/en\/ivanhoe-cambridge\/\" \/>\n<meta property=\"og:site_name\" content=\"Artistes \u00e0 la Une, Togeth&#039;Her\" \/>\n<meta property=\"article:modified_time\" content=\"2021-06-10T21:27:16+00:00\" \/>\n<meta property=\"og:image\" content=\"https:\/\/togeth-her.com\/wp-content\/uploads\/2020\/10\/Nathalie-Palladitcheff-presidente-Ivanhoe\u0301-Cambridge-Artistes-a\u0300-la-Une-Togeth-HER-2020.jpg\" \/>\n<meta name=\"twitter:card\" content=\"summary_large_image\" \/>\n<meta name=\"twitter:label1\" content=\"Est. reading time\" \/>\n\t<meta name=\"twitter:data1\" content=\"4 minutes\" \/>\n<script type=\"application\/ld+json\" class=\"yoast-schema-graph\">{\"@context\":\"https:\/\/schema.org\",\"@graph\":[{\"@type\":\"WebSite\",\"@id\":\"https:\/\/togeth-her.com\/#website\",\"url\":\"https:\/\/togeth-her.com\/\",\"name\":\"Artistes \u00e0 la Une, Togeth&#039;Her\",\"description\":\"Ensemble pour la libert\u00e9 et l&#039;\u00e9mancipation des femmes\",\"potentialAction\":[{\"@type\":\"SearchAction\",\"target\":{\"@type\":\"EntryPoint\",\"urlTemplate\":\"https:\/\/togeth-her.com\/?s={search_term_string}\"},\"query-input\":\"required name=search_term_string\"}],\"inLanguage\":\"en-US\"},{\"@type\":\"WebPage\",\"@id\":\"https:\/\/togeth-her.com\/ivanhoe-cambridge\/\",\"url\":\"https:\/\/togeth-her.com\/ivanhoe-cambridge\/\",\"name\":\"Ivanho\u00e9 Cambridge - Artistes \u00e0 la Une, Togeth&#039;Her\",\"isPartOf\":{\"@id\":\"https:\/\/togeth-her.com\/#website\"},\"datePublished\":\"2020-10-24T06:00:37+00:00\",\"dateModified\":\"2021-06-10T21:27:16+00:00\",\"breadcrumb\":{\"@id\":\"https:\/\/togeth-her.com\/ivanhoe-cambridge\/#breadcrumb\"},\"inLanguage\":\"en-US\",\"potentialAction\":[{\"@type\":\"ReadAction\",\"target\":[\"https:\/\/togeth-her.com\/ivanhoe-cambridge\/\"]}]},{\"@type\":\"BreadcrumbList\",\"@id\":\"https:\/\/togeth-her.com\/ivanhoe-cambridge\/#breadcrumb\",\"itemListElement\":[{\"@type\":\"ListItem\",\"position\":1,\"name\":\"Accueil\",\"item\":\"https:\/\/togeth-her.com\/\"},{\"@type\":\"ListItem\",\"position\":2,\"name\":\"Ivanho\u00e9 Cambridge\"}]}]}<\/script>\n<!-- \/ Yoast SEO plugin. -->","yoast_head_json":{"title":"Ivanho\u00e9 Cambridge - Artistes \u00e0 la Une, Togeth&#039;Her","robots":{"index":"index","follow":"follow","max-snippet":"max-snippet:-1","max-image-preview":"max-image-preview:large","max-video-preview":"max-video-preview:-1"},"canonical":"https:\/\/togeth-her.com\/en\/ivanhoe-cambridge\/","og_locale":"en_US","og_type":"article","og_title":"Ivanho\u00e9 Cambridge - Artistes \u00e0 la Une, Togeth&#039;Her","og_description":"Nathalie Palladitcheff, pre\u0301sidente d\u2019Ivanhoe\u0301 Cambridge. L\u2019art de la DIVERSITE\u0301 Nathalie Palladitcheff est pre\u0301sidente d\u2019Ivanhoe\u0301 Cambridge, leader mondial de l\u2019immobilier. Les valeurs de diversite\u0301, de comple\u0301mentarite\u0301 et de durabilite\u0301 qu\u2019elle de\u0301fend re\u0301sonnent parfaitement avec celles de l\u2019e\u0301ve\u0301nement artistes a\u0300 la une Togeth\u2019HER. Avec 60,4 milliards de dollars d\u2019actifs et plus de 1000 salarie\u0301s, Ivanhoe\u0301 Cambridge, filiale [&hellip;]","og_url":"https:\/\/togeth-her.com\/en\/ivanhoe-cambridge\/","og_site_name":"Artistes \u00e0 la Une, Togeth&#039;Her","article_modified_time":"2021-06-10T21:27:16+00:00","og_image":[{"url":"https:\/\/togeth-her.com\/wp-content\/uploads\/2020\/10\/Nathalie-Palladitcheff-presidente-Ivanhoe\u0301-Cambridge-Artistes-a\u0300-la-Une-Togeth-HER-2020.jpg"}],"twitter_card":"summary_large_image","twitter_misc":{"Est. reading time":"4 minutes"},"schema":{"@context":"https:\/\/schema.org","@graph":[{"@type":"WebSite","@id":"https:\/\/togeth-her.com\/#website","url":"https:\/\/togeth-her.com\/","name":"Artistes \u00e0 la Une, Togeth&#039;Her","description":"Ensemble pour la libert\u00e9 et l&#039;\u00e9mancipation des femmes","potentialAction":[{"@type":"SearchAction","target":{"@type":"EntryPoint","urlTemplate":"https:\/\/togeth-her.com\/?s={search_term_string}"},"query-input":"required name=search_term_string"}],"inLanguage":"en-US"},{"@type":"WebPage","@id":"https:\/\/togeth-her.com\/ivanhoe-cambridge\/","url":"https:\/\/togeth-her.com\/ivanhoe-cambridge\/","name":"Ivanho\u00e9 Cambridge - Artistes \u00e0 la Une, Togeth&#039;Her","isPartOf":{"@id":"https:\/\/togeth-her.com\/#website"},"datePublished":"2020-10-24T06:00:37+00:00","dateModified":"2021-06-10T21:27:16+00:00","breadcrumb":{"@id":"https:\/\/togeth-her.com\/ivanhoe-cambridge\/#breadcrumb"},"inLanguage":"en-US","potentialAction":[{"@type":"ReadAction","target":["https:\/\/togeth-her.com\/ivanhoe-cambridge\/"]}]},{"@type":"BreadcrumbList","@id":"https:\/\/togeth-her.com\/ivanhoe-cambridge\/#breadcrumb","itemListElement":[{"@type":"ListItem","position":1,"name":"Accueil","item":"https:\/\/togeth-her.com\/"},{"@type":"ListItem","position":2,"name":"Ivanho\u00e9 Cambridge"}]}]}},"_links":{"self":[{"href":"https:\/\/togeth-her.com\/en\/wp-json\/wp\/v2\/pages\/5589"}],"collection":[{"href":"https:\/\/togeth-her.com\/en\/wp-json\/wp\/v2\/pages"}],"about":[{"href":"https:\/\/togeth-her.com\/en\/wp-json\/wp\/v2\/types\/page"}],"author":[{"embeddable":true,"href":"https:\/\/togeth-her.com\/en\/wp-json\/wp\/v2\/users\/1"}],"replies":[{"embeddable":true,"href":"https:\/\/togeth-her.com\/en\/wp-json\/wp\/v2\/comments?post=5589"}],"version-history":[{"count":12,"href":"https:\/\/togeth-her.com\/en\/wp-json\/wp\/v2\/pages\/5589\/revisions"}],"predecessor-version":[{"id":7089,"href":"https:\/\/togeth-her.com\/en\/wp-json\/wp\/v2\/pages\/5589\/revisions\/7089"}],"wp:attachment":[{"href":"https:\/\/togeth-her.com\/en\/wp-json\/wp\/v2\/media?parent=5589"}],"curies":[{"name":"wp","href":"https:\/\/api.w.org\/{rel}","templated":true}]}}