{"id":5670,"date":"2020-10-27T00:47:03","date_gmt":"2020-10-26T23:47:03","guid":{"rendered":"https:\/\/togeth-her.com\/?page_id=5670"},"modified":"2020-11-01T23:37:36","modified_gmt":"2020-11-01T22:37:36","slug":"monnaie-de-paris","status":"publish","type":"page","link":"https:\/\/togeth-her.com\/en\/monnaie-de-paris\/","title":{"rendered":"Monnaie de Paris"},"content":{"rendered":"<div data-elementor-type=\"wp-page\" data-elementor-id=\"5670\" class=\"elementor elementor-5670\">\n\t\t\t\t\t\t<div class=\"elementor-inner\">\n\t\t\t\t<div class=\"elementor-section-wrap\">\n\t\t\t\t\t\t\t        <section class=\"elementor-section elementor-top-section elementor-element elementor-element-5461acb elementor-section-boxed elementor-section-height-default elementor-section-height-default\" data-id=\"5461acb\" data-element_type=\"section\">\n            \n                        <div class=\"elementor-container elementor-column-gap-default\">\n                            <div class=\"elementor-row\">\n                    <div class=\"elementor-column elementor-col-33 elementor-top-column elementor-element elementor-element-eb9dfe8\" data-id=\"eb9dfe8\" data-element_type=\"column\">\n            <div class=\"elementor-column-wrap elementor-element-populated\">\n                            <div class=\"elementor-widget-wrap\">\n                \t\t<div class=\"elementor-element elementor-element-99a38af elementor-widget elementor-widget-image\" data-id=\"99a38af\" data-element_type=\"widget\" data-widget_type=\"image.default\">\n\t\t\t\t<div class=\"elementor-widget-container\">\n\t\t\t\t\t\t\t\t<div class=\"elementor-image\">\n\t\t\t\t\t\t\t\t\t\t\t\t\t<a href=\"https:\/\/www.monnaiedeparis.fr\/\" target=\"_blank\">\n\t\t\t\t\t\t\t<img width=\"640\" height=\"427\" src=\"https:\/\/togeth-her.com\/wp-content\/uploads\/2020\/10\/Monnaie-de-Paris-Artistes-a-la-Une-Togeth-HER-2020-1-1024x683.jpg\" class=\"attachment-large size-large wp-image-5674\" alt=\"\" srcset=\"https:\/\/togeth-her.com\/wp-content\/uploads\/2020\/10\/Monnaie-de-Paris-Artistes-a-la-Une-Togeth-HER-2020-1-1024x683.jpg 1024w, https:\/\/togeth-her.com\/wp-content\/uploads\/2020\/10\/Monnaie-de-Paris-Artistes-a-la-Une-Togeth-HER-2020-1-300x200.jpg 300w, https:\/\/togeth-her.com\/wp-content\/uploads\/2020\/10\/Monnaie-de-Paris-Artistes-a-la-Une-Togeth-HER-2020-1-768x513.jpg 768w, https:\/\/togeth-her.com\/wp-content\/uploads\/2020\/10\/Monnaie-de-Paris-Artistes-a-la-Une-Togeth-HER-2020-1.jpg 1500w\" sizes=\"(max-width: 640px) 100vw, 640px\" \/>\t\t\t\t\t\t\t\t<\/a>\n\t\t\t\t\t\t\t\t\t\t\t\t\t\t<\/div>\n\t\t\t\t\t\t<\/div>\n\t\t\t\t<\/div>\n\t\t                <\/div>\n                    <\/div>\n        <\/div>\n                <div class=\"elementor-column elementor-col-66 elementor-top-column elementor-element elementor-element-8f21837\" data-id=\"8f21837\" data-element_type=\"column\">\n            <div class=\"elementor-column-wrap elementor-element-populated\">\n                            <div class=\"elementor-widget-wrap\">\n                \t\t<div class=\"elementor-element elementor-element-b41ee8c elementor-widget elementor-widget-heading\" data-id=\"b41ee8c\" data-element_type=\"widget\" data-widget_type=\"heading.default\">\n\t\t\t\t<div class=\"elementor-widget-container\">\n\t\t\t<h2 class=\"elementor-heading-title elementor-size-default\">THE HOST INSTITUTION<br>La Monnaie de Paris<\/h2>\t\t<\/div>\n\t\t\t\t<\/div>\n\t\t\t\t<div class=\"elementor-element elementor-element-6489d1c elementor-widget elementor-widget-text-editor\" data-id=\"6489d1c\" data-element_type=\"widget\" data-widget_type=\"text-editor.default\">\n\t\t\t\t<div class=\"elementor-widget-container\">\n\t\t\t\t\t\t\t\t<div class=\"elementor-text-editor elementor-clearfix\">\n\t\t\t\t<p><i>La Monnaie de Paris is pleased to be associated for the second consecutive year with Artistes \u00e0 la Une Togeth'Her and to contribute to this generous artistic and human adventure by offering our picture rails to the 26 selected artists, their muses and the causes that are dear to them.<\/i><\/p>\t\t\t\t\t<\/div>\n\t\t\t\t\t\t<\/div>\n\t\t\t\t<\/div>\n\t\t\t\t<div class=\"elementor-element elementor-element-2c65a1f elementor-widget elementor-widget-image\" data-id=\"2c65a1f\" data-element_type=\"widget\" data-widget_type=\"image.default\">\n\t\t\t\t<div class=\"elementor-widget-container\">\n\t\t\t\t\t\t\t\t<div class=\"elementor-image\">\n\t\t\t\t\t\t\t\t\t\t\t\t\t<a href=\"https:\/\/www.monnaiedeparis.fr\/\" target=\"_blank\">\n\t\t\t\t\t\t\t<img src=\"https:\/\/togeth-her.com\/wp-content\/uploads\/elementor\/thumbs\/Monnaie-de-Paris-Logo-Partenaires-Artistes-a-la-Une-Togeth-HER-2020-1-oxhyxg6rw4grrdm5r5tnj1kcxkpejp2aeyw4grxd48.jpg\" title=\"Monnaie-de-Paris-Logo-Partenaires-Artistes-a-la-Une-Togeth-HER-2020\" alt=\"Monnaie-de-Paris-Logo-Partenaires-Artistes-a-la-Une-Togeth-HER-2020\" loading=\"lazy\" \/>\t\t\t\t\t\t\t\t<\/a>\n\t\t\t\t\t\t\t\t\t\t\t\t\t\t<\/div>\n\t\t\t\t\t\t<\/div>\n\t\t\t\t<\/div>\n\t\t                <\/div>\n                    <\/div>\n        <\/div>\n                                <\/div>\n                    <\/div>\n        <\/section>\n                <section class=\"elementor-section elementor-top-section elementor-element elementor-element-dd2bc15 elementor-section-boxed elementor-section-height-default elementor-section-height-default\" data-id=\"dd2bc15\" data-element_type=\"section\">\n            \n                        <div class=\"elementor-container elementor-column-gap-default\">\n                            <div class=\"elementor-row\">\n                    <div class=\"elementor-column elementor-col-100 elementor-top-column elementor-element elementor-element-cee1563\" data-id=\"cee1563\" data-element_type=\"column\">\n            <div class=\"elementor-column-wrap elementor-element-populated\">\n                            <div class=\"elementor-widget-wrap\">\n                \t\t<div class=\"elementor-element elementor-element-46cd42c elementor-widget elementor-widget-text-editor\" data-id=\"46cd42c\" data-element_type=\"widget\" data-widget_type=\"text-editor.default\">\n\t\t\t\t<div class=\"elementor-widget-container\">\n\t\t\t\t\t\t\t\t<div class=\"elementor-text-editor elementor-clearfix\">\n\t\t\t\t<div title=\"Page 5\">\n<div>\n<div>\n<div>\n<p>This event is close to our hearts, for two reasons. Because the very history of the Monnaie de Paris has crossed the destiny of women who have marked their time. One thinks of Sophy de Grouchy, wife of Condorcet, who came to live at the H\u00f4tel de la Monnaie, where her husband was Inspector General of the French Mint and held a&nbsp;<span style=\"color: var( --e-global-color-text ); letter-spacing: 0px;\">philosophical salon, on the eve of the Revolution, in which Enlightenment philosophers, encyclopedists and thinkers from all over Europe met. It undoubtedly played an important role in the ideas of Condorcet, author of a feminist text before the letter, advocating \u00ab\u00a0 the admission of women to the right of citizenship\u00a0\u00bb , as early as 1790. But also because the history of our institution is intimately linked to artists : from the anonymous ones who represented the effigies of our kings on coins since the Middle Ages, to the prestigious contemporary artists who are still invited today to occupy our historical spaces.<\/span><\/p>\n<\/div>\n<p><em>Marc Schwartz<\/em>, <br>Chief Executive Officer of the Monnaie de Paris.<\/p>\n<\/div>\n<\/div>\n<\/div>\t\t\t\t\t<\/div>\n\t\t\t\t\t\t<\/div>\n\t\t\t\t<\/div>\n\t\t                <\/div>\n                    <\/div>\n        <\/div>\n                                <\/div>\n                    <\/div>\n        <\/section>\n        \t\t\t\t\t\t\t<\/div>\n\t\t\t<\/div>\n\t\t\t\t\t<\/div>","protected":false},"excerpt":{"rendered":"<p>L\u2019INSTITUTION HO\u0302TELa Monnaie de Paris La Monnaie de Paris est heureuse de s\u2019associer pour la deuxie\u0300me anne\u0301e conse\u0301cutive a\u0300 Artistes a\u0300 la Une Togeth\u2019Her et de contribuer a\u0300 cette ge\u0301ne\u0301reuse aventure artistique et humaine en offrant nos cimaises aux 26 artistes se\u0301lectionne\u0301s, a\u0300 leurs muses et aux causes qui leur sont che\u0300res. Cette manifestation nous [&hellip;]<\/p>","protected":false},"author":1,"featured_media":0,"parent":0,"menu_order":0,"comment_status":"closed","ping_status":"closed","template":"","meta":[],"yoast_head":"<!-- This site is optimized with the Yoast SEO plugin v19.4 - https:\/\/yoast.com\/wordpress\/plugins\/seo\/ -->\n<title>Monnaie de Paris - Artistes \u00e0 la Une, Togeth&#039;Her<\/title>\n<meta name=\"robots\" content=\"index, follow, max-snippet:-1, max-image-preview:large, max-video-preview:-1\" \/>\n<link rel=\"canonical\" href=\"https:\/\/togeth-her.com\/en\/monnaie-de-paris\/\" \/>\n<meta property=\"og:locale\" content=\"en_US\" \/>\n<meta property=\"og:type\" content=\"article\" \/>\n<meta property=\"og:title\" content=\"Monnaie de Paris - Artistes \u00e0 la Une, Togeth&#039;Her\" \/>\n<meta property=\"og:description\" content=\"L\u2019INSTITUTION HO\u0302TELa Monnaie de Paris La Monnaie de Paris est heureuse de s\u2019associer pour la deuxie\u0300me anne\u0301e conse\u0301cutive a\u0300 Artistes a\u0300 la Une Togeth\u2019Her et de contribuer a\u0300 cette ge\u0301ne\u0301reuse aventure artistique et humaine en offrant nos cimaises aux 26 artistes se\u0301lectionne\u0301s, a\u0300 leurs muses et aux causes qui leur sont che\u0300res. Cette manifestation nous [&hellip;]\" \/>\n<meta property=\"og:url\" content=\"https:\/\/togeth-her.com\/en\/monnaie-de-paris\/\" \/>\n<meta property=\"og:site_name\" content=\"Artistes \u00e0 la Une, Togeth&#039;Her\" \/>\n<meta property=\"article:modified_time\" content=\"2020-11-01T22:37:36+00:00\" \/>\n<meta property=\"og:image\" content=\"https:\/\/togeth-her.com\/wp-content\/uploads\/2020\/10\/Monnaie-de-Paris-Artistes-a-la-Une-Togeth-HER-2020-1-1024x683.jpg\" \/>\n<meta name=\"twitter:card\" content=\"summary_large_image\" \/>\n<meta name=\"twitter:label1\" content=\"Est. reading time\" \/>\n\t<meta name=\"twitter:data1\" content=\"1 minute\" \/>\n<script type=\"application\/ld+json\" class=\"yoast-schema-graph\">{\"@context\":\"https:\/\/schema.org\",\"@graph\":[{\"@type\":\"WebSite\",\"@id\":\"https:\/\/togeth-her.com\/#website\",\"url\":\"https:\/\/togeth-her.com\/\",\"name\":\"Artistes \u00e0 la Une, Togeth&#039;Her\",\"description\":\"Ensemble pour la libert\u00e9 et l&#039;\u00e9mancipation des femmes\",\"potentialAction\":[{\"@type\":\"SearchAction\",\"target\":{\"@type\":\"EntryPoint\",\"urlTemplate\":\"https:\/\/togeth-her.com\/?s={search_term_string}\"},\"query-input\":\"required name=search_term_string\"}],\"inLanguage\":\"en-US\"},{\"@type\":\"WebPage\",\"@id\":\"https:\/\/togeth-her.com\/monnaie-de-paris\/\",\"url\":\"https:\/\/togeth-her.com\/monnaie-de-paris\/\",\"name\":\"Monnaie de Paris - Artistes \u00e0 la Une, Togeth&#039;Her\",\"isPartOf\":{\"@id\":\"https:\/\/togeth-her.com\/#website\"},\"datePublished\":\"2020-10-26T23:47:03+00:00\",\"dateModified\":\"2020-11-01T22:37:36+00:00\",\"breadcrumb\":{\"@id\":\"https:\/\/togeth-her.com\/monnaie-de-paris\/#breadcrumb\"},\"inLanguage\":\"en-US\",\"potentialAction\":[{\"@type\":\"ReadAction\",\"target\":[\"https:\/\/togeth-her.com\/monnaie-de-paris\/\"]}]},{\"@type\":\"BreadcrumbList\",\"@id\":\"https:\/\/togeth-her.com\/monnaie-de-paris\/#breadcrumb\",\"itemListElement\":[{\"@type\":\"ListItem\",\"position\":1,\"name\":\"Accueil\",\"item\":\"https:\/\/togeth-her.com\/\"},{\"@type\":\"ListItem\",\"position\":2,\"name\":\"Monnaie de Paris\"}]}]}<\/script>\n<!-- \/ Yoast SEO plugin. -->","yoast_head_json":{"title":"Monnaie de Paris - Artistes \u00e0 la Une, Togeth&#039;Her","robots":{"index":"index","follow":"follow","max-snippet":"max-snippet:-1","max-image-preview":"max-image-preview:large","max-video-preview":"max-video-preview:-1"},"canonical":"https:\/\/togeth-her.com\/en\/monnaie-de-paris\/","og_locale":"en_US","og_type":"article","og_title":"Monnaie de Paris - Artistes \u00e0 la Une, Togeth&#039;Her","og_description":"L\u2019INSTITUTION HO\u0302TELa Monnaie de Paris La Monnaie de Paris est heureuse de s\u2019associer pour la deuxie\u0300me anne\u0301e conse\u0301cutive a\u0300 Artistes a\u0300 la Une Togeth\u2019Her et de contribuer a\u0300 cette ge\u0301ne\u0301reuse aventure artistique et humaine en offrant nos cimaises aux 26 artistes se\u0301lectionne\u0301s, a\u0300 leurs muses et aux causes qui leur sont che\u0300res. Cette manifestation nous [&hellip;]","og_url":"https:\/\/togeth-her.com\/en\/monnaie-de-paris\/","og_site_name":"Artistes \u00e0 la Une, Togeth&#039;Her","article_modified_time":"2020-11-01T22:37:36+00:00","og_image":[{"url":"https:\/\/togeth-her.com\/wp-content\/uploads\/2020\/10\/Monnaie-de-Paris-Artistes-a-la-Une-Togeth-HER-2020-1-1024x683.jpg"}],"twitter_card":"summary_large_image","twitter_misc":{"Est. reading time":"1 minute"},"schema":{"@context":"https:\/\/schema.org","@graph":[{"@type":"WebSite","@id":"https:\/\/togeth-her.com\/#website","url":"https:\/\/togeth-her.com\/","name":"Artistes \u00e0 la Une, Togeth&#039;Her","description":"Ensemble pour la libert\u00e9 et l&#039;\u00e9mancipation des femmes","potentialAction":[{"@type":"SearchAction","target":{"@type":"EntryPoint","urlTemplate":"https:\/\/togeth-her.com\/?s={search_term_string}"},"query-input":"required name=search_term_string"}],"inLanguage":"en-US"},{"@type":"WebPage","@id":"https:\/\/togeth-her.com\/monnaie-de-paris\/","url":"https:\/\/togeth-her.com\/monnaie-de-paris\/","name":"Monnaie de Paris - Artistes \u00e0 la Une, Togeth&#039;Her","isPartOf":{"@id":"https:\/\/togeth-her.com\/#website"},"datePublished":"2020-10-26T23:47:03+00:00","dateModified":"2020-11-01T22:37:36+00:00","breadcrumb":{"@id":"https:\/\/togeth-her.com\/monnaie-de-paris\/#breadcrumb"},"inLanguage":"en-US","potentialAction":[{"@type":"ReadAction","target":["https:\/\/togeth-her.com\/monnaie-de-paris\/"]}]},{"@type":"BreadcrumbList","@id":"https:\/\/togeth-her.com\/monnaie-de-paris\/#breadcrumb","itemListElement":[{"@type":"ListItem","position":1,"name":"Accueil","item":"https:\/\/togeth-her.com\/"},{"@type":"ListItem","position":2,"name":"Monnaie de Paris"}]}]}},"_links":{"self":[{"href":"https:\/\/togeth-her.com\/en\/wp-json\/wp\/v2\/pages\/5670"}],"collection":[{"href":"https:\/\/togeth-her.com\/en\/wp-json\/wp\/v2\/pages"}],"about":[{"href":"https:\/\/togeth-her.com\/en\/wp-json\/wp\/v2\/types\/page"}],"author":[{"embeddable":true,"href":"https:\/\/togeth-her.com\/en\/wp-json\/wp\/v2\/users\/1"}],"replies":[{"embeddable":true,"href":"https:\/\/togeth-her.com\/en\/wp-json\/wp\/v2\/comments?post=5670"}],"version-history":[{"count":5,"href":"https:\/\/togeth-her.com\/en\/wp-json\/wp\/v2\/pages\/5670\/revisions"}],"predecessor-version":[{"id":5736,"href":"https:\/\/togeth-her.com\/en\/wp-json\/wp\/v2\/pages\/5670\/revisions\/5736"}],"wp:attachment":[{"href":"https:\/\/togeth-her.com\/en\/wp-json\/wp\/v2\/media?parent=5670"}],"curies":[{"name":"wp","href":"https:\/\/api.w.org\/{rel}","templated":true}]}}