{"id":5683,"date":"2020-10-27T01:11:52","date_gmt":"2020-10-27T00:11:52","guid":{"rendered":"https:\/\/togeth-her.com\/?page_id=5683"},"modified":"2020-10-27T01:11:52","modified_gmt":"2020-10-27T00:11:52","slug":"politique-en-matiere-de-cookies","status":"publish","type":"page","link":"https:\/\/togeth-her.com\/en\/politique-en-matiere-de-cookies\/","title":{"rendered":"Cookie Policy"},"content":{"rendered":"<div class=\"cli_pg_page_contaner\">\n<h3>\u00c0 propos de cette politique en mati\u00e8re de cookies<\/h3>\n<div>La pr\u00e9sente politique en mati\u00e8re de cookies explique ce que sont les cookies et comment nous les utilisons, les types de cookies que nous utilisons, c&#8217;est-\u00e0-dire les informations que nous recueillons \u00e0 l&#8217;aide de cookies et comment ces informations sont utilis\u00e9es, et comment contr\u00f4ler les pr\u00e9f\u00e9rences des cookies. Pour plus d&#8217;informations sur la fa\u00e7on dont nous utilisons, stockons et prot\u00e9geons vos donn\u00e9es personnelles, consultez notre politique de confidentialit\u00e9.Vous pouvez \u00e0 tout moment modifier ou retirer votre consentement \u00e0 la d\u00e9claration sur les cookies sur notre site webPour en savoir plus sur qui nous sommes, comment vous pouvez nous contacter et comment nous traitons les donn\u00e9es personnelles, consultez notre politique de confidentialit\u00e9.Votre consentement s&#8217;applique aux domaines suivants :\u00a0togeth-her.com<div class=\"cli_user_consent_state\">Votre \u00e9tat actuel\u00a0: Aucun consentement donn\u00e9. <a class=\"cli_manage_current_consent\" style=\"cursor:pointer;text-decoration:underline;\">G\u00e9rez votre consentement.<\/a> <\/div><\/div>\n<h3>Que sont les cookies ?<\/h3>\n<div>Les cookies sont de petits fichiers texte qui servent \u00e0 stocker de petites informations. Ils sont stock\u00e9s sur votre appareil lorsque le site web est charg\u00e9 sur votre navigateur. Ces cookies nous aident \u00e0 faire fonctionner le site web correctement, \u00e0 le rendre plus s\u00fbr, \u00e0 offrir une meilleure exp\u00e9rience \u00e0 l&#8217;utilisateur, \u00e0 comprendre les performances du site web et \u00e0 analyser ce qui fonctionne et ce qui doit \u00eatre am\u00e9lior\u00e9.<\/div>\n<h3>Comment utilisons-nous les cookies ?<\/h3>\n<div>Comme la plupart des services en ligne, notre site web utilise des cookies de premi\u00e8re partie et de tiers \u00e0 plusieurs fins. Les cookies de premi\u00e8re partie sont principalement n\u00e9cessaires au bon fonctionnement du site web et ne recueillent aucune de vos donn\u00e9es personnelles identifiables.Les cookies tiers utilis\u00e9s sur notre site web servent principalement \u00e0 comprendre le fonctionnement du site web, la mani\u00e8re dont vous interagissez avec notre site web, \u00e0 assurer la s\u00e9curit\u00e9 de nos services, \u00e0 fournir des publicit\u00e9s qui vous concernent et, dans l&#8217;ensemble, \u00e0 vous offrir une exp\u00e9rience utilisateur meilleure et am\u00e9lior\u00e9e et \u00e0 acc\u00e9l\u00e9rer vos futures interactions avec notre site web.<\/div>\n<h3>Quels types de cookies utilisons-nous ?<\/h3>\n<div>Essentiel : Certains cookies sont essentiels pour que vous puissiez profiter de toutes les fonctionnalit\u00e9s de notre site. Ils nous permettent de maintenir les sessions d&#8217;utilisateurs et de pr\u00e9venir toute menace \u00e0 la s\u00e9curit\u00e9. Ils ne recueillent ni ne stockent aucune information personnelle. Par exemple, ces cookies vous permettent de vous connecter \u00e0 votre compte et d&#8217;ajouter des produits \u00e0 votre panier, et de passer \u00e0 la caisse en toute s\u00e9curit\u00e9.Statistiques : Ces cookies stockent des informations telles que le nombre de visiteurs du site web, le nombre de visiteurs uniques, les pages du site web qui ont \u00e9t\u00e9 visit\u00e9es, la source de la visite, etc. Ces donn\u00e9es nous aident \u00e0 comprendre et \u00e0 analyser les performances du site web et les points \u00e0 am\u00e9liorer.Marketing : Notre site web affiche des publicit\u00e9s. Ces cookies sont utilis\u00e9s pour personnaliser les publicit\u00e9s que nous vous pr\u00e9sentons afin qu&#8217;elles soient significatives pour vous. Ces cookies nous aident \u00e9galement \u00e0 suivre l&#8217;efficacit\u00e9 de ces campagnes publicitaires.Les informations stock\u00e9es dans ces cookies peuvent \u00e9galement \u00eatre utilis\u00e9es par les fournisseurs de publicit\u00e9 tiers pour vous montrer des publicit\u00e9s sur d&#8217;autres sites web dans le navigateur.Fonctionnel : Ce sont les cookies qui permettent d&#8217;utiliser certaines fonctionnalit\u00e9s non essentielles de notre site web. Ces fonctionnalit\u00e9s comprennent l&#8217;int\u00e9gration de contenus tels que des vid\u00e9os ou le partage de contenus du site web sur des plateformes de m\u00e9dias sociaux.Pr\u00e9f\u00e9rences : Ces cookies nous aident \u00e0 enregistrer vos param\u00e8tres et vos pr\u00e9f\u00e9rences de navigation, comme les pr\u00e9f\u00e9rences linguistiques, afin que vous puissiez b\u00e9n\u00e9ficier d&#8217;une exp\u00e9rience plus efficace lors de vos prochaines visites sur le site web.<\/div>\n<h3>Comment puis-je contr\u00f4ler les pr\u00e9f\u00e9rences en mati\u00e8re de cookies ?<\/h3>\n<div>Si vous d\u00e9cidez de modifier vos pr\u00e9f\u00e9rences plus tard au cours de votre session de navigation, vous pouvez cliquer sur l&#8217;onglet &#8220;Politique en mati\u00e8re de confidentialit\u00e9 et de cookies&#8221; sur votre \u00e9cran. L&#8217;avis de consentement s&#8217;affichera \u00e0 nouveau, ce qui vous permettra de modifier vos pr\u00e9f\u00e9rences ou de retirer enti\u00e8rement votre consentement.En outre, les diff\u00e9rents navigateurs proposent diff\u00e9rentes m\u00e9thodes pour bloquer et supprimer les cookies utilis\u00e9s par les sites web. Vous pouvez modifier les param\u00e8tres de votre navigateur pour bloquer\/supprimer les cookies. Pour en savoir plus sur la mani\u00e8re de g\u00e9rer et de supprimer les cookies, consultez les sites wikipedia.org, www.allaboutcookies.org.<\/div>\n<\/div>","protected":false},"excerpt":{"rendered":"<p>\u00c0 propos de cette politique en mati\u00e8re de cookies La pr\u00e9sente politique en mati\u00e8re de cookies explique ce que sont les cookies et comment nous les utilisons, les types de cookies que nous utilisons, c&#8217;est-\u00e0-dire les informations que nous recueillons \u00e0 l&#8217;aide de cookies et comment ces informations sont utilis\u00e9es, et comment contr\u00f4ler les pr\u00e9f\u00e9rences [&hellip;]<\/p>","protected":false},"author":1,"featured_media":0,"parent":0,"menu_order":0,"comment_status":"closed","ping_status":"closed","template":"","meta":[],"yoast_head":"<!-- This site is optimized with the Yoast SEO plugin v19.4 - https:\/\/yoast.com\/wordpress\/plugins\/seo\/ -->\n<title>Politique en mati\u00e8re de Cookies - Artistes \u00e0 la Une, Togeth&#039;Her<\/title>\n<meta name=\"robots\" content=\"index, follow, max-snippet:-1, max-image-preview:large, max-video-preview:-1\" \/>\n<link rel=\"canonical\" href=\"https:\/\/togeth-her.com\/en\/politique-en-matiere-de-cookies\/\" \/>\n<meta property=\"og:locale\" content=\"en_US\" \/>\n<meta property=\"og:type\" content=\"article\" \/>\n<meta property=\"og:title\" content=\"Politique en mati\u00e8re de Cookies - Artistes \u00e0 la Une, Togeth&#039;Her\" \/>\n<meta property=\"og:description\" content=\"\u00c0 propos de cette politique en mati\u00e8re de cookies La pr\u00e9sente politique en mati\u00e8re de cookies explique ce que sont les cookies et comment nous les utilisons, les types de cookies que nous utilisons, c&#8217;est-\u00e0-dire les informations que nous recueillons \u00e0 l&#8217;aide de cookies et comment ces informations sont utilis\u00e9es, et comment contr\u00f4ler les pr\u00e9f\u00e9rences [&hellip;]\" \/>\n<meta property=\"og:url\" content=\"https:\/\/togeth-her.com\/en\/politique-en-matiere-de-cookies\/\" \/>\n<meta property=\"og:site_name\" content=\"Artistes \u00e0 la Une, Togeth&#039;Her\" \/>\n<meta name=\"twitter:card\" content=\"summary_large_image\" \/>\n<meta name=\"twitter:label1\" content=\"Est. reading time\" \/>\n\t<meta name=\"twitter:data1\" content=\"4 minutes\" \/>\n<script type=\"application\/ld+json\" class=\"yoast-schema-graph\">{\"@context\":\"https:\/\/schema.org\",\"@graph\":[{\"@type\":\"WebSite\",\"@id\":\"https:\/\/togeth-her.com\/#website\",\"url\":\"https:\/\/togeth-her.com\/\",\"name\":\"Artistes \u00e0 la Une, Togeth&#039;Her\",\"description\":\"Ensemble pour la libert\u00e9 et l&#039;\u00e9mancipation des femmes\",\"potentialAction\":[{\"@type\":\"SearchAction\",\"target\":{\"@type\":\"EntryPoint\",\"urlTemplate\":\"https:\/\/togeth-her.com\/?s={search_term_string}\"},\"query-input\":\"required name=search_term_string\"}],\"inLanguage\":\"en-US\"},{\"@type\":\"WebPage\",\"@id\":\"https:\/\/togeth-her.com\/politique-en-matiere-de-cookies\/\",\"url\":\"https:\/\/togeth-her.com\/politique-en-matiere-de-cookies\/\",\"name\":\"Politique en mati\u00e8re de Cookies - Artistes \u00e0 la Une, Togeth&#039;Her\",\"isPartOf\":{\"@id\":\"https:\/\/togeth-her.com\/#website\"},\"datePublished\":\"2020-10-27T00:11:52+00:00\",\"dateModified\":\"2020-10-27T00:11:52+00:00\",\"breadcrumb\":{\"@id\":\"https:\/\/togeth-her.com\/politique-en-matiere-de-cookies\/#breadcrumb\"},\"inLanguage\":\"en-US\",\"potentialAction\":[{\"@type\":\"ReadAction\",\"target\":[\"https:\/\/togeth-her.com\/politique-en-matiere-de-cookies\/\"]}]},{\"@type\":\"BreadcrumbList\",\"@id\":\"https:\/\/togeth-her.com\/politique-en-matiere-de-cookies\/#breadcrumb\",\"itemListElement\":[{\"@type\":\"ListItem\",\"position\":1,\"name\":\"Accueil\",\"item\":\"https:\/\/togeth-her.com\/\"},{\"@type\":\"ListItem\",\"position\":2,\"name\":\"Politique en mati\u00e8re de Cookies\"}]}]}<\/script>\n<!-- \/ Yoast SEO plugin. -->","yoast_head_json":{"title":"Politique en mati\u00e8re de Cookies - Artistes \u00e0 la Une, Togeth&#039;Her","robots":{"index":"index","follow":"follow","max-snippet":"max-snippet:-1","max-image-preview":"max-image-preview:large","max-video-preview":"max-video-preview:-1"},"canonical":"https:\/\/togeth-her.com\/en\/politique-en-matiere-de-cookies\/","og_locale":"en_US","og_type":"article","og_title":"Politique en mati\u00e8re de Cookies - Artistes \u00e0 la Une, Togeth&#039;Her","og_description":"\u00c0 propos de cette politique en mati\u00e8re de cookies La pr\u00e9sente politique en mati\u00e8re de cookies explique ce que sont les cookies et comment nous les utilisons, les types de cookies que nous utilisons, c&#8217;est-\u00e0-dire les informations que nous recueillons \u00e0 l&#8217;aide de cookies et comment ces informations sont utilis\u00e9es, et comment contr\u00f4ler les pr\u00e9f\u00e9rences [&hellip;]","og_url":"https:\/\/togeth-her.com\/en\/politique-en-matiere-de-cookies\/","og_site_name":"Artistes \u00e0 la Une, Togeth&#039;Her","twitter_card":"summary_large_image","twitter_misc":{"Est. reading time":"4 minutes"},"schema":{"@context":"https:\/\/schema.org","@graph":[{"@type":"WebSite","@id":"https:\/\/togeth-her.com\/#website","url":"https:\/\/togeth-her.com\/","name":"Artistes \u00e0 la Une, Togeth&#039;Her","description":"Ensemble pour la libert\u00e9 et l&#039;\u00e9mancipation des femmes","potentialAction":[{"@type":"SearchAction","target":{"@type":"EntryPoint","urlTemplate":"https:\/\/togeth-her.com\/?s={search_term_string}"},"query-input":"required name=search_term_string"}],"inLanguage":"en-US"},{"@type":"WebPage","@id":"https:\/\/togeth-her.com\/politique-en-matiere-de-cookies\/","url":"https:\/\/togeth-her.com\/politique-en-matiere-de-cookies\/","name":"Politique en mati\u00e8re de Cookies - Artistes \u00e0 la Une, Togeth&#039;Her","isPartOf":{"@id":"https:\/\/togeth-her.com\/#website"},"datePublished":"2020-10-27T00:11:52+00:00","dateModified":"2020-10-27T00:11:52+00:00","breadcrumb":{"@id":"https:\/\/togeth-her.com\/politique-en-matiere-de-cookies\/#breadcrumb"},"inLanguage":"en-US","potentialAction":[{"@type":"ReadAction","target":["https:\/\/togeth-her.com\/politique-en-matiere-de-cookies\/"]}]},{"@type":"BreadcrumbList","@id":"https:\/\/togeth-her.com\/politique-en-matiere-de-cookies\/#breadcrumb","itemListElement":[{"@type":"ListItem","position":1,"name":"Accueil","item":"https:\/\/togeth-her.com\/"},{"@type":"ListItem","position":2,"name":"Politique en mati\u00e8re de Cookies"}]}]}},"_links":{"self":[{"href":"https:\/\/togeth-her.com\/en\/wp-json\/wp\/v2\/pages\/5683"}],"collection":[{"href":"https:\/\/togeth-her.com\/en\/wp-json\/wp\/v2\/pages"}],"about":[{"href":"https:\/\/togeth-her.com\/en\/wp-json\/wp\/v2\/types\/page"}],"author":[{"embeddable":true,"href":"https:\/\/togeth-her.com\/en\/wp-json\/wp\/v2\/users\/1"}],"replies":[{"embeddable":true,"href":"https:\/\/togeth-her.com\/en\/wp-json\/wp\/v2\/comments?post=5683"}],"version-history":[{"count":1,"href":"https:\/\/togeth-her.com\/en\/wp-json\/wp\/v2\/pages\/5683\/revisions"}],"predecessor-version":[{"id":5684,"href":"https:\/\/togeth-her.com\/en\/wp-json\/wp\/v2\/pages\/5683\/revisions\/5684"}],"wp:attachment":[{"href":"https:\/\/togeth-her.com\/en\/wp-json\/wp\/v2\/media?parent=5683"}],"curies":[{"name":"wp","href":"https:\/\/api.w.org\/{rel}","templated":true}]}}