{"id":5686,"date":"2020-10-27T01:30:00","date_gmt":"2020-10-27T00:30:00","guid":{"rendered":"https:\/\/togeth-her.com\/?page_id=5686"},"modified":"2021-06-03T20:28:20","modified_gmt":"2021-06-03T18:28:20","slug":"artcurial","status":"publish","type":"page","link":"https:\/\/togeth-her.com\/en\/artcurial\/","title":{"rendered":"Artcurial"},"content":{"rendered":"<div data-elementor-type=\"wp-page\" data-elementor-id=\"5686\" class=\"elementor elementor-5686\">\n\t\t\t\t\t\t<div class=\"elementor-inner\">\n\t\t\t\t<div class=\"elementor-section-wrap\">\n\t\t\t\t\t\t\t        <section class=\"elementor-section elementor-top-section elementor-element elementor-element-5461acb elementor-section-boxed elementor-section-height-default elementor-section-height-default\" data-id=\"5461acb\" data-element_type=\"section\">\n            \n                        <div class=\"elementor-container elementor-column-gap-default\">\n                            <div class=\"elementor-row\">\n                    <div class=\"elementor-column elementor-col-33 elementor-top-column elementor-element elementor-element-eb9dfe8\" data-id=\"eb9dfe8\" data-element_type=\"column\">\n            <div class=\"elementor-column-wrap elementor-element-populated\">\n                            <div class=\"elementor-widget-wrap\">\n                \t\t<div class=\"elementor-element elementor-element-2c65a1f elementor-widget elementor-widget-image\" data-id=\"2c65a1f\" data-element_type=\"widget\" data-widget_type=\"image.default\">\n\t\t\t\t<div class=\"elementor-widget-container\">\n\t\t\t\t\t\t\t\t<div class=\"elementor-image\">\n\t\t\t\t\t\t\t\t\t\t\t\t\t<a href=\"https:\/\/www.artcurial.com\/fr\/\" target=\"_blank\">\n\t\t\t\t\t\t\t<img src=\"https:\/\/togeth-her.com\/wp-content\/uploads\/elementor\/thumbs\/Artcurial-Logo-Partenaires-Artistes-a-la-Une-Togeth-HER-2020-oxhyxajqr491tpuco3dw42zld9h79ifwe6z7l45q5k.jpg\" title=\"Artcurial-Logo-Partenaires-Artistes-a-la-Une-Togeth-HER-2020\" alt=\"Artcurial-Logo-Partenaires-Artistes-a-la-Une-Togeth-HER-2020\" loading=\"lazy\" \/>\t\t\t\t\t\t\t\t<\/a>\n\t\t\t\t\t\t\t\t\t\t\t\t\t\t<\/div>\n\t\t\t\t\t\t<\/div>\n\t\t\t\t<\/div>\n\t\t                <\/div>\n                    <\/div>\n        <\/div>\n                <div class=\"elementor-column elementor-col-66 elementor-top-column elementor-element elementor-element-8f21837\" data-id=\"8f21837\" data-element_type=\"column\">\n            <div class=\"elementor-column-wrap elementor-element-populated\">\n                            <div class=\"elementor-widget-wrap\">\n                \t\t<div class=\"elementor-element elementor-element-b41ee8c elementor-widget elementor-widget-heading\" data-id=\"b41ee8c\" data-element_type=\"widget\" data-widget_type=\"heading.default\">\n\t\t\t\t<div class=\"elementor-widget-container\">\n\t\t\t<h2 class=\"elementor-heading-title elementor-size-default\">Charity SALE<\/h2>\t\t<\/div>\n\t\t\t\t<\/div>\n\t\t\t\t<div class=\"elementor-element elementor-element-6489d1c elementor-widget elementor-widget-text-editor\" data-id=\"6489d1c\" data-element_type=\"widget\" data-widget_type=\"text-editor.default\">\n\t\t\t\t<div class=\"elementor-widget-container\">\n\t\t\t\t\t\t\t\t<div class=\"elementor-text-editor elementor-clearfix\">\n\t\t\t\t<p><i>Afin de soutenir le combat de ces femmes et celui des formidables associations choisies en re\u0301sonance, les \u0153uvres originales seront vendues aux enche\u0300res &#8211; en ligne uniquement &#8211; du 30 juin au 6 juillet 2021 sur <a href=\"https:\/\/www.artcurial.com\/fr\/vente-it4100-artistes-la-une-togethher-2020-online\" target=\"_blank\" rel=\"noopener\">www.artcurial.com<\/a><\/i><\/p>\t\t\t\t\t<\/div>\n\t\t\t\t\t\t<\/div>\n\t\t\t\t<\/div>\n\t\t                <\/div>\n                    <\/div>\n        <\/div>\n                                <\/div>\n                    <\/div>\n        <\/section>\n                <section class=\"elementor-section elementor-top-section elementor-element elementor-element-dd2bc15 elementor-section-boxed elementor-section-height-default elementor-section-height-default\" data-id=\"dd2bc15\" data-element_type=\"section\">\n            \n                        <div class=\"elementor-container elementor-column-gap-default\">\n                            <div class=\"elementor-row\">\n                    <div class=\"elementor-column elementor-col-100 elementor-top-column elementor-element elementor-element-cee1563\" data-id=\"cee1563\" data-element_type=\"column\">\n            <div class=\"elementor-column-wrap elementor-element-populated\">\n                            <div class=\"elementor-widget-wrap\">\n                \t\t<div class=\"elementor-element elementor-element-f0eb5f8 elementor-widget elementor-widget-image\" data-id=\"f0eb5f8\" data-element_type=\"widget\" data-widget_type=\"image.default\">\n\t\t\t\t<div class=\"elementor-widget-container\">\n\t\t\t\t\t\t\t\t<div class=\"elementor-image\">\n\t\t\t\t\t\t\t\t\t\t\t\t\t<a href=\"https:\/\/www.artcurial.com\/fr\/vente-it4100-artistes-la-une-togethher-2020-online\" target=\"_blank\">\n\t\t\t\t\t\t\t<img width=\"640\" height=\"814\" src=\"https:\/\/togeth-her.com\/wp-content\/uploads\/2021\/06\/06-03_AUTOPROM_S1_TOGETHHER_V02_page-0001-805x1024.jpg\" class=\"attachment-large size-large wp-image-7065\" alt=\"\" srcset=\"https:\/\/togeth-her.com\/wp-content\/uploads\/2021\/06\/06-03_AUTOPROM_S1_TOGETHHER_V02_page-0001-805x1024.jpg 805w, https:\/\/togeth-her.com\/wp-content\/uploads\/2021\/06\/06-03_AUTOPROM_S1_TOGETHHER_V02_page-0001-236x300.jpg 236w, https:\/\/togeth-her.com\/wp-content\/uploads\/2021\/06\/06-03_AUTOPROM_S1_TOGETHHER_V02_page-0001-768x977.jpg 768w, https:\/\/togeth-her.com\/wp-content\/uploads\/2021\/06\/06-03_AUTOPROM_S1_TOGETHHER_V02_page-0001-1207x1536.jpg 1207w, https:\/\/togeth-her.com\/wp-content\/uploads\/2021\/06\/06-03_AUTOPROM_S1_TOGETHHER_V02_page-0001-9x12.jpg 9w, https:\/\/togeth-her.com\/wp-content\/uploads\/2021\/06\/06-03_AUTOPROM_S1_TOGETHHER_V02_page-0001.jpg 1300w\" sizes=\"(max-width: 640px) 100vw, 640px\" \/>\t\t\t\t\t\t\t\t<\/a>\n\t\t\t\t\t\t\t\t\t\t\t\t\t\t<\/div>\n\t\t\t\t\t\t<\/div>\n\t\t\t\t<\/div>\n\t\t                <\/div>\n                    <\/div>\n        <\/div>\n                                <\/div>\n                    <\/div>\n        <\/section>\n        \t\t\t\t\t\t\t<\/div>\n\t\t\t<\/div>\n\t\t\t\t\t<\/div>","protected":false},"excerpt":{"rendered":"<p>VENTE Caritative Afin de soutenir le combat de ces femmes et celui des formidables associations choisies en re\u0301sonance, les \u0153uvres originales seront vendues aux enche\u0300res &#8211; en ligne uniquement &#8211; du 30 juin au 6 juillet 2021 sur www.artcurial.com<\/p>","protected":false},"author":1,"featured_media":0,"parent":0,"menu_order":0,"comment_status":"closed","ping_status":"closed","template":"","meta":[],"yoast_head":"<!-- This site is optimized with the Yoast SEO plugin v19.4 - https:\/\/yoast.com\/wordpress\/plugins\/seo\/ -->\n<title>Artcurial - Artistes \u00e0 la Une, Togeth&#039;Her<\/title>\n<meta name=\"robots\" content=\"index, follow, max-snippet:-1, max-image-preview:large, max-video-preview:-1\" \/>\n<link rel=\"canonical\" href=\"https:\/\/togeth-her.com\/en\/artcurial\/\" \/>\n<meta property=\"og:locale\" content=\"en_US\" \/>\n<meta property=\"og:type\" content=\"article\" \/>\n<meta property=\"og:title\" content=\"Artcurial - Artistes \u00e0 la Une, Togeth&#039;Her\" \/>\n<meta property=\"og:description\" content=\"VENTE Caritative Afin de soutenir le combat de ces femmes et celui des formidables associations choisies en re\u0301sonance, les \u0153uvres originales seront vendues aux enche\u0300res &#8211; en ligne uniquement &#8211; du 30 juin au 6 juillet 2021 sur www.artcurial.com\" \/>\n<meta property=\"og:url\" content=\"https:\/\/togeth-her.com\/en\/artcurial\/\" \/>\n<meta property=\"og:site_name\" content=\"Artistes \u00e0 la Une, Togeth&#039;Her\" \/>\n<meta property=\"article:modified_time\" content=\"2021-06-03T18:28:20+00:00\" \/>\n<meta property=\"og:image\" content=\"https:\/\/togeth-her.com\/wp-content\/uploads\/elementor\/thumbs\/Artcurial-Logo-Partenaires-Artistes-a-la-Une-Togeth-HER-2020-oxhyxajqr491tpuco3dw42zld9h79ifwe6z7l45q5k.jpg\" \/>\n<meta name=\"twitter:card\" content=\"summary_large_image\" \/>\n<meta name=\"twitter:label1\" content=\"Est. reading time\" \/>\n\t<meta name=\"twitter:data1\" content=\"1 minute\" \/>\n<script type=\"application\/ld+json\" class=\"yoast-schema-graph\">{\"@context\":\"https:\/\/schema.org\",\"@graph\":[{\"@type\":\"WebSite\",\"@id\":\"https:\/\/togeth-her.com\/#website\",\"url\":\"https:\/\/togeth-her.com\/\",\"name\":\"Artistes \u00e0 la Une, Togeth&#039;Her\",\"description\":\"Ensemble pour la libert\u00e9 et l&#039;\u00e9mancipation des femmes\",\"potentialAction\":[{\"@type\":\"SearchAction\",\"target\":{\"@type\":\"EntryPoint\",\"urlTemplate\":\"https:\/\/togeth-her.com\/?s={search_term_string}\"},\"query-input\":\"required name=search_term_string\"}],\"inLanguage\":\"en-US\"},{\"@type\":\"WebPage\",\"@id\":\"https:\/\/togeth-her.com\/artcurial\/\",\"url\":\"https:\/\/togeth-her.com\/artcurial\/\",\"name\":\"Artcurial - Artistes \u00e0 la Une, Togeth&#039;Her\",\"isPartOf\":{\"@id\":\"https:\/\/togeth-her.com\/#website\"},\"datePublished\":\"2020-10-27T00:30:00+00:00\",\"dateModified\":\"2021-06-03T18:28:20+00:00\",\"breadcrumb\":{\"@id\":\"https:\/\/togeth-her.com\/artcurial\/#breadcrumb\"},\"inLanguage\":\"en-US\",\"potentialAction\":[{\"@type\":\"ReadAction\",\"target\":[\"https:\/\/togeth-her.com\/artcurial\/\"]}]},{\"@type\":\"BreadcrumbList\",\"@id\":\"https:\/\/togeth-her.com\/artcurial\/#breadcrumb\",\"itemListElement\":[{\"@type\":\"ListItem\",\"position\":1,\"name\":\"Accueil\",\"item\":\"https:\/\/togeth-her.com\/\"},{\"@type\":\"ListItem\",\"position\":2,\"name\":\"Artcurial\"}]}]}<\/script>\n<!-- \/ Yoast SEO plugin. -->","yoast_head_json":{"title":"Artcurial - Artistes \u00e0 la Une, Togeth&#039;Her","robots":{"index":"index","follow":"follow","max-snippet":"max-snippet:-1","max-image-preview":"max-image-preview:large","max-video-preview":"max-video-preview:-1"},"canonical":"https:\/\/togeth-her.com\/en\/artcurial\/","og_locale":"en_US","og_type":"article","og_title":"Artcurial - Artistes \u00e0 la Une, Togeth&#039;Her","og_description":"VENTE Caritative Afin de soutenir le combat de ces femmes et celui des formidables associations choisies en re\u0301sonance, les \u0153uvres originales seront vendues aux enche\u0300res &#8211; en ligne uniquement &#8211; du 30 juin au 6 juillet 2021 sur www.artcurial.com","og_url":"https:\/\/togeth-her.com\/en\/artcurial\/","og_site_name":"Artistes \u00e0 la Une, Togeth&#039;Her","article_modified_time":"2021-06-03T18:28:20+00:00","og_image":[{"url":"https:\/\/togeth-her.com\/wp-content\/uploads\/elementor\/thumbs\/Artcurial-Logo-Partenaires-Artistes-a-la-Une-Togeth-HER-2020-oxhyxajqr491tpuco3dw42zld9h79ifwe6z7l45q5k.jpg"}],"twitter_card":"summary_large_image","twitter_misc":{"Est. reading time":"1 minute"},"schema":{"@context":"https:\/\/schema.org","@graph":[{"@type":"WebSite","@id":"https:\/\/togeth-her.com\/#website","url":"https:\/\/togeth-her.com\/","name":"Artistes \u00e0 la Une, Togeth&#039;Her","description":"Ensemble pour la libert\u00e9 et l&#039;\u00e9mancipation des femmes","potentialAction":[{"@type":"SearchAction","target":{"@type":"EntryPoint","urlTemplate":"https:\/\/togeth-her.com\/?s={search_term_string}"},"query-input":"required name=search_term_string"}],"inLanguage":"en-US"},{"@type":"WebPage","@id":"https:\/\/togeth-her.com\/artcurial\/","url":"https:\/\/togeth-her.com\/artcurial\/","name":"Artcurial - Artistes \u00e0 la Une, Togeth&#039;Her","isPartOf":{"@id":"https:\/\/togeth-her.com\/#website"},"datePublished":"2020-10-27T00:30:00+00:00","dateModified":"2021-06-03T18:28:20+00:00","breadcrumb":{"@id":"https:\/\/togeth-her.com\/artcurial\/#breadcrumb"},"inLanguage":"en-US","potentialAction":[{"@type":"ReadAction","target":["https:\/\/togeth-her.com\/artcurial\/"]}]},{"@type":"BreadcrumbList","@id":"https:\/\/togeth-her.com\/artcurial\/#breadcrumb","itemListElement":[{"@type":"ListItem","position":1,"name":"Accueil","item":"https:\/\/togeth-her.com\/"},{"@type":"ListItem","position":2,"name":"Artcurial"}]}]}},"_links":{"self":[{"href":"https:\/\/togeth-her.com\/en\/wp-json\/wp\/v2\/pages\/5686"}],"collection":[{"href":"https:\/\/togeth-her.com\/en\/wp-json\/wp\/v2\/pages"}],"about":[{"href":"https:\/\/togeth-her.com\/en\/wp-json\/wp\/v2\/types\/page"}],"author":[{"embeddable":true,"href":"https:\/\/togeth-her.com\/en\/wp-json\/wp\/v2\/users\/1"}],"replies":[{"embeddable":true,"href":"https:\/\/togeth-her.com\/en\/wp-json\/wp\/v2\/comments?post=5686"}],"version-history":[{"count":19,"href":"https:\/\/togeth-her.com\/en\/wp-json\/wp\/v2\/pages\/5686\/revisions"}],"predecessor-version":[{"id":7069,"href":"https:\/\/togeth-her.com\/en\/wp-json\/wp\/v2\/pages\/5686\/revisions\/7069"}],"wp:attachment":[{"href":"https:\/\/togeth-her.com\/en\/wp-json\/wp\/v2\/media?parent=5686"}],"curies":[{"name":"wp","href":"https:\/\/api.w.org\/{rel}","templated":true}]}}