{"id":5707,"date":"2020-10-27T03:04:36","date_gmt":"2020-10-27T02:04:36","guid":{"rendered":"https:\/\/togeth-her.com\/?page_id=5707"},"modified":"2020-11-05T13:24:21","modified_gmt":"2020-11-05T12:24:21","slug":"madame-figaro","status":"publish","type":"page","link":"https:\/\/togeth-her.com\/en\/madame-figaro\/","title":{"rendered":"Madame Figaro"},"content":{"rendered":"<div data-elementor-type=\"wp-page\" data-elementor-id=\"5707\" class=\"elementor elementor-5707\">\n\t\t\t\t\t\t<div class=\"elementor-inner\">\n\t\t\t\t<div class=\"elementor-section-wrap\">\n\t\t\t\t\t\t\t        <section class=\"elementor-section elementor-top-section elementor-element elementor-element-dd2bc15 elementor-section-boxed elementor-section-height-default elementor-section-height-default\" data-id=\"dd2bc15\" data-element_type=\"section\">\n            \n                        <div class=\"elementor-container elementor-column-gap-default\">\n                            <div class=\"elementor-row\">\n                    <div class=\"elementor-column elementor-col-100 elementor-top-column elementor-element elementor-element-cee1563\" data-id=\"cee1563\" data-element_type=\"column\">\n            <div class=\"elementor-column-wrap elementor-element-populated\">\n                            <div class=\"elementor-widget-wrap\">\n                \t\t<div class=\"elementor-element elementor-element-796e7a9 elementor-widget elementor-widget-image\" data-id=\"796e7a9\" data-element_type=\"widget\" data-widget_type=\"image.default\">\n\t\t\t\t<div class=\"elementor-widget-container\">\n\t\t\t\t\t\t\t\t<div class=\"elementor-image\">\n\t\t\t\t\t\t\t\t\t\t\t\t\t<a href=\"https:\/\/madame.lefigaro.fr\/\" target=\"_blank\">\n\t\t\t\t\t\t\t<img width=\"300\" height=\"156\" src=\"https:\/\/togeth-her.com\/wp-content\/uploads\/2020\/10\/madame-figaro-logo-e1603474257660.jpg\" class=\"attachment-large size-large wp-image-5312\" alt=\"\" \/>\t\t\t\t\t\t\t\t<\/a>\n\t\t\t\t\t\t\t\t\t\t\t\t\t\t<\/div>\n\t\t\t\t\t\t<\/div>\n\t\t\t\t<\/div>\n\t\t\t\t<div class=\"elementor-element elementor-element-6489d1c elementor-widget elementor-widget-text-editor\" data-id=\"6489d1c\" data-element_type=\"widget\" data-widget_type=\"text-editor.default\">\n\t\t\t\t<div class=\"elementor-widget-container\">\n\t\t\t\t\t\t\t\t<div class=\"elementor-text-editor elementor-clearfix\">\n\t\t\t\t<p><em>The marriage between Madame Figaro and the artists has been going on for 40 years, and the enchantment of the early days is still there. It has even grown stronger over the years. Because artists help us decipher the world, give it meaning and add a little bit of the poetry we feed on.<\/em><\/p>\n<div class=\"page\" title=\"Page 2\">\n<div class=\"section\">\n<div class=\"layoutArea\">\n<div class=\"column\">\n<p><span style=\"color: var( --e-global-color-text ); letter-spacing: 0px;\">To celebrate its 40th anniversary, Madame Figaro&nbsp;<\/span><span style=\"color: var( --e-global-color-text ); letter-spacing: 0px;\">has called upon 26 artists from all over the world, with different practices and styles, whose work we admire, but whose values we also appreciate. Each, in their own way, chose to celebrate a remarkable woman - Kamala Harris, candidate for the vice-presidency of the United States, writer Chimamanda Ngozi Adichie, human rights lawyer Amal Clooney, actress Salma Hayek, and the American writer and activist, Jose Luis P\u00e9rez de la Cruz.&nbsp;<\/span><span style=\"color: var( --e-global-color-text ); letter-spacing: 0px;\">and producer, or the actress Pen\u00e9lope Cruz. <\/span>26 inspiring women who inject the world with positive energy.<\/p>\n<p>All these unpublished portraits are exhibited at the Monnaie de Paris for one month. At the same time, they are sold at auction on the Artcurial website. The sums collected will be donated in full to a cause chosen by each artist. Today, even more \" than before \", the world needs generosity, so let's mobilize to support all these causes.<\/p>\n<\/div>\n<\/div>\n<\/div>\n<\/div>\t\t\t\t\t<\/div>\n\t\t\t\t\t\t<\/div>\n\t\t\t\t<\/div>\n\t\t\t\t<div class=\"elementor-element elementor-element-c1e6164 elementor-widget elementor-widget-image\" data-id=\"c1e6164\" data-element_type=\"widget\" data-widget_type=\"image.default\">\n\t\t\t\t<div class=\"elementor-widget-container\">\n\t\t\t\t\t\t\t\t<div class=\"elementor-image\">\n\t\t\t\t\t\t\t\t\t\t\t\t<img width=\"300\" height=\"36\" src=\"https:\/\/togeth-her.com\/wp-content\/uploads\/2020\/10\/signature-Anne-Florence-Schmitt-directrice-de-la-redaction-madame-figaro-artistes-a-la-une-togeth-her-2020-300x36.jpg\" class=\"attachment-medium size-medium wp-image-5710\" alt=\"\" srcset=\"https:\/\/togeth-her.com\/wp-content\/uploads\/2020\/10\/signature-Anne-Florence-Schmitt-directrice-de-la-redaction-madame-figaro-artistes-a-la-une-togeth-her-2020-300x36.jpg 300w, https:\/\/togeth-her.com\/wp-content\/uploads\/2020\/10\/signature-Anne-Florence-Schmitt-directrice-de-la-redaction-madame-figaro-artistes-a-la-une-togeth-her-2020.jpg 582w\" sizes=\"(max-width: 300px) 100vw, 300px\" \/>\t\t\t\t\t\t\t\t\t\t\t\t\t\t<\/div>\n\t\t\t\t\t\t<\/div>\n\t\t\t\t<\/div>\n\t\t\t\t<div class=\"elementor-element elementor-element-653603d elementor-widget elementor-widget-text-editor\" data-id=\"653603d\" data-element_type=\"widget\" data-widget_type=\"text-editor.default\">\n\t\t\t\t<div class=\"elementor-widget-container\">\n\t\t\t\t\t\t\t\t<div class=\"elementor-text-editor elementor-clearfix\">\n\t\t\t\t<div class=\"page\" title=\"Page 4\"><div class=\"layoutArea\"><div class=\"column\"><div class=\"page\" title=\"Page 2\"><div class=\"section\"><div class=\"layoutArea\"><div class=\"column\"><p>Directrice de la re\u0301daction du Madame Figaro.<\/p><\/div><\/div><\/div><\/div><\/div><\/div><\/div>\t\t\t\t\t<\/div>\n\t\t\t\t\t\t<\/div>\n\t\t\t\t<\/div>\n\t\t                <\/div>\n                    <\/div>\n        <\/div>\n                                <\/div>\n                    <\/div>\n        <\/section>\n        \t\t\t\t\t\t\t<\/div>\n\t\t\t<\/div>\n\t\t\t\t\t<\/div>","protected":false},"excerpt":{"rendered":"<p>Le mariage entre Madame Figaro et les artistes est une affaire qui dure depuis 40 ans, et l\u2019enchantement des premiers jours est toujours la\u0300. Il s\u2019est me\u0302me renforce\u0301 au fil des anne\u0301es. Parce que les artistes nous aident a\u0300 de\u0301crypter le monde, a\u0300 lui donner un sens et a\u0300 lui ajouter un peu de la [&hellip;]<\/p>","protected":false},"author":1,"featured_media":0,"parent":0,"menu_order":0,"comment_status":"closed","ping_status":"closed","template":"","meta":[],"yoast_head":"<!-- This site is optimized with the Yoast SEO plugin v19.4 - https:\/\/yoast.com\/wordpress\/plugins\/seo\/ -->\n<title>Madame Figaro - Artistes \u00e0 la Une, Togeth&#039;Her<\/title>\n<meta name=\"robots\" content=\"index, follow, max-snippet:-1, max-image-preview:large, max-video-preview:-1\" \/>\n<link rel=\"canonical\" href=\"https:\/\/togeth-her.com\/en\/madame-figaro\/\" \/>\n<meta property=\"og:locale\" content=\"en_US\" \/>\n<meta property=\"og:type\" content=\"article\" \/>\n<meta property=\"og:title\" content=\"Madame Figaro - Artistes \u00e0 la Une, Togeth&#039;Her\" \/>\n<meta property=\"og:description\" content=\"Le mariage entre Madame Figaro et les artistes est une affaire qui dure depuis 40 ans, et l\u2019enchantement des premiers jours est toujours la\u0300. Il s\u2019est me\u0302me renforce\u0301 au fil des anne\u0301es. Parce que les artistes nous aident a\u0300 de\u0301crypter le monde, a\u0300 lui donner un sens et a\u0300 lui ajouter un peu de la [&hellip;]\" \/>\n<meta property=\"og:url\" content=\"https:\/\/togeth-her.com\/en\/madame-figaro\/\" \/>\n<meta property=\"og:site_name\" content=\"Artistes \u00e0 la Une, Togeth&#039;Her\" \/>\n<meta property=\"article:modified_time\" content=\"2020-11-05T12:24:21+00:00\" \/>\n<meta property=\"og:image\" content=\"https:\/\/togeth-her.com\/wp-content\/uploads\/2020\/10\/madame-figaro-logo-e1603474257660.jpg\" \/>\n<meta name=\"twitter:card\" content=\"summary_large_image\" \/>\n<meta name=\"twitter:label1\" content=\"Est. reading time\" \/>\n\t<meta name=\"twitter:data1\" content=\"1 minute\" \/>\n<script type=\"application\/ld+json\" class=\"yoast-schema-graph\">{\"@context\":\"https:\/\/schema.org\",\"@graph\":[{\"@type\":\"WebSite\",\"@id\":\"https:\/\/togeth-her.com\/#website\",\"url\":\"https:\/\/togeth-her.com\/\",\"name\":\"Artistes \u00e0 la Une, Togeth&#039;Her\",\"description\":\"Ensemble pour la libert\u00e9 et l&#039;\u00e9mancipation des femmes\",\"potentialAction\":[{\"@type\":\"SearchAction\",\"target\":{\"@type\":\"EntryPoint\",\"urlTemplate\":\"https:\/\/togeth-her.com\/?s={search_term_string}\"},\"query-input\":\"required name=search_term_string\"}],\"inLanguage\":\"en-US\"},{\"@type\":\"WebPage\",\"@id\":\"https:\/\/togeth-her.com\/madame-figaro\/\",\"url\":\"https:\/\/togeth-her.com\/madame-figaro\/\",\"name\":\"Madame Figaro - Artistes \u00e0 la Une, Togeth&#039;Her\",\"isPartOf\":{\"@id\":\"https:\/\/togeth-her.com\/#website\"},\"datePublished\":\"2020-10-27T02:04:36+00:00\",\"dateModified\":\"2020-11-05T12:24:21+00:00\",\"breadcrumb\":{\"@id\":\"https:\/\/togeth-her.com\/madame-figaro\/#breadcrumb\"},\"inLanguage\":\"en-US\",\"potentialAction\":[{\"@type\":\"ReadAction\",\"target\":[\"https:\/\/togeth-her.com\/madame-figaro\/\"]}]},{\"@type\":\"BreadcrumbList\",\"@id\":\"https:\/\/togeth-her.com\/madame-figaro\/#breadcrumb\",\"itemListElement\":[{\"@type\":\"ListItem\",\"position\":1,\"name\":\"Accueil\",\"item\":\"https:\/\/togeth-her.com\/\"},{\"@type\":\"ListItem\",\"position\":2,\"name\":\"Madame Figaro\"}]}]}<\/script>\n<!-- \/ Yoast SEO plugin. -->","yoast_head_json":{"title":"Madame Figaro - Artistes \u00e0 la Une, Togeth&#039;Her","robots":{"index":"index","follow":"follow","max-snippet":"max-snippet:-1","max-image-preview":"max-image-preview:large","max-video-preview":"max-video-preview:-1"},"canonical":"https:\/\/togeth-her.com\/en\/madame-figaro\/","og_locale":"en_US","og_type":"article","og_title":"Madame Figaro - Artistes \u00e0 la Une, Togeth&#039;Her","og_description":"Le mariage entre Madame Figaro et les artistes est une affaire qui dure depuis 40 ans, et l\u2019enchantement des premiers jours est toujours la\u0300. Il s\u2019est me\u0302me renforce\u0301 au fil des anne\u0301es. Parce que les artistes nous aident a\u0300 de\u0301crypter le monde, a\u0300 lui donner un sens et a\u0300 lui ajouter un peu de la [&hellip;]","og_url":"https:\/\/togeth-her.com\/en\/madame-figaro\/","og_site_name":"Artistes \u00e0 la Une, Togeth&#039;Her","article_modified_time":"2020-11-05T12:24:21+00:00","og_image":[{"url":"https:\/\/togeth-her.com\/wp-content\/uploads\/2020\/10\/madame-figaro-logo-e1603474257660.jpg"}],"twitter_card":"summary_large_image","twitter_misc":{"Est. reading time":"1 minute"},"schema":{"@context":"https:\/\/schema.org","@graph":[{"@type":"WebSite","@id":"https:\/\/togeth-her.com\/#website","url":"https:\/\/togeth-her.com\/","name":"Artistes \u00e0 la Une, Togeth&#039;Her","description":"Ensemble pour la libert\u00e9 et l&#039;\u00e9mancipation des femmes","potentialAction":[{"@type":"SearchAction","target":{"@type":"EntryPoint","urlTemplate":"https:\/\/togeth-her.com\/?s={search_term_string}"},"query-input":"required name=search_term_string"}],"inLanguage":"en-US"},{"@type":"WebPage","@id":"https:\/\/togeth-her.com\/madame-figaro\/","url":"https:\/\/togeth-her.com\/madame-figaro\/","name":"Madame Figaro - Artistes \u00e0 la Une, Togeth&#039;Her","isPartOf":{"@id":"https:\/\/togeth-her.com\/#website"},"datePublished":"2020-10-27T02:04:36+00:00","dateModified":"2020-11-05T12:24:21+00:00","breadcrumb":{"@id":"https:\/\/togeth-her.com\/madame-figaro\/#breadcrumb"},"inLanguage":"en-US","potentialAction":[{"@type":"ReadAction","target":["https:\/\/togeth-her.com\/madame-figaro\/"]}]},{"@type":"BreadcrumbList","@id":"https:\/\/togeth-her.com\/madame-figaro\/#breadcrumb","itemListElement":[{"@type":"ListItem","position":1,"name":"Accueil","item":"https:\/\/togeth-her.com\/"},{"@type":"ListItem","position":2,"name":"Madame Figaro"}]}]}},"_links":{"self":[{"href":"https:\/\/togeth-her.com\/en\/wp-json\/wp\/v2\/pages\/5707"}],"collection":[{"href":"https:\/\/togeth-her.com\/en\/wp-json\/wp\/v2\/pages"}],"about":[{"href":"https:\/\/togeth-her.com\/en\/wp-json\/wp\/v2\/types\/page"}],"author":[{"embeddable":true,"href":"https:\/\/togeth-her.com\/en\/wp-json\/wp\/v2\/users\/1"}],"replies":[{"embeddable":true,"href":"https:\/\/togeth-her.com\/en\/wp-json\/wp\/v2\/comments?post=5707"}],"version-history":[{"count":5,"href":"https:\/\/togeth-her.com\/en\/wp-json\/wp\/v2\/pages\/5707\/revisions"}],"predecessor-version":[{"id":5726,"href":"https:\/\/togeth-her.com\/en\/wp-json\/wp\/v2\/pages\/5707\/revisions\/5726"}],"wp:attachment":[{"href":"https:\/\/togeth-her.com\/en\/wp-json\/wp\/v2\/media?parent=5707"}],"curies":[{"name":"wp","href":"https:\/\/api.w.org\/{rel}","templated":true}]}}