{"id":5906,"date":"2020-11-04T15:08:07","date_gmt":"2020-11-04T14:08:07","guid":{"rendered":"https:\/\/togeth-her.com\/?page_id=5906"},"modified":"2020-11-04T16:51:28","modified_gmt":"2020-11-04T15:51:28","slug":"bb","status":"publish","type":"page","link":"https:\/\/togeth-her.com\/en\/bb\/","title":{"rendered":"BB+"},"content":{"rendered":"<div data-elementor-type=\"wp-page\" data-elementor-id=\"5906\" class=\"elementor elementor-5906\">\n\t\t\t\t\t\t<div class=\"elementor-inner\">\n\t\t\t\t<div class=\"elementor-section-wrap\">\n\t\t\t\t\t\t\t        <section class=\"elementor-section elementor-top-section elementor-element elementor-element-5461acb elementor-section-boxed elementor-section-height-default elementor-section-height-default\" data-id=\"5461acb\" data-element_type=\"section\">\n            \n                        <div class=\"elementor-container elementor-column-gap-default\">\n                            <div class=\"elementor-row\">\n                    <div class=\"elementor-column elementor-col-33 elementor-top-column elementor-element elementor-element-eb9dfe8\" data-id=\"eb9dfe8\" data-element_type=\"column\">\n            <div class=\"elementor-column-wrap elementor-element-populated\">\n                            <div class=\"elementor-widget-wrap\">\n                \t\t<div class=\"elementor-element elementor-element-99a38af elementor-widget elementor-widget-image\" data-id=\"99a38af\" data-element_type=\"widget\" data-widget_type=\"image.default\">\n\t\t\t\t<div class=\"elementor-widget-container\">\n\t\t\t\t\t\t\t\t<div class=\"elementor-image\">\n\t\t\t\t\t\t\t\t\t\t\t\t<img width=\"170\" height=\"226\" src=\"https:\/\/togeth-her.com\/wp-content\/uploads\/2020\/10\/David-Herve\u0301-Boutin-Artistes-a\u0300-la-Une-Togeth-HER-2020.jpg\" class=\"attachment-large size-large wp-image-5538\" alt=\"\" \/>\t\t\t\t\t\t\t\t\t\t\t\t\t\t<\/div>\n\t\t\t\t\t\t<\/div>\n\t\t\t\t<\/div>\n\t\t\t\t<div class=\"elementor-element elementor-element-e3a9d50 elementor-widget elementor-widget-text-editor\" data-id=\"e3a9d50\" data-element_type=\"widget\" data-widget_type=\"text-editor.default\">\n\t\t\t\t<div class=\"elementor-widget-container\">\n\t\t\t\t\t\t\t\t<div class=\"elementor-text-editor elementor-clearfix\">\n\t\t\t\t<div class=\"page\" title=\"Page 4\"><div class=\"layoutArea\"><div class=\"column\"><div class=\"page\" title=\"Page 5\"><div class=\"section\"><div class=\"layoutArea\"><div class=\"column\"><p>David-Herv\u00e9 Boutin,<br \/>Fondateur de BB+<\/p><\/div><\/div><\/div><\/div><\/div><\/div><\/div>\t\t\t\t\t<\/div>\n\t\t\t\t\t\t<\/div>\n\t\t\t\t<\/div>\n\t\t                <\/div>\n                    <\/div>\n        <\/div>\n                <div class=\"elementor-column elementor-col-66 elementor-top-column elementor-element elementor-element-8f21837\" data-id=\"8f21837\" data-element_type=\"column\">\n            <div class=\"elementor-column-wrap elementor-element-populated\">\n                            <div class=\"elementor-widget-wrap\">\n                \t\t<div class=\"elementor-element elementor-element-b41ee8c elementor-widget elementor-widget-heading\" data-id=\"b41ee8c\" data-element_type=\"widget\" data-widget_type=\"heading.default\">\n\t\t\t\t<div class=\"elementor-widget-container\">\n\t\t\t<h2 class=\"elementor-heading-title elementor-size-default\">FAIRE CAUSE commune<\/h2>\t\t<\/div>\n\t\t\t\t<\/div>\n\t\t\t\t<div class=\"elementor-element elementor-element-6489d1c elementor-widget elementor-widget-text-editor\" data-id=\"6489d1c\" data-element_type=\"widget\" data-widget_type=\"text-editor.default\">\n\t\t\t\t<div class=\"elementor-widget-container\">\n\t\t\t\t\t\t\t\t<div class=\"elementor-text-editor elementor-clearfix\">\n\t\t\t\t<p>BB+ est une agence cr\u00e9\u00e9e en 2009 par David-Herv\u00e9 BOUTIN. Elle conseille les marques, les institutions et les m\u00e9c\u00e8nes dans leur relation avec le monde de la culture . BB+ est curatrice et organisatrice d\u2019\u00e9v\u00e9nements culturels en direction du grand public : expositions dans de grandes institutions, dans des si\u00e8ges sociaux d\u2019entreprises, fondations et des \u00e9vents hors les murs (performance artistiques XXL sur b\u00e2ches et \u00e9chafaudages en milieu urbain).<\/p>\t\t\t\t\t<\/div>\n\t\t\t\t\t\t<\/div>\n\t\t\t\t<\/div>\n\t\t\t\t<div class=\"elementor-element elementor-element-2c65a1f elementor-widget elementor-widget-image\" data-id=\"2c65a1f\" data-element_type=\"widget\" data-widget_type=\"image.default\">\n\t\t\t\t<div class=\"elementor-widget-container\">\n\t\t\t\t\t\t\t\t<div class=\"elementor-image\">\n\t\t\t\t\t\t\t\t\t\t\t\t<img src=\"https:\/\/togeth-her.com\/wp-content\/uploads\/elementor\/thumbs\/BB-Logo-Partenaires-Artistes-a-la-Une-Togeth-HER-2020-oxhyx3yvfa01kg3wqiji4mnd7kdmrmps1aet86fhd4.jpg\" title=\"BB+-Logo-Partenaires-Artistes-a-la-Une-Togeth-HER-2020\" alt=\"BB+-Logo-Partenaires-Artistes-a-la-Une-Togeth-HER-2020\" loading=\"lazy\" \/>\t\t\t\t\t\t\t\t\t\t\t\t\t\t<\/div>\n\t\t\t\t\t\t<\/div>\n\t\t\t\t<\/div>\n\t\t                <\/div>\n                    <\/div>\n        <\/div>\n                                <\/div>\n                    <\/div>\n        <\/section>\n                <section class=\"elementor-section elementor-top-section elementor-element elementor-element-dd2bc15 elementor-section-boxed elementor-section-height-default elementor-section-height-default\" data-id=\"dd2bc15\" data-element_type=\"section\">\n            \n                        <div class=\"elementor-container elementor-column-gap-default\">\n                            <div class=\"elementor-row\">\n                    <div class=\"elementor-column elementor-col-100 elementor-top-column elementor-element elementor-element-cee1563\" data-id=\"cee1563\" data-element_type=\"column\">\n            <div class=\"elementor-column-wrap elementor-element-populated\">\n                            <div class=\"elementor-widget-wrap\">\n                \t\t<div class=\"elementor-element elementor-element-46cd42c elementor-widget elementor-widget-text-editor\" data-id=\"46cd42c\" data-element_type=\"widget\" data-widget_type=\"text-editor.default\">\n\t\t\t\t<div class=\"elementor-widget-container\">\n\t\t\t\t\t\t\t\t<div class=\"elementor-text-editor elementor-clearfix\">\n\t\t\t\t<div title=\"Page 5\">\n<div title=\"Page 5\">\n<div>\n<div>\n<div><span style=\"font-family: Arial, sans-serif; text-align: left; color: var( --e-global-color-text ); letter-spacing: 0px;\">Nous sommes heureux, avec les \u00e9quipes du Madame Figaro et les partenaires de l&#8217;op\u00e9ration, de vous faire d\u00e9couvrir la nouvelle \u00e9dition d\u2019Artistes \u00e0 la Une Togeth\u2019Her, aboutissement d\u2019une ann\u00e9e de travail faite de passion et de pers\u00e9v\u00e9rance.<\/span>&nbsp;<\/div>\n<div>&nbsp;<\/div>\n<\/div>\n<div>Un travail d\u2019e\u0301quipe au profit d\u2019une belle cause, celle des femmes, qui n\u2019aurait pu aboutir sans l\u2019inde\u0301fectible et pre\u0301cieux soutien de prestigieux partenaires, tels que la maison Sisley, parrain de la premie\u0300re heure, la banque UBS, le groupe Ivanhoe\u0301 Cambridge, mais aussi bien su\u0302r le groupe Figaro, la Monnaie de Paris, Artcurial et de nombreuses personnes que je tenais ici a\u0300 remercier du fond du c\u0153ur. Le concept d\u2019Artistes a\u0300 la Une est ne\u0301 d\u2019une ide\u0301e simple : cre\u0301er un dialogue re\u0301gulier entre des artistes et un titre iconique au profit d\u2019une cause. En ces temps trouble\u0301s, ou\u0300 la tentation d\u2019un repli sur soi est encore plus forte, notre ambition est de susciter le de\u0301bat et de cre\u0301er des passerelles entre des mondes diffe\u0301rents, tout en ressuscitant des parcours humains ou des e\u0301ve\u0301nements trop souvent oublie\u0301s, gra\u0302ce a\u0300 l\u2019incroyable force e\u0301motionnelle des \u0153uvres.&nbsp;<\/div>\n<div>&nbsp;<\/div>\n<div>Nous avions mene\u0301 en 2015, apre\u0300s les tragiques e\u0301ve\u0301nements de <em>Charlie Hebdo<\/em> et du Bataclan, une ope\u0301ration pour de\u0301fendre la liberte\u0301 d\u2019expression des artistes et de la presse, avec le quotidien <em>Libe\u0301ration<\/em>, au profit de Reporters Sans Frontie\u0300res. En 2019, avec <em>Vogue Paris,<\/em> nous avions tenu, dans un contexte marque\u0301 par les terribles re\u0301ve\u0301lations du mouvement #MeToo, a\u0300 ba\u0302tir un espace d\u2019expression positif au soutien d\u2019une cause : la place des femmes dans notre monde actuel, leur droit a\u0300 l\u2019e\u0301ducation et a\u0300 l\u2019e\u0301mancipation.&nbsp;<\/div>\n<div>&nbsp;<\/div>\n<div>Dans la droite ligne de ces e\u0301ditions, nous avons de\u0301cide\u0301 avec <em>Madame Figaro<\/em>, en cette anne\u0301e 2020 encore une fois marque\u0301e par de douloureux et ine\u0301dits e\u0301ve\u0301nements, de mettre a\u0300 l\u2019honneur 26 femmes qui, nous l\u2019espe\u0301rons, continueront de jouer, gra\u0302ce a\u0300 leur charisme et leur engagement reconnus, un ro\u0302le majeur dans le monde qui s\u2019ouvre a\u0300 nous. Cette anne\u0301e encore, nous avons contacte\u0301 un a\u0300 un des artistes de renomme\u0301e internationale, qui ont tous accepte\u0301 de s\u2019engager en portraiturant, selon leur technique propre, des femmes remarquables et inspirantes a\u0300 leurs yeux.&nbsp;<\/div><div><br><\/div><div>Vous retrouverez ces \u0153uvres, accompagne\u0301es de la biographie de ces femmes et des artistes a\u0300 la Monnaie de Paris ou\u0300 elles seront expose\u0301es gratuitement d\u00e9but 2021. Afin de soutenir le combat de ces femmes et celui des formidables associations choisies en re\u0301sonance, les \u0153uvres originales seront vendues aux enche\u0300res &#8211; en ligne uniquement &#8211; sur <a href=\"http:\/\/www.artcurial.com\" target=\"_blank\" rel=\"noopener\">www.artcurial.com<\/a>. Des estampes nume\u0301rote\u0301es issues des \u0153uvres seront aussi ensuite disponibles. En espe\u0301rant que la de\u0301couverte de ces parcours humains et artistiques vous passionnera, au fil de ces pages et lors de l\u2019exposition, autant que nous le fu\u0302mes a\u0300 construire cette ope\u0301ration, et que ces incroyables destins sauront aussi inspirer de nouvelles ge\u0301ne\u0301rations !<\/div>\n<\/div>\n<\/div>\n<\/div>\t\t\t\t\t<\/div>\n\t\t\t\t\t\t<\/div>\n\t\t\t\t<\/div>\n\t\t                <\/div>\n                    <\/div>\n        <\/div>\n                                <\/div>\n                    <\/div>\n        <\/section>\n        \t\t\t\t\t\t\t<\/div>\n\t\t\t<\/div>\n\t\t\t\t\t<\/div>","protected":false},"excerpt":{"rendered":"<p>David-Herv\u00e9 Boutin,Fondateur de BB+ FAIRE CAUSE commune BB+ est une agence cr\u00e9\u00e9e en 2009 par David-Herv\u00e9 BOUTIN. Elle conseille les marques, les institutions et les m\u00e9c\u00e8nes dans leur relation avec le monde de la culture . BB+ est curatrice et organisatrice d\u2019\u00e9v\u00e9nements culturels en direction du grand public : expositions dans de grandes institutions, dans [&hellip;]<\/p>","protected":false},"author":1,"featured_media":0,"parent":0,"menu_order":0,"comment_status":"closed","ping_status":"closed","template":"","meta":[],"yoast_head":"<!-- This site is optimized with the Yoast SEO plugin v19.4 - https:\/\/yoast.com\/wordpress\/plugins\/seo\/ -->\n<title>BB+ - Artistes \u00e0 la Une, Togeth&#039;Her<\/title>\n<meta name=\"robots\" content=\"index, follow, max-snippet:-1, max-image-preview:large, max-video-preview:-1\" \/>\n<link rel=\"canonical\" href=\"http:\/\/togeth-her.com\/en\/bb\/\" \/>\n<meta property=\"og:locale\" content=\"en_US\" \/>\n<meta property=\"og:type\" content=\"article\" \/>\n<meta property=\"og:title\" content=\"BB+ - Artistes \u00e0 la Une, Togeth&#039;Her\" \/>\n<meta property=\"og:description\" content=\"David-Herv\u00e9 Boutin,Fondateur de BB+ FAIRE CAUSE commune BB+ est une agence cr\u00e9\u00e9e en 2009 par David-Herv\u00e9 BOUTIN. Elle conseille les marques, les institutions et les m\u00e9c\u00e8nes dans leur relation avec le monde de la culture . BB+ est curatrice et organisatrice d\u2019\u00e9v\u00e9nements culturels en direction du grand public : expositions dans de grandes institutions, dans [&hellip;]\" \/>\n<meta property=\"og:url\" content=\"http:\/\/togeth-her.com\/en\/bb\/\" \/>\n<meta property=\"og:site_name\" content=\"Artistes \u00e0 la Une, Togeth&#039;Her\" \/>\n<meta property=\"article:modified_time\" content=\"2020-11-04T15:51:28+00:00\" \/>\n<meta property=\"og:image\" content=\"https:\/\/togeth-her.com\/wp-content\/uploads\/2020\/10\/David-Herve\u0301-Boutin-Artistes-a\u0300-la-Une-Togeth-HER-2020.jpg\" \/>\n<meta name=\"twitter:card\" content=\"summary_large_image\" \/>\n<meta name=\"twitter:label1\" content=\"Est. reading time\" \/>\n\t<meta name=\"twitter:data1\" content=\"3 minutes\" \/>\n<script type=\"application\/ld+json\" class=\"yoast-schema-graph\">{\"@context\":\"https:\/\/schema.org\",\"@graph\":[{\"@type\":\"WebSite\",\"@id\":\"https:\/\/togeth-her.com\/#website\",\"url\":\"https:\/\/togeth-her.com\/\",\"name\":\"Artistes \u00e0 la Une, Togeth&#039;Her\",\"description\":\"Ensemble pour la libert\u00e9 et l&#039;\u00e9mancipation des femmes\",\"potentialAction\":[{\"@type\":\"SearchAction\",\"target\":{\"@type\":\"EntryPoint\",\"urlTemplate\":\"https:\/\/togeth-her.com\/?s={search_term_string}\"},\"query-input\":\"required name=search_term_string\"}],\"inLanguage\":\"en-US\"},{\"@type\":\"WebPage\",\"@id\":\"http:\/\/togeth-her.com\/en\/bb\/\",\"url\":\"http:\/\/togeth-her.com\/en\/bb\/\",\"name\":\"BB+ - Artistes \u00e0 la Une, Togeth&#039;Her\",\"isPartOf\":{\"@id\":\"https:\/\/togeth-her.com\/#website\"},\"datePublished\":\"2020-11-04T14:08:07+00:00\",\"dateModified\":\"2020-11-04T15:51:28+00:00\",\"breadcrumb\":{\"@id\":\"http:\/\/togeth-her.com\/en\/bb\/#breadcrumb\"},\"inLanguage\":\"en-US\",\"potentialAction\":[{\"@type\":\"ReadAction\",\"target\":[\"http:\/\/togeth-her.com\/en\/bb\/\"]}]},{\"@type\":\"BreadcrumbList\",\"@id\":\"http:\/\/togeth-her.com\/en\/bb\/#breadcrumb\",\"itemListElement\":[{\"@type\":\"ListItem\",\"position\":1,\"name\":\"Accueil\",\"item\":\"https:\/\/togeth-her.com\/\"},{\"@type\":\"ListItem\",\"position\":2,\"name\":\"BB+\"}]}]}<\/script>\n<!-- \/ Yoast SEO plugin. -->","yoast_head_json":{"title":"BB+ - Artistes \u00e0 la Une, Togeth&#039;Her","robots":{"index":"index","follow":"follow","max-snippet":"max-snippet:-1","max-image-preview":"max-image-preview:large","max-video-preview":"max-video-preview:-1"},"canonical":"http:\/\/togeth-her.com\/en\/bb\/","og_locale":"en_US","og_type":"article","og_title":"BB+ - Artistes \u00e0 la Une, Togeth&#039;Her","og_description":"David-Herv\u00e9 Boutin,Fondateur de BB+ FAIRE CAUSE commune BB+ est une agence cr\u00e9\u00e9e en 2009 par David-Herv\u00e9 BOUTIN. Elle conseille les marques, les institutions et les m\u00e9c\u00e8nes dans leur relation avec le monde de la culture . BB+ est curatrice et organisatrice d\u2019\u00e9v\u00e9nements culturels en direction du grand public : expositions dans de grandes institutions, dans [&hellip;]","og_url":"http:\/\/togeth-her.com\/en\/bb\/","og_site_name":"Artistes \u00e0 la Une, Togeth&#039;Her","article_modified_time":"2020-11-04T15:51:28+00:00","og_image":[{"url":"https:\/\/togeth-her.com\/wp-content\/uploads\/2020\/10\/David-Herve\u0301-Boutin-Artistes-a\u0300-la-Une-Togeth-HER-2020.jpg"}],"twitter_card":"summary_large_image","twitter_misc":{"Est. reading time":"3 minutes"},"schema":{"@context":"https:\/\/schema.org","@graph":[{"@type":"WebSite","@id":"https:\/\/togeth-her.com\/#website","url":"https:\/\/togeth-her.com\/","name":"Artistes \u00e0 la Une, Togeth&#039;Her","description":"Ensemble pour la libert\u00e9 et l&#039;\u00e9mancipation des femmes","potentialAction":[{"@type":"SearchAction","target":{"@type":"EntryPoint","urlTemplate":"https:\/\/togeth-her.com\/?s={search_term_string}"},"query-input":"required name=search_term_string"}],"inLanguage":"en-US"},{"@type":"WebPage","@id":"http:\/\/togeth-her.com\/en\/bb\/","url":"http:\/\/togeth-her.com\/en\/bb\/","name":"BB+ - Artistes \u00e0 la Une, Togeth&#039;Her","isPartOf":{"@id":"https:\/\/togeth-her.com\/#website"},"datePublished":"2020-11-04T14:08:07+00:00","dateModified":"2020-11-04T15:51:28+00:00","breadcrumb":{"@id":"http:\/\/togeth-her.com\/en\/bb\/#breadcrumb"},"inLanguage":"en-US","potentialAction":[{"@type":"ReadAction","target":["http:\/\/togeth-her.com\/en\/bb\/"]}]},{"@type":"BreadcrumbList","@id":"http:\/\/togeth-her.com\/en\/bb\/#breadcrumb","itemListElement":[{"@type":"ListItem","position":1,"name":"Accueil","item":"https:\/\/togeth-her.com\/"},{"@type":"ListItem","position":2,"name":"BB+"}]}]}},"_links":{"self":[{"href":"https:\/\/togeth-her.com\/en\/wp-json\/wp\/v2\/pages\/5906"}],"collection":[{"href":"https:\/\/togeth-her.com\/en\/wp-json\/wp\/v2\/pages"}],"about":[{"href":"https:\/\/togeth-her.com\/en\/wp-json\/wp\/v2\/types\/page"}],"author":[{"embeddable":true,"href":"https:\/\/togeth-her.com\/en\/wp-json\/wp\/v2\/users\/1"}],"replies":[{"embeddable":true,"href":"https:\/\/togeth-her.com\/en\/wp-json\/wp\/v2\/comments?post=5906"}],"version-history":[{"count":5,"href":"https:\/\/togeth-her.com\/en\/wp-json\/wp\/v2\/pages\/5906\/revisions"}],"predecessor-version":[{"id":5912,"href":"https:\/\/togeth-her.com\/en\/wp-json\/wp\/v2\/pages\/5906\/revisions\/5912"}],"wp:attachment":[{"href":"https:\/\/togeth-her.com\/en\/wp-json\/wp\/v2\/media?parent=5906"}],"curies":[{"name":"wp","href":"https:\/\/api.w.org\/{rel}","templated":true}]}}