{"id":5915,"date":"2020-11-04T23:31:25","date_gmt":"2020-11-04T22:31:25","guid":{"rendered":"https:\/\/togeth-her.com\/?page_id=5915"},"modified":"2021-06-03T17:23:29","modified_gmt":"2021-06-03T15:23:29","slug":"mediatransports","status":"publish","type":"page","link":"https:\/\/togeth-her.com\/en\/mediatransports\/","title":{"rendered":"Mediatransports"},"content":{"rendered":"<div data-elementor-type=\"wp-page\" data-elementor-id=\"5915\" class=\"elementor elementor-5915\">\n\t\t\t\t\t\t<div class=\"elementor-inner\">\n\t\t\t\t<div class=\"elementor-section-wrap\">\n\t\t\t\t\t\t\t        <section class=\"elementor-section elementor-top-section elementor-element elementor-element-5461acb elementor-section-boxed elementor-section-height-default elementor-section-height-default\" data-id=\"5461acb\" data-element_type=\"section\">\n            \n                        <div class=\"elementor-container elementor-column-gap-default\">\n                            <div class=\"elementor-row\">\n                    <div class=\"elementor-column elementor-col-33 elementor-top-column elementor-element elementor-element-eb9dfe8\" data-id=\"eb9dfe8\" data-element_type=\"column\">\n            <div class=\"elementor-column-wrap elementor-element-populated\">\n                            <div class=\"elementor-widget-wrap\">\n                \t\t<div class=\"elementor-element elementor-element-99a38af elementor-widget elementor-widget-image\" data-id=\"99a38af\" data-element_type=\"widget\" data-widget_type=\"image.default\">\n\t\t\t\t<div class=\"elementor-widget-container\">\n\t\t\t\t\t\t\t\t<div class=\"elementor-image\">\n\t\t\t\t\t\t\t\t\t\t\t\t<img width=\"152\" height=\"200\" src=\"https:\/\/togeth-her.com\/wp-content\/uploads\/2020\/11\/8.jpg\" class=\"attachment-large size-large wp-image-5929\" alt=\"\" \/>\t\t\t\t\t\t\t\t\t\t\t\t\t\t<\/div>\n\t\t\t\t\t\t<\/div>\n\t\t\t\t<\/div>\n\t\t\t\t<div class=\"elementor-element elementor-element-e3a9d50 elementor-widget elementor-widget-text-editor\" data-id=\"e3a9d50\" data-element_type=\"widget\" data-widget_type=\"text-editor.default\">\n\t\t\t\t<div class=\"elementor-widget-container\">\n\t\t\t\t\t\t\t\t<div class=\"elementor-text-editor elementor-clearfix\">\n\t\t\t\t<div class=\"page\" title=\"Page 4\"><div class=\"layoutArea\"><div class=\"column\"><div class=\"page\" title=\"Page 5\"><div class=\"section\"><div class=\"layoutArea\"><div class=\"column\"><p>Val\u00e9rie Descamp,<br \/>General Manager of Mediatransports<\/p><\/div><\/div><\/div><\/div><\/div><\/div><\/div>\t\t\t\t\t<\/div>\n\t\t\t\t\t\t<\/div>\n\t\t\t\t<\/div>\n\t\t                <\/div>\n                    <\/div>\n        <\/div>\n                <div class=\"elementor-column elementor-col-66 elementor-top-column elementor-element elementor-element-8f21837\" data-id=\"8f21837\" data-element_type=\"column\">\n            <div class=\"elementor-column-wrap elementor-element-populated\">\n                            <div class=\"elementor-widget-wrap\">\n                \t\t<div class=\"elementor-element elementor-element-b41ee8c elementor-widget elementor-widget-heading\" data-id=\"b41ee8c\" data-element_type=\"widget\" data-widget_type=\"heading.default\">\n\t\t\t\t<div class=\"elementor-widget-container\">\n\t\t\t<h2 class=\"elementor-heading-title elementor-size-default\">WORKING together<\/h2>\t\t<\/div>\n\t\t\t\t<\/div>\n\t\t\t\t<div class=\"elementor-element elementor-element-6489d1c elementor-widget elementor-widget-text-editor\" data-id=\"6489d1c\" data-element_type=\"widget\" data-widget_type=\"text-editor.default\">\n\t\t\t\t<div class=\"elementor-widget-container\">\n\t\t\t\t\t\t\t\t<div class=\"elementor-text-editor elementor-clearfix\">\n\t\t\t\t<div class=\"page\" title=\"Page 32\"><div class=\"section\"><div class=\"layoutArea\"><div class=\"column\"><p><em><a href=\"http:\/\/www.mediatransports.com\/\" target=\"_blank\" rel=\"noopener\">MediaTransports<\/a>, a leader in out-of-home advertising, is proud to highlight the struggles of women committed to a fairer world.<\/em><\/p><\/div><\/div><\/div><\/div>\t\t\t\t\t<\/div>\n\t\t\t\t\t\t<\/div>\n\t\t\t\t<\/div>\n\t\t\t\t<div class=\"elementor-element elementor-element-2c65a1f elementor-widget elementor-widget-image\" data-id=\"2c65a1f\" data-element_type=\"widget\" data-widget_type=\"image.default\">\n\t\t\t\t<div class=\"elementor-widget-container\">\n\t\t\t\t\t\t\t\t<div class=\"elementor-image\">\n\t\t\t\t\t\t\t\t\t\t\t\t\t<a href=\"http:\/\/www.mediatransports.com\/\" target=\"_blank\">\n\t\t\t\t\t\t\t<img src=\"https:\/\/togeth-her.com\/wp-content\/uploads\/elementor\/thumbs\/MediaTransports-Logo-Partenaires-Artistes-a-la-Une-Togeth-HER-2020-oxx8dbe0ilm1fe97848w2nva1c9dgvrh87woww4d60.jpg\" title=\"MediaTransports-Logo-Partenaires-Artistes-a-la-Une-Togeth-HER-2020\" alt=\"MediaTransports-Logo-Partenaires-Artistes-a-la-Une-Togeth-HER-2020\" loading=\"lazy\" \/>\t\t\t\t\t\t\t\t<\/a>\n\t\t\t\t\t\t\t\t\t\t\t\t\t\t<\/div>\n\t\t\t\t\t\t<\/div>\n\t\t\t\t<\/div>\n\t\t                <\/div>\n                    <\/div>\n        <\/div>\n                                <\/div>\n                    <\/div>\n        <\/section>\n                <section class=\"elementor-section elementor-top-section elementor-element elementor-element-dd2bc15 elementor-section-boxed elementor-section-height-default elementor-section-height-default\" data-id=\"dd2bc15\" data-element_type=\"section\">\n            \n                        <div class=\"elementor-container elementor-column-gap-default\">\n                            <div class=\"elementor-row\">\n                    <div class=\"elementor-column elementor-col-100 elementor-top-column elementor-element elementor-element-cee1563\" data-id=\"cee1563\" data-element_type=\"column\">\n            <div class=\"elementor-column-wrap elementor-element-populated\">\n                            <div class=\"elementor-widget-wrap\">\n                \t\t<div class=\"elementor-element elementor-element-46cd42c elementor-widget elementor-widget-text-editor\" data-id=\"46cd42c\" data-element_type=\"widget\" data-widget_type=\"text-editor.default\">\n\t\t\t\t<div class=\"elementor-widget-container\">\n\t\t\t\t\t\t\t\t<div class=\"elementor-text-editor elementor-clearfix\">\n\t\t\t\t<p>\u00ab\u00a0 I'm particularly happy to be able to support this edition of<em>Artistes \u00e0 la Une Togeth\u2019HER<\/em>, with a 4 x 3 campaign deployed on the platforms of the Paris metro, as well as on several hundred digital screens.<\/p><p>This partnership is in line with MediaTransports' CSR commitments and our support for various causes, particularly in terms of respect for people, environmental protection and the fight against exclusion. Many of the causes supported by these exceptional women are indeed part of these issues, in France and around the world. What is more, the diversity of these women, their backgrounds, their origins and their commitments, all share a fierce desire to work for a fairer, more egalitarian and more sustainable world. This famous \u00ab\u00a0 world after\u00a0\u00bb , for which the health crisis seems to have been the catalyst, has no doubt already had its roots in the struggles of these committed women. It is therefore more necessary than ever to put them in the spotlight, certainly as a form of recognition, but also to raise awareness of these causes and the need to continue the mobilization they require.<\/p><p>We are therefore proud to offer high visibility to this artistic project among millions of Paris Region travelers, at the heart of their daily lives, to contribute to the success of the project<em>Artistes \u00e0 la Une Togeth\u2019HER<\/em> 2021. \u00bb<\/p>\t\t\t\t\t<\/div>\n\t\t\t\t\t\t<\/div>\n\t\t\t\t<\/div>\n\t\t                <\/div>\n                    <\/div>\n        <\/div>\n                                <\/div>\n                    <\/div>\n        <\/section>\n        \t\t\t\t\t\t\t<\/div>\n\t\t\t<\/div>\n\t\t\t\t\t<\/div>","protected":false},"excerpt":{"rendered":"<p>Val\u00e9rie Descamp,Directrice g\u00e9n\u00e9rale de Mediatransports \u0152UVRER ensemble MediaTransports, leader de l\u2019affichage transport, est fier de mettre en avant les combats de femmes engage\u0301es pour un monde plus juste. \u00ab JE SUIS PARTICULI\u00c8REMENT HEUREUSE de pouvoir \u00e0 nouveau cette ann\u00e9e soutenir cette \u00e9dition d\u2019Artistes \u00e0 la Une Togeth\u2019HER, avec une campagne d\u00e9ploy\u00e9e en 4 x 3 [&hellip;]<\/p>","protected":false},"author":1,"featured_media":0,"parent":0,"menu_order":0,"comment_status":"closed","ping_status":"closed","template":"","meta":[],"yoast_head":"<!-- This site is optimized with the Yoast SEO plugin v19.4 - https:\/\/yoast.com\/wordpress\/plugins\/seo\/ -->\n<title>Mediatransports - Artistes \u00e0 la Une, Togeth&#039;Her<\/title>\n<meta name=\"robots\" content=\"index, follow, max-snippet:-1, max-image-preview:large, max-video-preview:-1\" \/>\n<link rel=\"canonical\" href=\"https:\/\/togeth-her.com\/en\/mediatransports\/\" \/>\n<meta property=\"og:locale\" content=\"en_US\" \/>\n<meta property=\"og:type\" content=\"article\" \/>\n<meta property=\"og:title\" content=\"Mediatransports - Artistes \u00e0 la Une, Togeth&#039;Her\" \/>\n<meta property=\"og:description\" content=\"Val\u00e9rie Descamp,Directrice g\u00e9n\u00e9rale de Mediatransports \u0152UVRER ensemble MediaTransports, leader de l\u2019affichage transport, est fier de mettre en avant les combats de femmes engage\u0301es pour un monde plus juste. \u00ab JE SUIS PARTICULI\u00c8REMENT HEUREUSE de pouvoir \u00e0 nouveau cette ann\u00e9e soutenir cette \u00e9dition d\u2019Artistes \u00e0 la Une Togeth\u2019HER, avec une campagne d\u00e9ploy\u00e9e en 4 x 3 [&hellip;]\" \/>\n<meta property=\"og:url\" content=\"https:\/\/togeth-her.com\/en\/mediatransports\/\" \/>\n<meta property=\"og:site_name\" content=\"Artistes \u00e0 la Une, Togeth&#039;Her\" \/>\n<meta property=\"article:modified_time\" content=\"2021-06-03T15:23:29+00:00\" \/>\n<meta property=\"og:image\" content=\"https:\/\/togeth-her.com\/wp-content\/uploads\/2020\/11\/8.jpg\" \/>\n<meta name=\"twitter:card\" content=\"summary_large_image\" \/>\n<meta name=\"twitter:label1\" content=\"Est. reading time\" \/>\n\t<meta name=\"twitter:data1\" content=\"2 minutes\" \/>\n<script type=\"application\/ld+json\" class=\"yoast-schema-graph\">{\"@context\":\"https:\/\/schema.org\",\"@graph\":[{\"@type\":\"WebSite\",\"@id\":\"https:\/\/togeth-her.com\/#website\",\"url\":\"https:\/\/togeth-her.com\/\",\"name\":\"Artistes \u00e0 la Une, Togeth&#039;Her\",\"description\":\"Ensemble pour la libert\u00e9 et l&#039;\u00e9mancipation des femmes\",\"potentialAction\":[{\"@type\":\"SearchAction\",\"target\":{\"@type\":\"EntryPoint\",\"urlTemplate\":\"https:\/\/togeth-her.com\/?s={search_term_string}\"},\"query-input\":\"required name=search_term_string\"}],\"inLanguage\":\"en-US\"},{\"@type\":\"WebPage\",\"@id\":\"https:\/\/togeth-her.com\/mediatransports\/\",\"url\":\"https:\/\/togeth-her.com\/mediatransports\/\",\"name\":\"Mediatransports - Artistes \u00e0 la Une, Togeth&#039;Her\",\"isPartOf\":{\"@id\":\"https:\/\/togeth-her.com\/#website\"},\"datePublished\":\"2020-11-04T22:31:25+00:00\",\"dateModified\":\"2021-06-03T15:23:29+00:00\",\"breadcrumb\":{\"@id\":\"https:\/\/togeth-her.com\/mediatransports\/#breadcrumb\"},\"inLanguage\":\"en-US\",\"potentialAction\":[{\"@type\":\"ReadAction\",\"target\":[\"https:\/\/togeth-her.com\/mediatransports\/\"]}]},{\"@type\":\"BreadcrumbList\",\"@id\":\"https:\/\/togeth-her.com\/mediatransports\/#breadcrumb\",\"itemListElement\":[{\"@type\":\"ListItem\",\"position\":1,\"name\":\"Accueil\",\"item\":\"https:\/\/togeth-her.com\/\"},{\"@type\":\"ListItem\",\"position\":2,\"name\":\"Mediatransports\"}]}]}<\/script>\n<!-- \/ Yoast SEO plugin. -->","yoast_head_json":{"title":"Mediatransports - Artistes \u00e0 la Une, Togeth&#039;Her","robots":{"index":"index","follow":"follow","max-snippet":"max-snippet:-1","max-image-preview":"max-image-preview:large","max-video-preview":"max-video-preview:-1"},"canonical":"https:\/\/togeth-her.com\/en\/mediatransports\/","og_locale":"en_US","og_type":"article","og_title":"Mediatransports - Artistes \u00e0 la Une, Togeth&#039;Her","og_description":"Val\u00e9rie Descamp,Directrice g\u00e9n\u00e9rale de Mediatransports \u0152UVRER ensemble MediaTransports, leader de l\u2019affichage transport, est fier de mettre en avant les combats de femmes engage\u0301es pour un monde plus juste. \u00ab JE SUIS PARTICULI\u00c8REMENT HEUREUSE de pouvoir \u00e0 nouveau cette ann\u00e9e soutenir cette \u00e9dition d\u2019Artistes \u00e0 la Une Togeth\u2019HER, avec une campagne d\u00e9ploy\u00e9e en 4 x 3 [&hellip;]","og_url":"https:\/\/togeth-her.com\/en\/mediatransports\/","og_site_name":"Artistes \u00e0 la Une, Togeth&#039;Her","article_modified_time":"2021-06-03T15:23:29+00:00","og_image":[{"url":"https:\/\/togeth-her.com\/wp-content\/uploads\/2020\/11\/8.jpg"}],"twitter_card":"summary_large_image","twitter_misc":{"Est. reading time":"2 minutes"},"schema":{"@context":"https:\/\/schema.org","@graph":[{"@type":"WebSite","@id":"https:\/\/togeth-her.com\/#website","url":"https:\/\/togeth-her.com\/","name":"Artistes \u00e0 la Une, Togeth&#039;Her","description":"Ensemble pour la libert\u00e9 et l&#039;\u00e9mancipation des femmes","potentialAction":[{"@type":"SearchAction","target":{"@type":"EntryPoint","urlTemplate":"https:\/\/togeth-her.com\/?s={search_term_string}"},"query-input":"required name=search_term_string"}],"inLanguage":"en-US"},{"@type":"WebPage","@id":"https:\/\/togeth-her.com\/mediatransports\/","url":"https:\/\/togeth-her.com\/mediatransports\/","name":"Mediatransports - Artistes \u00e0 la Une, Togeth&#039;Her","isPartOf":{"@id":"https:\/\/togeth-her.com\/#website"},"datePublished":"2020-11-04T22:31:25+00:00","dateModified":"2021-06-03T15:23:29+00:00","breadcrumb":{"@id":"https:\/\/togeth-her.com\/mediatransports\/#breadcrumb"},"inLanguage":"en-US","potentialAction":[{"@type":"ReadAction","target":["https:\/\/togeth-her.com\/mediatransports\/"]}]},{"@type":"BreadcrumbList","@id":"https:\/\/togeth-her.com\/mediatransports\/#breadcrumb","itemListElement":[{"@type":"ListItem","position":1,"name":"Accueil","item":"https:\/\/togeth-her.com\/"},{"@type":"ListItem","position":2,"name":"Mediatransports"}]}]}},"_links":{"self":[{"href":"https:\/\/togeth-her.com\/en\/wp-json\/wp\/v2\/pages\/5915"}],"collection":[{"href":"https:\/\/togeth-her.com\/en\/wp-json\/wp\/v2\/pages"}],"about":[{"href":"https:\/\/togeth-her.com\/en\/wp-json\/wp\/v2\/types\/page"}],"author":[{"embeddable":true,"href":"https:\/\/togeth-her.com\/en\/wp-json\/wp\/v2\/users\/1"}],"replies":[{"embeddable":true,"href":"https:\/\/togeth-her.com\/en\/wp-json\/wp\/v2\/comments?post=5915"}],"version-history":[{"count":19,"href":"https:\/\/togeth-her.com\/en\/wp-json\/wp\/v2\/pages\/5915\/revisions"}],"predecessor-version":[{"id":7062,"href":"https:\/\/togeth-her.com\/en\/wp-json\/wp\/v2\/pages\/5915\/revisions\/7062"}],"wp:attachment":[{"href":"https:\/\/togeth-her.com\/en\/wp-json\/wp\/v2\/media?parent=5915"}],"curies":[{"name":"wp","href":"https:\/\/api.w.org\/{rel}","templated":true}]}}