{"id":5917,"date":"2020-11-05T19:05:19","date_gmt":"2020-11-05T18:05:19","guid":{"rendered":"https:\/\/togeth-her.com\/?page_id=5917"},"modified":"2020-11-12T20:13:07","modified_gmt":"2020-11-12T19:13:07","slug":"nathalie-moulle-berteaux","status":"publish","type":"page","link":"https:\/\/togeth-her.com\/en\/nathalie-moulle-berteaux\/","title":{"rendered":"Nathalie Moull\u00e9-Berteaux"},"content":{"rendered":"<div data-elementor-type=\"wp-page\" data-elementor-id=\"5917\" class=\"elementor elementor-5917\">\n\t\t\t\t\t\t<div class=\"elementor-inner\">\n\t\t\t\t<div class=\"elementor-section-wrap\">\n\t\t\t\t\t\t\t        <section class=\"elementor-section elementor-top-section elementor-element elementor-element-5461acb elementor-section-boxed elementor-section-height-default elementor-section-height-default\" data-id=\"5461acb\" data-element_type=\"section\">\n            \n                        <div class=\"elementor-container elementor-column-gap-default\">\n                            <div class=\"elementor-row\">\n                    <div class=\"elementor-column elementor-col-33 elementor-top-column elementor-element elementor-element-eb9dfe8\" data-id=\"eb9dfe8\" data-element_type=\"column\">\n            <div class=\"elementor-column-wrap elementor-element-populated\">\n                            <div class=\"elementor-widget-wrap\">\n                \t\t<div class=\"elementor-element elementor-element-99a38af elementor-widget elementor-widget-image\" data-id=\"99a38af\" data-element_type=\"widget\" data-widget_type=\"image.default\">\n\t\t\t\t<div class=\"elementor-widget-container\">\n\t\t\t\t\t\t\t\t<div class=\"elementor-image\">\n\t\t\t\t\t\t\t\t\t\t\t\t<img width=\"153\" height=\"199\" src=\"https:\/\/togeth-her.com\/wp-content\/uploads\/2020\/10\/Mai\u0302tre-Nathalie-Moulle\u0301-Berteaux-avocate-Artistes-a\u0300-la-Une-Togeth-HER-2020.jpg\" class=\"attachment-large size-large wp-image-5539\" alt=\"\" \/>\t\t\t\t\t\t\t\t\t\t\t\t\t\t<\/div>\n\t\t\t\t\t\t<\/div>\n\t\t\t\t<\/div>\n\t\t\t\t<div class=\"elementor-element elementor-element-e3a9d50 elementor-widget elementor-widget-text-editor\" data-id=\"e3a9d50\" data-element_type=\"widget\" data-widget_type=\"text-editor.default\">\n\t\t\t\t<div class=\"elementor-widget-container\">\n\t\t\t\t\t\t\t\t<div class=\"elementor-text-editor elementor-clearfix\">\n\t\t\t\t<div class=\"page\" title=\"Page 4\"><div class=\"layoutArea\"><div class=\"column\"><div class=\"page\" title=\"Page 5\"><div class=\"section\"><div class=\"layoutArea\"><div class=\"column\"><p>Ma\u00eetre Nathalie Moull\u00e9-Berteaux,<br \/>intellectual property lawyer.<\/p><\/div><\/div><\/div><\/div><\/div><\/div><\/div>\t\t\t\t\t<\/div>\n\t\t\t\t\t\t<\/div>\n\t\t\t\t<\/div>\n\t\t                <\/div>\n                    <\/div>\n        <\/div>\n                <div class=\"elementor-column elementor-col-66 elementor-top-column elementor-element elementor-element-8f21837\" data-id=\"8f21837\" data-element_type=\"column\">\n            <div class=\"elementor-column-wrap elementor-element-populated\">\n                            <div class=\"elementor-widget-wrap\">\n                \t\t<div class=\"elementor-element elementor-element-b41ee8c elementor-widget elementor-widget-heading\" data-id=\"b41ee8c\" data-element_type=\"widget\" data-widget_type=\"heading.default\">\n\t\t\t\t<div class=\"elementor-widget-container\">\n\t\t\t<h2 class=\"elementor-heading-title elementor-size-default\">IN THE NAME OF all freedoms<\/h2>\t\t<\/div>\n\t\t\t\t<\/div>\n\t\t\t\t<div class=\"elementor-element elementor-element-6489d1c elementor-widget elementor-widget-text-editor\" data-id=\"6489d1c\" data-element_type=\"widget\" data-widget_type=\"text-editor.default\">\n\t\t\t\t<div class=\"elementor-widget-container\">\n\t\t\t\t\t\t\t\t<div class=\"elementor-text-editor elementor-clearfix\">\n\t\t\t\t<p><em>Artistes \u00e0 la Une Togeth'Her is a story of commitments between artists and partners in the service of great causes, in a changing world where art becomes resourcing.<\/em><\/p>\t\t\t\t\t<\/div>\n\t\t\t\t\t\t<\/div>\n\t\t\t\t<\/div>\n\t\t\t\t<div class=\"elementor-element elementor-element-2c65a1f elementor-widget elementor-widget-image\" data-id=\"2c65a1f\" data-element_type=\"widget\" data-widget_type=\"image.default\">\n\t\t\t\t<div class=\"elementor-widget-container\">\n\t\t\t\t\t\t\t\t<div class=\"elementor-image\">\n\t\t\t\t\t\t\t\t\t\t\t\t<img src=\"https:\/\/togeth-her.com\/wp-content\/uploads\/elementor\/thumbs\/Maitre-Nathalie-Moulle\u0301-Berteaux-New-Logo-Partenaires-Artistes-a-la-Une-Togeth-HER-2020-oybjkmrzfvhn318rxapk2b8t1ywd27bn8wu8sztwa0.jpg\" title=\"Maitre-Nathalie-Moulle\u0301-Berteaux-New-Logo-Partenaires-Artistes-a-la-Une-Togeth-HER-2020\" alt=\"Maitre-Nathalie-Moulle\u0301-Berteaux-New-Logo-Partenaires-Artistes-a-la-Une-Togeth-HER-2020\" loading=\"lazy\" \/>\t\t\t\t\t\t\t\t\t\t\t\t\t\t<\/div>\n\t\t\t\t\t\t<\/div>\n\t\t\t\t<\/div>\n\t\t                <\/div>\n                    <\/div>\n        <\/div>\n                                <\/div>\n                    <\/div>\n        <\/section>\n                <section class=\"elementor-section elementor-top-section elementor-element elementor-element-dd2bc15 elementor-section-boxed elementor-section-height-default elementor-section-height-default\" data-id=\"dd2bc15\" data-element_type=\"section\">\n            \n                        <div class=\"elementor-container elementor-column-gap-default\">\n                            <div class=\"elementor-row\">\n                    <div class=\"elementor-column elementor-col-100 elementor-top-column elementor-element elementor-element-cee1563\" data-id=\"cee1563\" data-element_type=\"column\">\n            <div class=\"elementor-column-wrap elementor-element-populated\">\n                            <div class=\"elementor-widget-wrap\">\n                \t\t<div class=\"elementor-element elementor-element-46cd42c elementor-widget elementor-widget-text-editor\" data-id=\"46cd42c\" data-element_type=\"widget\" data-widget_type=\"text-editor.default\">\n\t\t\t\t<div class=\"elementor-widget-container\">\n\t\t\t\t\t\t\t\t<div class=\"elementor-text-editor elementor-clearfix\">\n\t\t\t\t<p><strong>Palais de Tokyo, December 2015 :<\/strong> the first edition of<em>Artistes \u00e0 la Une<\/em> is being held in Paris, the capital city that was wounded by the attacks of January 2015. I discover the commitment of artists to freedom of the press and freedom of expression, including a work by Guy Limone, <em>\u00c9gypte Debout<\/em>, this is the story of a crowd gathered in Cairo's Tahrir Square to defend democracy. Interesting, for the lawyer that I have become.<\/p><p><strong>Cit\u00e9 de l'architecture, March 2016 :<\/strong> in the background, the Eiffel Tower in the colors of Belgium, also struck by terrorism. My intellectual property law firm is actively involved in the sale of the works for the benefit of Reporters Without Borders. A few days earlier, the Senate passed a bill enshrining the principle of freedom of artistic creation, consubstantial with the constitutional principle of freedom of expression.<\/p><p><strong>Monnaie de Paris, February 2019 :<\/strong> the firm is committed <em>pro bono<\/em> alongside David-Herv\u00e9 Boutin and exceptional partners, providing the legal assistance necessary for the exhibition <em>Artistes \u00e0 la Une Togeth\u2019HER<\/em>, organized to support UN Women's programmes for gender equality and women's empowerment.<\/p><p><strong>In 2020<\/strong>, we are proud to continue to build with international artists and prestigious partners, including <em>Madame Figaro<\/em> which on this occasion will celebrate its 40th anniversary, the artistic and charitable history of<em>Artistes \u00e0 la Une Togeth\u2019HER<\/em>. In a changing world, art becomes resourcing !<\/p>\t\t\t\t\t<\/div>\n\t\t\t\t\t\t<\/div>\n\t\t\t\t<\/div>\n\t\t                <\/div>\n                    <\/div>\n        <\/div>\n                                <\/div>\n                    <\/div>\n        <\/section>\n        \t\t\t\t\t\t\t<\/div>\n\t\t\t<\/div>\n\t\t\t\t\t<\/div>","protected":false},"excerpt":{"rendered":"<p>Ma\u00eetre Nathalie Moull\u00e9-Berteaux,avocate en propri\u00e9t\u00e9 intellectuelle. AU NOM DE toutes les libert\u00e9s Artistes \u00e0 la Une Togeth&#8217;Her, c\u2019est une histoire d\u2019engagements entre artistes et partenaires au service de grandes causes, dans un monde basculant o\u00f9 l\u2019art devient ressour\u00e7ant. Palais de Tokyo, d\u00e9cembre 2015 : la premi\u00e8re \u00e9dition d\u2019Artistes \u00e0 la Une se tient \u00e0 Paris, [&hellip;]<\/p>","protected":false},"author":2,"featured_media":0,"parent":0,"menu_order":0,"comment_status":"closed","ping_status":"closed","template":"","meta":[],"yoast_head":"<!-- This site is optimized with the Yoast SEO plugin v19.4 - https:\/\/yoast.com\/wordpress\/plugins\/seo\/ -->\n<title>Nathalie Moull\u00e9-Berteaux - Artistes \u00e0 la Une, Togeth&#039;Her<\/title>\n<meta name=\"robots\" content=\"index, follow, max-snippet:-1, max-image-preview:large, max-video-preview:-1\" \/>\n<link rel=\"canonical\" href=\"https:\/\/togeth-her.com\/en\/nathalie-moulle-berteaux\/\" \/>\n<meta property=\"og:locale\" content=\"en_US\" \/>\n<meta property=\"og:type\" content=\"article\" \/>\n<meta property=\"og:title\" content=\"Nathalie Moull\u00e9-Berteaux - Artistes \u00e0 la Une, Togeth&#039;Her\" \/>\n<meta property=\"og:description\" content=\"Ma\u00eetre Nathalie Moull\u00e9-Berteaux,avocate en propri\u00e9t\u00e9 intellectuelle. AU NOM DE toutes les libert\u00e9s Artistes \u00e0 la Une Togeth&#8217;Her, c\u2019est une histoire d\u2019engagements entre artistes et partenaires au service de grandes causes, dans un monde basculant o\u00f9 l\u2019art devient ressour\u00e7ant. Palais de Tokyo, d\u00e9cembre 2015 : la premi\u00e8re \u00e9dition d\u2019Artistes \u00e0 la Une se tient \u00e0 Paris, [&hellip;]\" \/>\n<meta property=\"og:url\" content=\"https:\/\/togeth-her.com\/en\/nathalie-moulle-berteaux\/\" \/>\n<meta property=\"og:site_name\" content=\"Artistes \u00e0 la Une, Togeth&#039;Her\" \/>\n<meta property=\"article:modified_time\" content=\"2020-11-12T19:13:07+00:00\" \/>\n<meta property=\"og:image\" content=\"https:\/\/togeth-her.com\/wp-content\/uploads\/2020\/10\/Mai\u0302tre-Nathalie-Moulle\u0301-Berteaux-avocate-Artistes-a\u0300-la-Une-Togeth-HER-2020.jpg\" \/>\n<meta name=\"twitter:card\" content=\"summary_large_image\" \/>\n<meta name=\"twitter:label1\" content=\"Est. reading time\" \/>\n\t<meta name=\"twitter:data1\" content=\"2 minutes\" \/>\n<script type=\"application\/ld+json\" class=\"yoast-schema-graph\">{\"@context\":\"https:\/\/schema.org\",\"@graph\":[{\"@type\":\"WebSite\",\"@id\":\"https:\/\/togeth-her.com\/#website\",\"url\":\"https:\/\/togeth-her.com\/\",\"name\":\"Artistes \u00e0 la Une, Togeth&#039;Her\",\"description\":\"Ensemble pour la libert\u00e9 et l&#039;\u00e9mancipation des femmes\",\"potentialAction\":[{\"@type\":\"SearchAction\",\"target\":{\"@type\":\"EntryPoint\",\"urlTemplate\":\"https:\/\/togeth-her.com\/?s={search_term_string}\"},\"query-input\":\"required name=search_term_string\"}],\"inLanguage\":\"en-US\"},{\"@type\":\"WebPage\",\"@id\":\"https:\/\/togeth-her.com\/nathalie-moulle-berteaux\/\",\"url\":\"https:\/\/togeth-her.com\/nathalie-moulle-berteaux\/\",\"name\":\"Nathalie Moull\u00e9-Berteaux - Artistes \u00e0 la Une, Togeth&#039;Her\",\"isPartOf\":{\"@id\":\"https:\/\/togeth-her.com\/#website\"},\"datePublished\":\"2020-11-05T18:05:19+00:00\",\"dateModified\":\"2020-11-12T19:13:07+00:00\",\"breadcrumb\":{\"@id\":\"https:\/\/togeth-her.com\/nathalie-moulle-berteaux\/#breadcrumb\"},\"inLanguage\":\"en-US\",\"potentialAction\":[{\"@type\":\"ReadAction\",\"target\":[\"https:\/\/togeth-her.com\/nathalie-moulle-berteaux\/\"]}]},{\"@type\":\"BreadcrumbList\",\"@id\":\"https:\/\/togeth-her.com\/nathalie-moulle-berteaux\/#breadcrumb\",\"itemListElement\":[{\"@type\":\"ListItem\",\"position\":1,\"name\":\"Accueil\",\"item\":\"https:\/\/togeth-her.com\/\"},{\"@type\":\"ListItem\",\"position\":2,\"name\":\"Nathalie Moull\u00e9-Berteaux\"}]}]}<\/script>\n<!-- \/ Yoast SEO plugin. -->","yoast_head_json":{"title":"Nathalie Moull\u00e9-Berteaux - Artistes \u00e0 la Une, Togeth&#039;Her","robots":{"index":"index","follow":"follow","max-snippet":"max-snippet:-1","max-image-preview":"max-image-preview:large","max-video-preview":"max-video-preview:-1"},"canonical":"https:\/\/togeth-her.com\/en\/nathalie-moulle-berteaux\/","og_locale":"en_US","og_type":"article","og_title":"Nathalie Moull\u00e9-Berteaux - Artistes \u00e0 la Une, Togeth&#039;Her","og_description":"Ma\u00eetre Nathalie Moull\u00e9-Berteaux,avocate en propri\u00e9t\u00e9 intellectuelle. AU NOM DE toutes les libert\u00e9s Artistes \u00e0 la Une Togeth&#8217;Her, c\u2019est une histoire d\u2019engagements entre artistes et partenaires au service de grandes causes, dans un monde basculant o\u00f9 l\u2019art devient ressour\u00e7ant. Palais de Tokyo, d\u00e9cembre 2015 : la premi\u00e8re \u00e9dition d\u2019Artistes \u00e0 la Une se tient \u00e0 Paris, [&hellip;]","og_url":"https:\/\/togeth-her.com\/en\/nathalie-moulle-berteaux\/","og_site_name":"Artistes \u00e0 la Une, Togeth&#039;Her","article_modified_time":"2020-11-12T19:13:07+00:00","og_image":[{"url":"https:\/\/togeth-her.com\/wp-content\/uploads\/2020\/10\/Mai\u0302tre-Nathalie-Moulle\u0301-Berteaux-avocate-Artistes-a\u0300-la-Une-Togeth-HER-2020.jpg"}],"twitter_card":"summary_large_image","twitter_misc":{"Est. reading time":"2 minutes"},"schema":{"@context":"https:\/\/schema.org","@graph":[{"@type":"WebSite","@id":"https:\/\/togeth-her.com\/#website","url":"https:\/\/togeth-her.com\/","name":"Artistes \u00e0 la Une, Togeth&#039;Her","description":"Ensemble pour la libert\u00e9 et l&#039;\u00e9mancipation des femmes","potentialAction":[{"@type":"SearchAction","target":{"@type":"EntryPoint","urlTemplate":"https:\/\/togeth-her.com\/?s={search_term_string}"},"query-input":"required name=search_term_string"}],"inLanguage":"en-US"},{"@type":"WebPage","@id":"https:\/\/togeth-her.com\/nathalie-moulle-berteaux\/","url":"https:\/\/togeth-her.com\/nathalie-moulle-berteaux\/","name":"Nathalie Moull\u00e9-Berteaux - Artistes \u00e0 la Une, Togeth&#039;Her","isPartOf":{"@id":"https:\/\/togeth-her.com\/#website"},"datePublished":"2020-11-05T18:05:19+00:00","dateModified":"2020-11-12T19:13:07+00:00","breadcrumb":{"@id":"https:\/\/togeth-her.com\/nathalie-moulle-berteaux\/#breadcrumb"},"inLanguage":"en-US","potentialAction":[{"@type":"ReadAction","target":["https:\/\/togeth-her.com\/nathalie-moulle-berteaux\/"]}]},{"@type":"BreadcrumbList","@id":"https:\/\/togeth-her.com\/nathalie-moulle-berteaux\/#breadcrumb","itemListElement":[{"@type":"ListItem","position":1,"name":"Accueil","item":"https:\/\/togeth-her.com\/"},{"@type":"ListItem","position":2,"name":"Nathalie Moull\u00e9-Berteaux"}]}]}},"_links":{"self":[{"href":"https:\/\/togeth-her.com\/en\/wp-json\/wp\/v2\/pages\/5917"}],"collection":[{"href":"https:\/\/togeth-her.com\/en\/wp-json\/wp\/v2\/pages"}],"about":[{"href":"https:\/\/togeth-her.com\/en\/wp-json\/wp\/v2\/types\/page"}],"author":[{"embeddable":true,"href":"https:\/\/togeth-her.com\/en\/wp-json\/wp\/v2\/users\/2"}],"replies":[{"embeddable":true,"href":"https:\/\/togeth-her.com\/en\/wp-json\/wp\/v2\/comments?post=5917"}],"version-history":[{"count":12,"href":"https:\/\/togeth-her.com\/en\/wp-json\/wp\/v2\/pages\/5917\/revisions"}],"predecessor-version":[{"id":6269,"href":"https:\/\/togeth-her.com\/en\/wp-json\/wp\/v2\/pages\/5917\/revisions\/6269"}],"wp:attachment":[{"href":"https:\/\/togeth-her.com\/en\/wp-json\/wp\/v2\/media?parent=5917"}],"curies":[{"name":"wp","href":"https:\/\/api.w.org\/{rel}","templated":true}]}}