{"id":7063,"date":"2021-06-03T17:40:03","date_gmt":"2021-06-03T15:40:03","guid":{"rendered":"https:\/\/togeth-her.com\/?page_id=7063"},"modified":"2021-06-03T20:35:19","modified_gmt":"2021-06-03T18:35:19","slug":"artsper","status":"publish","type":"page","link":"https:\/\/togeth-her.com\/en\/artsper\/","title":{"rendered":"Artsper"},"content":{"rendered":"<div data-elementor-type=\"wp-page\" data-elementor-id=\"7063\" class=\"elementor elementor-7063\">\n\t\t\t\t\t\t<div class=\"elementor-inner\">\n\t\t\t\t<div class=\"elementor-section-wrap\">\n\t\t\t\t\t\t\t        <section class=\"elementor-section elementor-top-section elementor-element elementor-element-dd2bc15 elementor-section-boxed elementor-section-height-default elementor-section-height-default\" data-id=\"dd2bc15\" data-element_type=\"section\">\n            \n                        <div class=\"elementor-container elementor-column-gap-default\">\n                            <div class=\"elementor-row\">\n                    <div class=\"elementor-column elementor-col-100 elementor-top-column elementor-element elementor-element-cee1563\" data-id=\"cee1563\" data-element_type=\"column\">\n            <div class=\"elementor-column-wrap elementor-element-populated\">\n                            <div class=\"elementor-widget-wrap\">\n                \t\t<div class=\"elementor-element elementor-element-796e7a9 elementor-widget elementor-widget-image\" data-id=\"796e7a9\" data-element_type=\"widget\" data-widget_type=\"image.default\">\n\t\t\t\t<div class=\"elementor-widget-container\">\n\t\t\t\t\t\t\t\t<div class=\"elementor-image\">\n\t\t\t\t\t\t\t\t\t\t\t\t\t<a href=\"https:\/\/madame.lefigaro.fr\/\" target=\"_blank\">\n\t\t\t\t\t\t\t<img src=\"https:\/\/togeth-her.com\/wp-content\/uploads\/elementor\/thumbs\/Logo_Artsper_Black_HD-e1622545827840-p80u21uhvvzj4ljkiroujta33c8svmqeawwnhhkjjo.png\" title=\"Logo_Artsper_Black_HD\" alt=\"Logo_Artsper_Black_HD\" loading=\"lazy\" \/>\t\t\t\t\t\t\t\t<\/a>\n\t\t\t\t\t\t\t\t\t\t\t\t\t\t<\/div>\n\t\t\t\t\t\t<\/div>\n\t\t\t\t<\/div>\n\t\t\t\t<div class=\"elementor-element elementor-element-6489d1c elementor-widget elementor-widget-text-editor\" data-id=\"6489d1c\" data-element_type=\"widget\" data-widget_type=\"text-editor.default\">\n\t\t\t\t<div class=\"elementor-widget-container\">\n\t\t\t\t\t\t\t\t<div class=\"elementor-text-editor elementor-clearfix\">\n\t\t\t\t<p>\u201c<a href=\"https:\/\/www.artsper.com\/fr\/\">Artsper,<\/a> premi\u00e8re marketplace en ligne d\u2019art en Europe, est fier de soutenir \u00ab Artistes \u00e0 la Une &#8211; Togeth\u2019Her \u00bb ! Cette ann\u00e9e, le projet Togeth\u2019Her vit non seulement de mani\u00e8re physique mais \u00e9galement en ligne, avec <a href=\"https:\/\/www.artsper.com\/fr\/galeries-d-art\/france\/8001\/togeth-her?utm_source=website&amp;utm_medium=togethher&amp;utm_campaign=juin%202021\">la vente sur Artsper<\/a> des \u00e9ditions limit\u00e9es et exclusives de 6 artistes c\u00e9l\u00e8bres : Olivier Masmonteil, Mouna Rebeiz, Alexandre Lenoir, Hom Nguyen, Jules de Balincourt et Friedrich Kunath.<\/p><p>Depuis sa cr\u00e9ation, Artsper met tout en \u0153uvre pour rendre l\u2019art accessible \u00e0 tous. Notre catalogue rassemble aujourd\u2019hui plus de 170 000 \u0153uvres d\u2019art, accessibles \u00e0 la vente dans le monde entier, et 25 000 artistes, des plus c\u00e9l\u00e8bres aux nouveaux talents. Nous travaillons avec plus de 1 800 galeries aux 4 coins de la plan\u00e8te (dont Perrotin, Daniel Templon, Xippas, Lelong, etc.). Notre catalogue pr\u00e9sente des \u0153uvres \u00e0 partir de 100\u20ac et une grande diversit\u00e9 de m\u00e9diums : peinture, sculpture, \u00e9dition, photographie, dessin. Surtout, notre \u00e9quipe de passionn\u00e9s met tout en \u0153uvre pour surprendre et inspirer au quotidien les amateurs d\u2019art, qu\u2019ils soient n\u00e9ophytes ou experts, gr\u00e2ce \u00e0 des s\u00e9lections d\u2019\u0153uvres, des interviews d\u2019artistes, des articles de fond&#8230; \u00a0<\/p><p>Ainsi, le projet \u00ab Artistes \u00e0 la Une &#8211; Togeth\u2019Her \u00bb fait parfaitement \u00e9cho \u00e0 notre volont\u00e9 de d\u00e9complexer l\u2019achat d\u2019art, en offrant la possibilit\u00e9 \u00e0 tous de s\u2019offrir une \u0153uvre originale d\u2019un grand nom de l\u2019art gr\u00e2ce aux \u00e9ditions. Par ailleurs, l\u2019\u00e9dition 2021 de \u00ab Artistes \u00e0 la Une &#8211; Togeth\u2019Her \u00bb met \u00e0 l\u2019honneur 26 muses engag\u00e9es et des artistes qui le sont tout autant. Ces femmes d\u2019horizons divers ont toutes en commun leur volont\u00e9 de faire bouger les choses, et Artsper est heureux de les aider \u00e0 amplifier leur voix.\u201c\u00a0<\/p>\t\t\t\t\t<\/div>\n\t\t\t\t\t\t<\/div>\n\t\t\t\t<\/div>\n\t\t\t\t<div class=\"elementor-element elementor-element-653603d elementor-widget elementor-widget-text-editor\" data-id=\"653603d\" data-element_type=\"widget\" data-widget_type=\"text-editor.default\">\n\t\t\t\t<div class=\"elementor-widget-container\">\n\t\t\t\t\t\t\t\t<div class=\"elementor-text-editor elementor-clearfix\">\n\t\t\t\t<div class=\"page\" title=\"Page 4\"><div class=\"layoutArea\"><div class=\"column\"><div class=\"page\" title=\"Page 2\"><div class=\"section\"><div class=\"layoutArea\"><div class=\"column\"><p><strong>\u00a0L&#8217;\u00e9quipe\u00a0Artsper.<\/strong><\/p><\/div><\/div><\/div><\/div><\/div><\/div><\/div>\t\t\t\t\t<\/div>\n\t\t\t\t\t\t<\/div>\n\t\t\t\t<\/div>\n\t\t                <\/div>\n                    <\/div>\n        <\/div>\n                                <\/div>\n                    <\/div>\n        <\/section>\n        \t\t\t\t\t\t\t<\/div>\n\t\t\t<\/div>\n\t\t\t\t\t<\/div>","protected":false},"excerpt":{"rendered":"<p>\u201cArtsper, premi\u00e8re marketplace en ligne d\u2019art en Europe, est fier de soutenir \u00ab Artistes \u00e0 la Une &#8211; Togeth\u2019Her \u00bb ! Cette ann\u00e9e, le projet Togeth\u2019Her vit non seulement de mani\u00e8re physique mais \u00e9galement en ligne, avec la vente sur Artsper des \u00e9ditions limit\u00e9es et exclusives de 6 artistes c\u00e9l\u00e8bres : Olivier Masmonteil, Mouna Rebeiz, [&hellip;]<\/p>","protected":false},"author":3,"featured_media":0,"parent":0,"menu_order":0,"comment_status":"closed","ping_status":"closed","template":"","meta":[],"yoast_head":"<!-- This site is optimized with the Yoast SEO plugin v19.4 - https:\/\/yoast.com\/wordpress\/plugins\/seo\/ -->\n<title>Artsper - Artistes \u00e0 la Une, Togeth&#039;Her<\/title>\n<meta name=\"robots\" content=\"index, follow, max-snippet:-1, max-image-preview:large, max-video-preview:-1\" \/>\n<link rel=\"canonical\" href=\"https:\/\/togeth-her.com\/en\/artsper\/\" \/>\n<meta property=\"og:locale\" content=\"en_US\" \/>\n<meta property=\"og:type\" content=\"article\" \/>\n<meta property=\"og:title\" content=\"Artsper - Artistes \u00e0 la Une, Togeth&#039;Her\" \/>\n<meta property=\"og:description\" content=\"\u201cArtsper, premi\u00e8re marketplace en ligne d\u2019art en Europe, est fier de soutenir \u00ab Artistes \u00e0 la Une &#8211; Togeth\u2019Her \u00bb ! Cette ann\u00e9e, le projet Togeth\u2019Her vit non seulement de mani\u00e8re physique mais \u00e9galement en ligne, avec la vente sur Artsper des \u00e9ditions limit\u00e9es et exclusives de 6 artistes c\u00e9l\u00e8bres : Olivier Masmonteil, Mouna Rebeiz, [&hellip;]\" \/>\n<meta property=\"og:url\" content=\"https:\/\/togeth-her.com\/en\/artsper\/\" \/>\n<meta property=\"og:site_name\" content=\"Artistes \u00e0 la Une, Togeth&#039;Her\" \/>\n<meta property=\"article:modified_time\" content=\"2021-06-03T18:35:19+00:00\" \/>\n<meta property=\"og:image\" content=\"https:\/\/togeth-her.com\/wp-content\/uploads\/elementor\/thumbs\/Logo_Artsper_Black_HD-e1622545827840-p80u21uhvvzj4ljkiroujta33c8svmqeawwnhhkjjo.png\" \/>\n<meta name=\"twitter:card\" content=\"summary_large_image\" \/>\n<meta name=\"twitter:label1\" content=\"Est. reading time\" \/>\n\t<meta name=\"twitter:data1\" content=\"2 minutes\" \/>\n<script type=\"application\/ld+json\" class=\"yoast-schema-graph\">{\"@context\":\"https:\/\/schema.org\",\"@graph\":[{\"@type\":\"WebSite\",\"@id\":\"https:\/\/togeth-her.com\/#website\",\"url\":\"https:\/\/togeth-her.com\/\",\"name\":\"Artistes \u00e0 la Une, Togeth&#039;Her\",\"description\":\"Ensemble pour la libert\u00e9 et l&#039;\u00e9mancipation des femmes\",\"potentialAction\":[{\"@type\":\"SearchAction\",\"target\":{\"@type\":\"EntryPoint\",\"urlTemplate\":\"https:\/\/togeth-her.com\/?s={search_term_string}\"},\"query-input\":\"required name=search_term_string\"}],\"inLanguage\":\"en-US\"},{\"@type\":\"WebPage\",\"@id\":\"https:\/\/togeth-her.com\/en\/artsper\/\",\"url\":\"https:\/\/togeth-her.com\/en\/artsper\/\",\"name\":\"Artsper - Artistes \u00e0 la Une, Togeth&#039;Her\",\"isPartOf\":{\"@id\":\"https:\/\/togeth-her.com\/#website\"},\"datePublished\":\"2021-06-03T15:40:03+00:00\",\"dateModified\":\"2021-06-03T18:35:19+00:00\",\"breadcrumb\":{\"@id\":\"https:\/\/togeth-her.com\/en\/artsper\/#breadcrumb\"},\"inLanguage\":\"en-US\",\"potentialAction\":[{\"@type\":\"ReadAction\",\"target\":[\"https:\/\/togeth-her.com\/en\/artsper\/\"]}]},{\"@type\":\"BreadcrumbList\",\"@id\":\"https:\/\/togeth-her.com\/en\/artsper\/#breadcrumb\",\"itemListElement\":[{\"@type\":\"ListItem\",\"position\":1,\"name\":\"Accueil\",\"item\":\"https:\/\/togeth-her.com\/\"},{\"@type\":\"ListItem\",\"position\":2,\"name\":\"Artsper\"}]}]}<\/script>\n<!-- \/ Yoast SEO plugin. -->","yoast_head_json":{"title":"Artsper - Artistes \u00e0 la Une, Togeth&#039;Her","robots":{"index":"index","follow":"follow","max-snippet":"max-snippet:-1","max-image-preview":"max-image-preview:large","max-video-preview":"max-video-preview:-1"},"canonical":"https:\/\/togeth-her.com\/en\/artsper\/","og_locale":"en_US","og_type":"article","og_title":"Artsper - Artistes \u00e0 la Une, Togeth&#039;Her","og_description":"\u201cArtsper, premi\u00e8re marketplace en ligne d\u2019art en Europe, est fier de soutenir \u00ab Artistes \u00e0 la Une &#8211; Togeth\u2019Her \u00bb ! Cette ann\u00e9e, le projet Togeth\u2019Her vit non seulement de mani\u00e8re physique mais \u00e9galement en ligne, avec la vente sur Artsper des \u00e9ditions limit\u00e9es et exclusives de 6 artistes c\u00e9l\u00e8bres : Olivier Masmonteil, Mouna Rebeiz, [&hellip;]","og_url":"https:\/\/togeth-her.com\/en\/artsper\/","og_site_name":"Artistes \u00e0 la Une, Togeth&#039;Her","article_modified_time":"2021-06-03T18:35:19+00:00","og_image":[{"url":"https:\/\/togeth-her.com\/wp-content\/uploads\/elementor\/thumbs\/Logo_Artsper_Black_HD-e1622545827840-p80u21uhvvzj4ljkiroujta33c8svmqeawwnhhkjjo.png"}],"twitter_card":"summary_large_image","twitter_misc":{"Est. reading time":"2 minutes"},"schema":{"@context":"https:\/\/schema.org","@graph":[{"@type":"WebSite","@id":"https:\/\/togeth-her.com\/#website","url":"https:\/\/togeth-her.com\/","name":"Artistes \u00e0 la Une, Togeth&#039;Her","description":"Ensemble pour la libert\u00e9 et l&#039;\u00e9mancipation des femmes","potentialAction":[{"@type":"SearchAction","target":{"@type":"EntryPoint","urlTemplate":"https:\/\/togeth-her.com\/?s={search_term_string}"},"query-input":"required name=search_term_string"}],"inLanguage":"en-US"},{"@type":"WebPage","@id":"https:\/\/togeth-her.com\/en\/artsper\/","url":"https:\/\/togeth-her.com\/en\/artsper\/","name":"Artsper - Artistes \u00e0 la Une, Togeth&#039;Her","isPartOf":{"@id":"https:\/\/togeth-her.com\/#website"},"datePublished":"2021-06-03T15:40:03+00:00","dateModified":"2021-06-03T18:35:19+00:00","breadcrumb":{"@id":"https:\/\/togeth-her.com\/en\/artsper\/#breadcrumb"},"inLanguage":"en-US","potentialAction":[{"@type":"ReadAction","target":["https:\/\/togeth-her.com\/en\/artsper\/"]}]},{"@type":"BreadcrumbList","@id":"https:\/\/togeth-her.com\/en\/artsper\/#breadcrumb","itemListElement":[{"@type":"ListItem","position":1,"name":"Accueil","item":"https:\/\/togeth-her.com\/"},{"@type":"ListItem","position":2,"name":"Artsper"}]}]}},"_links":{"self":[{"href":"https:\/\/togeth-her.com\/en\/wp-json\/wp\/v2\/pages\/7063"}],"collection":[{"href":"https:\/\/togeth-her.com\/en\/wp-json\/wp\/v2\/pages"}],"about":[{"href":"https:\/\/togeth-her.com\/en\/wp-json\/wp\/v2\/types\/page"}],"author":[{"embeddable":true,"href":"https:\/\/togeth-her.com\/en\/wp-json\/wp\/v2\/users\/3"}],"replies":[{"embeddable":true,"href":"https:\/\/togeth-her.com\/en\/wp-json\/wp\/v2\/comments?post=7063"}],"version-history":[{"count":8,"href":"https:\/\/togeth-her.com\/en\/wp-json\/wp\/v2\/pages\/7063\/revisions"}],"predecessor-version":[{"id":7076,"href":"https:\/\/togeth-her.com\/en\/wp-json\/wp\/v2\/pages\/7063\/revisions\/7076"}],"wp:attachment":[{"href":"https:\/\/togeth-her.com\/en\/wp-json\/wp\/v2\/media?parent=7063"}],"curies":[{"name":"wp","href":"https:\/\/api.w.org\/{rel}","templated":true}]}}